{"id":9477,"date":"2016-10-12T10:21:35","date_gmt":"2016-10-12T11:21:35","guid":{"rendered":"https:\/\/www.holtsauto.com\/fr\/?post_type=product&#038;p=155"},"modified":"2025-02-12T08:08:04","modified_gmt":"2025-02-12T08:08:04","slug":"polish-micro-rayures","status":"publish","type":"product","link":"https:\/\/www.holtsauto.com\/fr\/produits\/nettoyage-exterieur\/polish-micro-rayures\/","title":{"rendered":"Polish Rayures Diamant"},"content":{"rendered":"<p><span style=\"font-weight: 400;\">Holts Polish Rayures Diamant &#8211; votre cl\u00e9 pour r\u00e9v\u00e9ler le v\u00e9ritable \u00e9clat de la peinture de votre v\u00e9hicule.<\/span><\/p>\n<p><span style=\"font-weight: 400;\">Offrant une protection longue dur\u00e9e et une brillance in\u00e9gal\u00e9e, notre cire et vernis diamant traite les imperfections mineures et cr\u00e9e une surface lisse et brillante qui brille au soleil.<\/span><\/p>\n<p><span style=\"font-weight: 400;\">Avec une durabilit\u00e9 durable et des propri\u00e9t\u00e9s hydrofuges exceptionnelles, notre traitement Diamond Wax and Polish garantit que votre v\u00e9hicule reste prot\u00e9g\u00e9 contre la pluie, les rayons UV, la salet\u00e9 de la route et les contaminants environnementaux.<\/span><\/p>\n<p><span style=\"font-weight: 400;\">Profitez d&rsquo;une tranquillit\u00e9 d&rsquo;esprit en sachant que votre peinture est prot\u00e9g\u00e9e des \u00e9l\u00e9ments, tout en pr\u00e9sentant un \u00e9clat \u00e9poustouflant qui fait tourner les t\u00eates.<\/span><\/p>\n","protected":false},"excerpt":{"rendered":"<p><span style=\"font-weight: 400;\">Notre Polish Rayures Diamant a \u00e9t\u00e9 sp\u00e9cialement con\u00e7u afin de supprimer les d\u00e9fauts\u00a0 sur votre carrosserie pour obtenir une finition parfaite.<\/span><\/p>\n<ul>\n<li><span style=\"font-weight: 400;\">Supprime les micro-rayures et les hologrammes<\/span><\/li>\n<li><span style=\"font-weight: 400;\"> A base de cire de Carnauba naturelle<\/span><\/li>\n<li><span style=\"font-weight: 400;\"> Tous types de peintures<\/span><\/li>\n<li><span style=\"font-weight: 400;\"> Finition haute brillance<\/span><\/li>\n<\/ul>\n","protected":false},"featured_media":11222,"comment_status":"closed","ping_status":"closed","template":"","meta":{"_acf_changed":false,"inline_featured_image":false},"product_brand":[],"product_cat":[307],"product_tag":[],"class_list":{"0":"post-9477","1":"product","2":"type-product","3":"status-publish","4":"has-post-thumbnail","6":"product_cat-nettoyage-exterieur","8":"first","9":"instock","10":"shipping-taxable","11":"purchasable","12":"product-type-simple"},"acf":[],"yoast_head":"<!-- This site is optimized with the Yoast SEO plugin v27.4 - https:\/\/yoast.com\/product\/yoast-seo-wordpress\/ -->\n<title>Effaces Polish Micro Rayures | Produits | Holts FR<\/title>\n<meta name=\"description\" content=\"Holts Polish Micro Rayures est un soin polissant de qualit\u00e9 professionnelle qui \u00e9limine les rayures et l&#039;oxydation pour une finition nette.\" \/>\n<meta name=\"robots\" content=\"index, follow, max-snippet:-1, max-image-preview:large, max-video-preview:-1\" \/>\n<link rel=\"canonical\" href=\"https:\/\/www.holtsauto.com\/fr\/produits\/nettoyage-exterieur\/polish-micro-rayures\/\" \/>\n<meta property=\"og:locale\" content=\"fr_FR\" \/>\n<meta property=\"og:type\" content=\"article\" \/>\n<meta property=\"og:title\" content=\"Effaces Polish Micro Rayures | Produits | Holts FR\" \/>\n<meta property=\"og:description\" content=\"Holts Polish Micro Rayures est un soin polissant de qualit\u00e9 professionnelle qui \u00e9limine les rayures et l&#039;oxydation pour une finition nette.\" \/>\n<meta property=\"og:url\" content=\"https:\/\/www.holtsauto.com\/fr\/produits\/nettoyage-exterieur\/polish-micro-rayures\/\" \/>\n<meta property=\"og:site_name\" content=\"Holts Auto Site\" \/>\n<meta property=\"article:modified_time\" content=\"2025-02-12T08:08:04+00:00\" \/>\n<meta property=\"og:image\" content=\"https:\/\/www.holtsauto.com\/wp-content\/uploads\/2016\/10\/rayures-diamant.png\" \/>\n\t<meta property=\"og:image:width\" content=\"2000\" \/>\n\t<meta property=\"og:image:height\" content=\"2000\" \/>\n\t<meta property=\"og:image:type\" content=\"image\/png\" \/>\n<meta name=\"twitter:card\" content=\"summary_large_image\" \/>\n<meta name=\"twitter:label1\" content=\"Dur\u00e9e de lecture estim\u00e9e\" \/>\n\t<meta name=\"twitter:data1\" content=\"1 minute\" \/>\n<script type=\"application\/ld+json\" class=\"yoast-schema-graph\">{\"@context\":\"https:\\\/\\\/schema.org\",\"@graph\":[{\"@type\":\"WebPage\",\"@id\":\"https:\\\/\\\/www.holtsauto.com\\\/fr\\\/produits\\\/nettoyage-exterieur\\\/polish-micro-rayures\\\/\",\"url\":\"https:\\\/\\\/www.holtsauto.com\\\/fr\\\/produits\\\/nettoyage-exterieur\\\/polish-micro-rayures\\\/\",\"name\":\"Effaces Polish Micro Rayures | Produits | Holts FR\",\"isPartOf\":{\"@id\":\"https:\\\/\\\/www.holtsauto.com\\\/fr\\\/#website\"},\"primaryImageOfPage\":{\"@id\":\"https:\\\/\\\/www.holtsauto.com\\\/fr\\\/produits\\\/nettoyage-exterieur\\\/polish-micro-rayures\\\/#primaryimage\"},\"image\":{\"@id\":\"https:\\\/\\\/www.holtsauto.com\\\/fr\\\/produits\\\/nettoyage-exterieur\\\/polish-micro-rayures\\\/#primaryimage\"},\"thumbnailUrl\":\"https:\\\/\\\/www.holtsauto.com\\\/wp-content\\\/uploads\\\/2016\\\/10\\\/rayures-diamant.png\",\"datePublished\":\"2016-10-12T11:21:35+00:00\",\"dateModified\":\"2025-02-12T08:08:04+00:00\",\"description\":\"Holts Polish Micro Rayures est un soin polissant de qualit\u00e9 professionnelle qui \u00e9limine les rayures et l'oxydation pour une finition nette.\",\"breadcrumb\":{\"@id\":\"https:\\\/\\\/www.holtsauto.com\\\/fr\\\/produits\\\/nettoyage-exterieur\\\/polish-micro-rayures\\\/#breadcrumb\"},\"inLanguage\":\"fr-FR\",\"potentialAction\":[{\"@type\":\"ReadAction\",\"target\":[\"https:\\\/\\\/www.holtsauto.com\\\/fr\\\/produits\\\/nettoyage-exterieur\\\/polish-micro-rayures\\\/\"]}]},{\"@type\":\"ImageObject\",\"inLanguage\":\"fr-FR\",\"@id\":\"https:\\\/\\\/www.holtsauto.com\\\/fr\\\/produits\\\/nettoyage-exterieur\\\/polish-micro-rayures\\\/#primaryimage\",\"url\":\"https:\\\/\\\/www.holtsauto.com\\\/wp-content\\\/uploads\\\/2016\\\/10\\\/rayures-diamant.png\",\"contentUrl\":\"https:\\\/\\\/www.holtsauto.com\\\/wp-content\\\/uploads\\\/2016\\\/10\\\/rayures-diamant.png\",\"width\":2000,\"height\":2000,\"caption\":\"Polish rayures diamant france holts\"},{\"@type\":\"BreadcrumbList\",\"@id\":\"https:\\\/\\\/www.holtsauto.com\\\/fr\\\/produits\\\/nettoyage-exterieur\\\/polish-micro-rayures\\\/#breadcrumb\",\"itemListElement\":[{\"@type\":\"ListItem\",\"position\":1,\"name\":\"Home\",\"item\":\"https:\\\/\\\/www.holtsauto.com\\\/fr\\\/\"},{\"@type\":\"ListItem\",\"position\":2,\"name\":\"Produits\",\"item\":\"https:\\\/\\\/www.holtsauto.com\\\/fr\\\/produits\\\/\"},{\"@type\":\"ListItem\",\"position\":3,\"name\":\"Polish Rayures Diamant\"}]},{\"@type\":\"WebSite\",\"@id\":\"https:\\\/\\\/www.holtsauto.com\\\/fr\\\/#website\",\"url\":\"https:\\\/\\\/www.holtsauto.com\\\/fr\\\/\",\"name\":\"Holts Auto\",\"description\":\"\",\"potentialAction\":[{\"@type\":\"SearchAction\",\"target\":{\"@type\":\"EntryPoint\",\"urlTemplate\":\"https:\\\/\\\/www.holtsauto.com\\\/fr\\\/?s={search_term_string}\"},\"query-input\":{\"@type\":\"PropertyValueSpecification\",\"valueRequired\":true,\"valueName\":\"search_term_string\"}}],\"inLanguage\":\"fr-FR\"}]}<\/script>\n<!-- \/ Yoast SEO plugin. -->","yoast_head_json":{"title":"Effaces Polish Micro Rayures | Produits | Holts FR","description":"Holts Polish Micro Rayures est un soin polissant de qualit\u00e9 professionnelle qui \u00e9limine les rayures et l'oxydation pour une finition nette.","robots":{"index":"index","follow":"follow","max-snippet":"max-snippet:-1","max-image-preview":"max-image-preview:large","max-video-preview":"max-video-preview:-1"},"canonical":"https:\/\/www.holtsauto.com\/fr\/produits\/nettoyage-exterieur\/polish-micro-rayures\/","og_locale":"fr_FR","og_type":"article","og_title":"Effaces Polish Micro Rayures | Produits | Holts FR","og_description":"Holts Polish Micro Rayures est un soin polissant de qualit\u00e9 professionnelle qui \u00e9limine les rayures et l'oxydation pour une finition nette.","og_url":"https:\/\/www.holtsauto.com\/fr\/produits\/nettoyage-exterieur\/polish-micro-rayures\/","og_site_name":"Holts Auto Site","article_modified_time":"2025-02-12T08:08:04+00:00","og_image":[{"width":2000,"height":2000,"url":"https:\/\/www.holtsauto.com\/wp-content\/uploads\/2016\/10\/rayures-diamant.png","type":"image\/png"}],"twitter_card":"summary_large_image","twitter_misc":{"Dur\u00e9e de lecture estim\u00e9e":"1 minute"},"schema":{"@context":"https:\/\/schema.org","@graph":[{"@type":"WebPage","@id":"https:\/\/www.holtsauto.com\/fr\/produits\/nettoyage-exterieur\/polish-micro-rayures\/","url":"https:\/\/www.holtsauto.com\/fr\/produits\/nettoyage-exterieur\/polish-micro-rayures\/","name":"Effaces Polish Micro Rayures | Produits | Holts FR","isPartOf":{"@id":"https:\/\/www.holtsauto.com\/fr\/#website"},"primaryImageOfPage":{"@id":"https:\/\/www.holtsauto.com\/fr\/produits\/nettoyage-exterieur\/polish-micro-rayures\/#primaryimage"},"image":{"@id":"https:\/\/www.holtsauto.com\/fr\/produits\/nettoyage-exterieur\/polish-micro-rayures\/#primaryimage"},"thumbnailUrl":"https:\/\/www.holtsauto.com\/wp-content\/uploads\/2016\/10\/rayures-diamant.png","datePublished":"2016-10-12T11:21:35+00:00","dateModified":"2025-02-12T08:08:04+00:00","description":"Holts Polish Micro Rayures est un soin polissant de qualit\u00e9 professionnelle qui \u00e9limine les rayures et l'oxydation pour une finition nette.","breadcrumb":{"@id":"https:\/\/www.holtsauto.com\/fr\/produits\/nettoyage-exterieur\/polish-micro-rayures\/#breadcrumb"},"inLanguage":"fr-FR","potentialAction":[{"@type":"ReadAction","target":["https:\/\/www.holtsauto.com\/fr\/produits\/nettoyage-exterieur\/polish-micro-rayures\/"]}]},{"@type":"ImageObject","inLanguage":"fr-FR","@id":"https:\/\/www.holtsauto.com\/fr\/produits\/nettoyage-exterieur\/polish-micro-rayures\/#primaryimage","url":"https:\/\/www.holtsauto.com\/wp-content\/uploads\/2016\/10\/rayures-diamant.png","contentUrl":"https:\/\/www.holtsauto.com\/wp-content\/uploads\/2016\/10\/rayures-diamant.png","width":2000,"height":2000,"caption":"Polish rayures diamant france holts"},{"@type":"BreadcrumbList","@id":"https:\/\/www.holtsauto.com\/fr\/produits\/nettoyage-exterieur\/polish-micro-rayures\/#breadcrumb","itemListElement":[{"@type":"ListItem","position":1,"name":"Home","item":"https:\/\/www.holtsauto.com\/fr\/"},{"@type":"ListItem","position":2,"name":"Produits","item":"https:\/\/www.holtsauto.com\/fr\/produits\/"},{"@type":"ListItem","position":3,"name":"Polish Rayures Diamant"}]},{"@type":"WebSite","@id":"https:\/\/www.holtsauto.com\/fr\/#website","url":"https:\/\/www.holtsauto.com\/fr\/","name":"Holts Auto","description":"","potentialAction":[{"@type":"SearchAction","target":{"@type":"EntryPoint","urlTemplate":"https:\/\/www.holtsauto.com\/fr\/?s={search_term_string}"},"query-input":{"@type":"PropertyValueSpecification","valueRequired":true,"valueName":"search_term_string"}}],"inLanguage":"fr-FR"}]}},"_links":{"self":[{"href":"https:\/\/www.holtsauto.com\/fr\/wp-json\/wp\/v2\/product\/9477","targetHints":{"allow":["GET"]}}],"collection":[{"href":"https:\/\/www.holtsauto.com\/fr\/wp-json\/wp\/v2\/product"}],"about":[{"href":"https:\/\/www.holtsauto.com\/fr\/wp-json\/wp\/v2\/types\/product"}],"replies":[{"embeddable":true,"href":"https:\/\/www.holtsauto.com\/fr\/wp-json\/wp\/v2\/comments?post=9477"}],"wp:featuredmedia":[{"embeddable":true,"href":"https:\/\/www.holtsauto.com\/fr\/wp-json\/wp\/v2\/media\/11222"}],"wp:attachment":[{"href":"https:\/\/www.holtsauto.com\/fr\/wp-json\/wp\/v2\/media?parent=9477"}],"wp:term":[{"taxonomy":"product_brand","embeddable":true,"href":"https:\/\/www.holtsauto.com\/fr\/wp-json\/wp\/v2\/product_brand?post=9477"},{"taxonomy":"product_cat","embeddable":true,"href":"https:\/\/www.holtsauto.com\/fr\/wp-json\/wp\/v2\/product_cat?post=9477"},{"taxonomy":"product_tag","embeddable":true,"href":"https:\/\/www.holtsauto.com\/fr\/wp-json\/wp\/v2\/product_tag?post=9477"}],"curies":[{"name":"wp","href":"https:\/\/api.w.org\/{rel}","templated":true}]}}