{"id":9478,"date":"2016-10-12T10:21:21","date_gmt":"2016-10-12T08:21:21","guid":{"rendered":"https:\/\/www.holtsauto.com\/fr\/?post_type=product&#038;p=156"},"modified":"2025-02-10T17:26:39","modified_gmt":"2025-02-10T17:26:39","slug":"effaces-micro-rayures-teintes","status":"publish","type":"product","link":"https:\/\/www.holtsauto.com\/fr\/produits\/nettoyage-exterieur\/effaces-micro-rayures-teintes\/","title":{"rendered":"Effaces Micro-Rayures"},"content":{"rendered":"<p><span style=\"font-weight: 400;\">L\u2019Efface Micro-rayures teint\u00e9 b\u00e9n\u00e9ficie d\u2019une formule haute performance sp\u00e9cialement con\u00e7ue pour \u00e9liminer les micro-rayures et l\u2019oxydation. Rapide et facile \u00e0 utiliser, c\u2019est le produit id\u00e9al pour des petites retouches ainsi que des r\u00e9novations compl\u00e8tes.<\/span><\/p>\n<ul>\n<li><span style=\"font-weight: 400;\"> Supprime les micro-rayures et les \u00e9raflures<\/span><\/li>\n<li><span style=\"font-weight: 400;\"> Rapide et facile<\/span><\/li>\n<li><span style=\"font-weight: 400;\"> Tous types de peintures<\/span><\/li>\n<\/ul>\n<p><span style=\"font-weight: 400;\">Chez Holts, nous b\u00e9n\u00e9ficions de plusieurs d\u00e9cennies d\u2019exp\u00e9rience en mati\u00e8re d\u2019entretien de voiture. Notre \u00e9quipe d\u2019experts a d\u00e9velopp\u00e9 ces produits pour vous donner une solution professionnelle de haute performance pour entretenir la carrosserie de votre voiture. Les Efface Micro-Rayures teint\u00e9s\u00a0 suppriment les d\u00e9fauts afin de cr\u00e9er une surface lisse qui ensuite peut \u00eatre cir\u00e9e ou trait\u00e9e selon les besoins.<\/span><\/p>\n<p>La\u00a0 formule\u00a0 des l\u2019Efface Micro-Rayures \u00a0se d\u00e9cline en 3 teintes, en :<\/p>\n<ul>\n<li>Gris<\/li>\n<li>Noir<\/li>\n<li>Tous coloris<\/li>\n<\/ul>\n","protected":false},"excerpt":{"rendered":"<p><span style=\"font-weight: 400;\">Redonnez de l\u2019\u00e9clat \u00e0 l\u2019ext\u00e9rieur de votre voiture avec les Efface Micro-Rayures teint\u00e9s de Holts.<\/span><\/p>\n<ul>\n<li>Rapide et facile<\/li>\n<li>Tous coloris, gris, noirs<\/li>\n<li>Tous types de peintures<\/li>\n<\/ul>\n<p>&nbsp;<\/p>\n","protected":false},"featured_media":11333,"comment_status":"closed","ping_status":"closed","template":"","meta":{"_acf_changed":false,"inline_featured_image":false},"product_brand":[],"product_cat":[307],"product_tag":[],"class_list":{"0":"post-9478","1":"product","2":"type-product","3":"status-publish","4":"has-post-thumbnail","6":"product_cat-nettoyage-exterieur","8":"first","9":"instock","10":"shipping-taxable","11":"purchasable","12":"product-type-variable"},"acf":[],"yoast_head":"<!-- This site is optimized with the Yoast SEO plugin v27.3 - https:\/\/yoast.com\/product\/yoast-seo-wordpress\/ -->\n<title>Effaces Micro Rayures | Produits | Holts FR<\/title>\n<meta name=\"description\" content=\"Pour une utilisation sur tous ext\u00e9rieurs de voiture, la nouvelle formule am\u00e9lior\u00e9e de Effaces Micro Rayures Teintes \u00e9limine les rayures et l&#039;oxydation pour une finition nette.\" \/>\n<meta name=\"robots\" content=\"index, follow, max-snippet:-1, max-image-preview:large, max-video-preview:-1\" \/>\n<link rel=\"canonical\" href=\"https:\/\/www.holtsauto.com\/fr\/produits\/nettoyage-exterieur\/effaces-micro-rayures-teintes\/\" \/>\n<meta property=\"og:locale\" content=\"fr_FR\" \/>\n<meta property=\"og:type\" content=\"article\" \/>\n<meta property=\"og:title\" content=\"Effaces Micro Rayures | Produits | Holts FR\" \/>\n<meta property=\"og:description\" content=\"Pour une utilisation sur tous ext\u00e9rieurs de voiture, la nouvelle formule am\u00e9lior\u00e9e de Effaces Micro Rayures Teintes \u00e9limine les rayures et l&#039;oxydation pour une finition nette.\" \/>\n<meta property=\"og:url\" content=\"https:\/\/www.holtsauto.com\/fr\/produits\/nettoyage-exterieur\/effaces-micro-rayures-teintes\/\" \/>\n<meta property=\"og:site_name\" content=\"Holts Auto Site\" \/>\n<meta property=\"article:modified_time\" content=\"2025-02-10T17:26:39+00:00\" \/>\n<meta property=\"og:image\" content=\"https:\/\/www.holtsauto.com\/wp-content\/uploads\/2016\/10\/efface-micro-rayures-toutes-coloris.png\" \/>\n\t<meta property=\"og:image:width\" content=\"2000\" \/>\n\t<meta property=\"og:image:height\" content=\"2000\" \/>\n\t<meta property=\"og:image:type\" content=\"image\/png\" \/>\n<meta name=\"twitter:card\" content=\"summary_large_image\" \/>\n<meta name=\"twitter:label1\" content=\"Dur\u00e9e de lecture estim\u00e9e\" \/>\n\t<meta name=\"twitter:data1\" content=\"1 minute\" \/>\n<script type=\"application\/ld+json\" class=\"yoast-schema-graph\">{\"@context\":\"https:\\\/\\\/schema.org\",\"@graph\":[{\"@type\":\"WebPage\",\"@id\":\"https:\\\/\\\/www.holtsauto.com\\\/fr\\\/produits\\\/nettoyage-exterieur\\\/effaces-micro-rayures-teintes\\\/\",\"url\":\"https:\\\/\\\/www.holtsauto.com\\\/fr\\\/produits\\\/nettoyage-exterieur\\\/effaces-micro-rayures-teintes\\\/\",\"name\":\"Effaces Micro Rayures | Produits | Holts FR\",\"isPartOf\":{\"@id\":\"https:\\\/\\\/www.holtsauto.com\\\/fr\\\/#website\"},\"primaryImageOfPage\":{\"@id\":\"https:\\\/\\\/www.holtsauto.com\\\/fr\\\/produits\\\/nettoyage-exterieur\\\/effaces-micro-rayures-teintes\\\/#primaryimage\"},\"image\":{\"@id\":\"https:\\\/\\\/www.holtsauto.com\\\/fr\\\/produits\\\/nettoyage-exterieur\\\/effaces-micro-rayures-teintes\\\/#primaryimage\"},\"thumbnailUrl\":\"https:\\\/\\\/www.holtsauto.com\\\/wp-content\\\/uploads\\\/2016\\\/10\\\/efface-micro-rayures-toutes-coloris.png\",\"datePublished\":\"2016-10-12T08:21:21+00:00\",\"dateModified\":\"2025-02-10T17:26:39+00:00\",\"description\":\"Pour une utilisation sur tous ext\u00e9rieurs de voiture, la nouvelle formule am\u00e9lior\u00e9e de Effaces Micro Rayures Teintes \u00e9limine les rayures et l'oxydation pour une finition nette.\",\"breadcrumb\":{\"@id\":\"https:\\\/\\\/www.holtsauto.com\\\/fr\\\/produits\\\/nettoyage-exterieur\\\/effaces-micro-rayures-teintes\\\/#breadcrumb\"},\"inLanguage\":\"fr-FR\",\"potentialAction\":[{\"@type\":\"ReadAction\",\"target\":[\"https:\\\/\\\/www.holtsauto.com\\\/fr\\\/produits\\\/nettoyage-exterieur\\\/effaces-micro-rayures-teintes\\\/\"]}]},{\"@type\":\"ImageObject\",\"inLanguage\":\"fr-FR\",\"@id\":\"https:\\\/\\\/www.holtsauto.com\\\/fr\\\/produits\\\/nettoyage-exterieur\\\/effaces-micro-rayures-teintes\\\/#primaryimage\",\"url\":\"https:\\\/\\\/www.holtsauto.com\\\/wp-content\\\/uploads\\\/2016\\\/10\\\/efface-micro-rayures-toutes-coloris.png\",\"contentUrl\":\"https:\\\/\\\/www.holtsauto.com\\\/wp-content\\\/uploads\\\/2016\\\/10\\\/efface-micro-rayures-toutes-coloris.png\",\"width\":2000,\"height\":2000,\"caption\":\"efface-micro-rayures-toutes-coloris main france\"},{\"@type\":\"BreadcrumbList\",\"@id\":\"https:\\\/\\\/www.holtsauto.com\\\/fr\\\/produits\\\/nettoyage-exterieur\\\/effaces-micro-rayures-teintes\\\/#breadcrumb\",\"itemListElement\":[{\"@type\":\"ListItem\",\"position\":1,\"name\":\"Home\",\"item\":\"https:\\\/\\\/www.holtsauto.com\\\/fr\\\/\"},{\"@type\":\"ListItem\",\"position\":2,\"name\":\"Produits\",\"item\":\"https:\\\/\\\/www.holtsauto.com\\\/fr\\\/produits\\\/\"},{\"@type\":\"ListItem\",\"position\":3,\"name\":\"Effaces Micro-Rayures\"}]},{\"@type\":\"WebSite\",\"@id\":\"https:\\\/\\\/www.holtsauto.com\\\/fr\\\/#website\",\"url\":\"https:\\\/\\\/www.holtsauto.com\\\/fr\\\/\",\"name\":\"Holts Auto\",\"description\":\"\",\"potentialAction\":[{\"@type\":\"SearchAction\",\"target\":{\"@type\":\"EntryPoint\",\"urlTemplate\":\"https:\\\/\\\/www.holtsauto.com\\\/fr\\\/?s={search_term_string}\"},\"query-input\":{\"@type\":\"PropertyValueSpecification\",\"valueRequired\":true,\"valueName\":\"search_term_string\"}}],\"inLanguage\":\"fr-FR\"}]}<\/script>\n<!-- \/ Yoast SEO plugin. -->","yoast_head_json":{"title":"Effaces Micro Rayures | Produits | Holts FR","description":"Pour une utilisation sur tous ext\u00e9rieurs de voiture, la nouvelle formule am\u00e9lior\u00e9e de Effaces Micro Rayures Teintes \u00e9limine les rayures et l'oxydation pour une finition nette.","robots":{"index":"index","follow":"follow","max-snippet":"max-snippet:-1","max-image-preview":"max-image-preview:large","max-video-preview":"max-video-preview:-1"},"canonical":"https:\/\/www.holtsauto.com\/fr\/produits\/nettoyage-exterieur\/effaces-micro-rayures-teintes\/","og_locale":"fr_FR","og_type":"article","og_title":"Effaces Micro Rayures | Produits | Holts FR","og_description":"Pour une utilisation sur tous ext\u00e9rieurs de voiture, la nouvelle formule am\u00e9lior\u00e9e de Effaces Micro Rayures Teintes \u00e9limine les rayures et l'oxydation pour une finition nette.","og_url":"https:\/\/www.holtsauto.com\/fr\/produits\/nettoyage-exterieur\/effaces-micro-rayures-teintes\/","og_site_name":"Holts Auto Site","article_modified_time":"2025-02-10T17:26:39+00:00","og_image":[{"width":2000,"height":2000,"url":"https:\/\/www.holtsauto.com\/wp-content\/uploads\/2016\/10\/efface-micro-rayures-toutes-coloris.png","type":"image\/png"}],"twitter_card":"summary_large_image","twitter_misc":{"Dur\u00e9e de lecture estim\u00e9e":"1 minute"},"schema":{"@context":"https:\/\/schema.org","@graph":[{"@type":"WebPage","@id":"https:\/\/www.holtsauto.com\/fr\/produits\/nettoyage-exterieur\/effaces-micro-rayures-teintes\/","url":"https:\/\/www.holtsauto.com\/fr\/produits\/nettoyage-exterieur\/effaces-micro-rayures-teintes\/","name":"Effaces Micro Rayures | Produits | Holts FR","isPartOf":{"@id":"https:\/\/www.holtsauto.com\/fr\/#website"},"primaryImageOfPage":{"@id":"https:\/\/www.holtsauto.com\/fr\/produits\/nettoyage-exterieur\/effaces-micro-rayures-teintes\/#primaryimage"},"image":{"@id":"https:\/\/www.holtsauto.com\/fr\/produits\/nettoyage-exterieur\/effaces-micro-rayures-teintes\/#primaryimage"},"thumbnailUrl":"https:\/\/www.holtsauto.com\/wp-content\/uploads\/2016\/10\/efface-micro-rayures-toutes-coloris.png","datePublished":"2016-10-12T08:21:21+00:00","dateModified":"2025-02-10T17:26:39+00:00","description":"Pour une utilisation sur tous ext\u00e9rieurs de voiture, la nouvelle formule am\u00e9lior\u00e9e de Effaces Micro Rayures Teintes \u00e9limine les rayures et l'oxydation pour une finition nette.","breadcrumb":{"@id":"https:\/\/www.holtsauto.com\/fr\/produits\/nettoyage-exterieur\/effaces-micro-rayures-teintes\/#breadcrumb"},"inLanguage":"fr-FR","potentialAction":[{"@type":"ReadAction","target":["https:\/\/www.holtsauto.com\/fr\/produits\/nettoyage-exterieur\/effaces-micro-rayures-teintes\/"]}]},{"@type":"ImageObject","inLanguage":"fr-FR","@id":"https:\/\/www.holtsauto.com\/fr\/produits\/nettoyage-exterieur\/effaces-micro-rayures-teintes\/#primaryimage","url":"https:\/\/www.holtsauto.com\/wp-content\/uploads\/2016\/10\/efface-micro-rayures-toutes-coloris.png","contentUrl":"https:\/\/www.holtsauto.com\/wp-content\/uploads\/2016\/10\/efface-micro-rayures-toutes-coloris.png","width":2000,"height":2000,"caption":"efface-micro-rayures-toutes-coloris main france"},{"@type":"BreadcrumbList","@id":"https:\/\/www.holtsauto.com\/fr\/produits\/nettoyage-exterieur\/effaces-micro-rayures-teintes\/#breadcrumb","itemListElement":[{"@type":"ListItem","position":1,"name":"Home","item":"https:\/\/www.holtsauto.com\/fr\/"},{"@type":"ListItem","position":2,"name":"Produits","item":"https:\/\/www.holtsauto.com\/fr\/produits\/"},{"@type":"ListItem","position":3,"name":"Effaces Micro-Rayures"}]},{"@type":"WebSite","@id":"https:\/\/www.holtsauto.com\/fr\/#website","url":"https:\/\/www.holtsauto.com\/fr\/","name":"Holts Auto","description":"","potentialAction":[{"@type":"SearchAction","target":{"@type":"EntryPoint","urlTemplate":"https:\/\/www.holtsauto.com\/fr\/?s={search_term_string}"},"query-input":{"@type":"PropertyValueSpecification","valueRequired":true,"valueName":"search_term_string"}}],"inLanguage":"fr-FR"}]}},"_links":{"self":[{"href":"https:\/\/www.holtsauto.com\/fr\/wp-json\/wp\/v2\/product\/9478","targetHints":{"allow":["GET"]}}],"collection":[{"href":"https:\/\/www.holtsauto.com\/fr\/wp-json\/wp\/v2\/product"}],"about":[{"href":"https:\/\/www.holtsauto.com\/fr\/wp-json\/wp\/v2\/types\/product"}],"replies":[{"embeddable":true,"href":"https:\/\/www.holtsauto.com\/fr\/wp-json\/wp\/v2\/comments?post=9478"}],"wp:featuredmedia":[{"embeddable":true,"href":"https:\/\/www.holtsauto.com\/fr\/wp-json\/wp\/v2\/media\/11333"}],"wp:attachment":[{"href":"https:\/\/www.holtsauto.com\/fr\/wp-json\/wp\/v2\/media?parent=9478"}],"wp:term":[{"taxonomy":"product_brand","embeddable":true,"href":"https:\/\/www.holtsauto.com\/fr\/wp-json\/wp\/v2\/product_brand?post=9478"},{"taxonomy":"product_cat","embeddable":true,"href":"https:\/\/www.holtsauto.com\/fr\/wp-json\/wp\/v2\/product_cat?post=9478"},{"taxonomy":"product_tag","embeddable":true,"href":"https:\/\/www.holtsauto.com\/fr\/wp-json\/wp\/v2\/product_tag?post=9478"}],"curies":[{"name":"wp","href":"https:\/\/api.w.org\/{rel}","templated":true}]}}