{"id":9479,"date":"2015-10-26T15:05:45","date_gmt":"2015-10-26T15:05:45","guid":{"rendered":"https:\/\/www.holtsauto.com\/fr\/?post_type=product&#038;p=174"},"modified":"2025-02-12T08:25:43","modified_gmt":"2025-02-12T08:25:43","slug":"soudure-bloc-moteur","status":"publish","type":"product","link":"https:\/\/www.holtsauto.com\/fr\/produits\/reparation-maintenance\/soudure-bloc-moteur\/","title":{"rendered":"Soudure Bloc Moteur"},"content":{"rendered":"<p><span style=\"font-weight: 400;\">Une grosse fuite au niveau des joints de culasse ou dans le bloc moteur peut vraiment g\u00e2cher votre journ\u00e9e.<\/span><\/p>\n<p><span style=\"font-weight: 400;\">Et si vous n\u2019arrivez pas \u00e0 r\u00e9soudre le probl\u00e8me, la r\u00e9paration sera certainement tr\u00e8s co\u00fbteuse. Et pendant ce temps-l\u00e0 votre voiture sera immobilis\u00e9e au garage.<\/span><\/p>\n<p><span style=\"font-weight: 400;\">Heureusement, il existe une solution pour colmater les fissures qui apparaissent dans les culasses ou dans le bloc moteur, qui n\u00e9cessite ni d\u00e9montage ni r\u00e9paration co\u00fbteuse.<\/span><\/p>\n<p><span style=\"font-weight: 400;\">Il suffit de verser simplement le Soudure Bloc Moteur Holts dans le syst\u00e8me de refroidissement pour colmater les fuites en toute s\u00e9curit\u00e9 et\u00a0 de mani\u00e8re permanente. La Soudure Bloc Moteur Holts est un produit de r\u00e9paration de haute performance,\u00a0 qui vous permet d\u2019effectuer vous-m\u00eame la r\u00e9paration chez vous.<\/span><\/p>\n","protected":false},"excerpt":{"rendered":"<p><span style=\"font-weight: 400;\">Holts Soudure Bloc Moteur est un produit de r\u00e9paration performant, qui vous permet d&rsquo;effectuer vous-m\u00eame les r\u00e9parations du bloc moteur.<\/span><\/p>\n<ul>\n<li>R\u00e9pare les fissures du bloc moteur et les joints de culasse<\/li>\n<li>Aucun effet d\u2019encrassage n\u00e9faste<\/li>\n<li>Convient au moteurs en acier, aluminium et fonte<\/li>\n<\/ul>\n<p>&nbsp;<\/p>\n","protected":false},"featured_media":13129,"comment_status":"closed","ping_status":"closed","template":"","meta":{"_acf_changed":false,"inline_featured_image":false},"product_brand":[],"product_cat":[310],"product_tag":[],"class_list":{"0":"post-9479","1":"product","2":"type-product","3":"status-publish","4":"has-post-thumbnail","6":"product_cat-reparation-maintenance","8":"first","9":"instock","10":"shipping-taxable","11":"purchasable","12":"product-type-simple"},"acf":[],"yoast_head":"<!-- This site is optimized with the Yoast SEO plugin v27.3 - https:\/\/yoast.com\/product\/yoast-seo-wordpress\/ -->\n<title>Holts Soudure Bloc Moteur | Produits | Holts FR<\/title>\n<meta name=\"description\" content=\"Holts Soudure Bloc Moteur est un produit de r\u00e9paration industriel pour vos joints de culage et blocs moteurs, vous permettant des r\u00e9parations chez vous \u00e0 peu de frais.\" \/>\n<meta name=\"robots\" content=\"index, follow, max-snippet:-1, max-image-preview:large, max-video-preview:-1\" \/>\n<link rel=\"canonical\" href=\"https:\/\/www.holtsauto.com\/fr\/produits\/reparation-maintenance\/soudure-bloc-moteur\/\" \/>\n<meta property=\"og:locale\" content=\"fr_FR\" \/>\n<meta property=\"og:type\" content=\"article\" \/>\n<meta property=\"og:title\" content=\"Holts Soudure Bloc Moteur | Produits | Holts FR\" \/>\n<meta property=\"og:description\" content=\"Holts Soudure Bloc Moteur est un produit de r\u00e9paration industriel pour vos joints de culage et blocs moteurs, vous permettant des r\u00e9parations chez vous \u00e0 peu de frais.\" \/>\n<meta property=\"og:url\" content=\"https:\/\/www.holtsauto.com\/fr\/produits\/reparation-maintenance\/soudure-bloc-moteur\/\" \/>\n<meta property=\"og:site_name\" content=\"Holts Auto Site\" \/>\n<meta property=\"article:modified_time\" content=\"2025-02-12T08:25:43+00:00\" \/>\n<meta property=\"og:image\" content=\"https:\/\/www.holtsauto.com\/wp-content\/uploads\/2015\/10\/WW250EU_Wondarweld-250ml_FRDENL_WEB.png\" \/>\n\t<meta property=\"og:image:width\" content=\"2000\" \/>\n\t<meta property=\"og:image:height\" content=\"2000\" \/>\n\t<meta property=\"og:image:type\" content=\"image\/png\" \/>\n<meta name=\"twitter:card\" content=\"summary_large_image\" \/>\n<meta name=\"twitter:label1\" content=\"Dur\u00e9e de lecture estim\u00e9e\" \/>\n\t<meta name=\"twitter:data1\" content=\"1 minute\" \/>\n<script type=\"application\/ld+json\" class=\"yoast-schema-graph\">{\"@context\":\"https:\\\/\\\/schema.org\",\"@graph\":[{\"@type\":\"WebPage\",\"@id\":\"https:\\\/\\\/www.holtsauto.com\\\/fr\\\/produits\\\/reparation-maintenance\\\/soudure-bloc-moteur\\\/\",\"url\":\"https:\\\/\\\/www.holtsauto.com\\\/fr\\\/produits\\\/reparation-maintenance\\\/soudure-bloc-moteur\\\/\",\"name\":\"Holts Soudure Bloc Moteur | Produits | Holts FR\",\"isPartOf\":{\"@id\":\"https:\\\/\\\/www.holtsauto.com\\\/fr\\\/#website\"},\"primaryImageOfPage\":{\"@id\":\"https:\\\/\\\/www.holtsauto.com\\\/fr\\\/produits\\\/reparation-maintenance\\\/soudure-bloc-moteur\\\/#primaryimage\"},\"image\":{\"@id\":\"https:\\\/\\\/www.holtsauto.com\\\/fr\\\/produits\\\/reparation-maintenance\\\/soudure-bloc-moteur\\\/#primaryimage\"},\"thumbnailUrl\":\"https:\\\/\\\/www.holtsauto.com\\\/wp-content\\\/uploads\\\/2015\\\/10\\\/WW250EU_Wondarweld-250ml_FRDENL_WEB.png\",\"datePublished\":\"2015-10-26T15:05:45+00:00\",\"dateModified\":\"2025-02-12T08:25:43+00:00\",\"description\":\"Holts Soudure Bloc Moteur est un produit de r\u00e9paration industriel pour vos joints de culage et blocs moteurs, vous permettant des r\u00e9parations chez vous \u00e0 peu de frais.\",\"breadcrumb\":{\"@id\":\"https:\\\/\\\/www.holtsauto.com\\\/fr\\\/produits\\\/reparation-maintenance\\\/soudure-bloc-moteur\\\/#breadcrumb\"},\"inLanguage\":\"fr-FR\",\"potentialAction\":[{\"@type\":\"ReadAction\",\"target\":[\"https:\\\/\\\/www.holtsauto.com\\\/fr\\\/produits\\\/reparation-maintenance\\\/soudure-bloc-moteur\\\/\"]}]},{\"@type\":\"ImageObject\",\"inLanguage\":\"fr-FR\",\"@id\":\"https:\\\/\\\/www.holtsauto.com\\\/fr\\\/produits\\\/reparation-maintenance\\\/soudure-bloc-moteur\\\/#primaryimage\",\"url\":\"https:\\\/\\\/www.holtsauto.com\\\/wp-content\\\/uploads\\\/2015\\\/10\\\/WW250EU_Wondarweld-250ml_FRDENL_WEB.png\",\"contentUrl\":\"https:\\\/\\\/www.holtsauto.com\\\/wp-content\\\/uploads\\\/2015\\\/10\\\/WW250EU_Wondarweld-250ml_FRDENL_WEB.png\",\"width\":2000,\"height\":2000},{\"@type\":\"BreadcrumbList\",\"@id\":\"https:\\\/\\\/www.holtsauto.com\\\/fr\\\/produits\\\/reparation-maintenance\\\/soudure-bloc-moteur\\\/#breadcrumb\",\"itemListElement\":[{\"@type\":\"ListItem\",\"position\":1,\"name\":\"Home\",\"item\":\"https:\\\/\\\/www.holtsauto.com\\\/fr\\\/\"},{\"@type\":\"ListItem\",\"position\":2,\"name\":\"Produits\",\"item\":\"https:\\\/\\\/www.holtsauto.com\\\/fr\\\/produits\\\/\"},{\"@type\":\"ListItem\",\"position\":3,\"name\":\"Soudure Bloc Moteur\"}]},{\"@type\":\"WebSite\",\"@id\":\"https:\\\/\\\/www.holtsauto.com\\\/fr\\\/#website\",\"url\":\"https:\\\/\\\/www.holtsauto.com\\\/fr\\\/\",\"name\":\"Holts Auto\",\"description\":\"\",\"potentialAction\":[{\"@type\":\"SearchAction\",\"target\":{\"@type\":\"EntryPoint\",\"urlTemplate\":\"https:\\\/\\\/www.holtsauto.com\\\/fr\\\/?s={search_term_string}\"},\"query-input\":{\"@type\":\"PropertyValueSpecification\",\"valueRequired\":true,\"valueName\":\"search_term_string\"}}],\"inLanguage\":\"fr-FR\"}]}<\/script>\n<!-- \/ Yoast SEO plugin. -->","yoast_head_json":{"title":"Holts Soudure Bloc Moteur | Produits | Holts FR","description":"Holts Soudure Bloc Moteur est un produit de r\u00e9paration industriel pour vos joints de culage et blocs moteurs, vous permettant des r\u00e9parations chez vous \u00e0 peu de frais.","robots":{"index":"index","follow":"follow","max-snippet":"max-snippet:-1","max-image-preview":"max-image-preview:large","max-video-preview":"max-video-preview:-1"},"canonical":"https:\/\/www.holtsauto.com\/fr\/produits\/reparation-maintenance\/soudure-bloc-moteur\/","og_locale":"fr_FR","og_type":"article","og_title":"Holts Soudure Bloc Moteur | Produits | Holts FR","og_description":"Holts Soudure Bloc Moteur est un produit de r\u00e9paration industriel pour vos joints de culage et blocs moteurs, vous permettant des r\u00e9parations chez vous \u00e0 peu de frais.","og_url":"https:\/\/www.holtsauto.com\/fr\/produits\/reparation-maintenance\/soudure-bloc-moteur\/","og_site_name":"Holts Auto Site","article_modified_time":"2025-02-12T08:25:43+00:00","og_image":[{"width":2000,"height":2000,"url":"https:\/\/www.holtsauto.com\/wp-content\/uploads\/2015\/10\/WW250EU_Wondarweld-250ml_FRDENL_WEB.png","type":"image\/png"}],"twitter_card":"summary_large_image","twitter_misc":{"Dur\u00e9e de lecture estim\u00e9e":"1 minute"},"schema":{"@context":"https:\/\/schema.org","@graph":[{"@type":"WebPage","@id":"https:\/\/www.holtsauto.com\/fr\/produits\/reparation-maintenance\/soudure-bloc-moteur\/","url":"https:\/\/www.holtsauto.com\/fr\/produits\/reparation-maintenance\/soudure-bloc-moteur\/","name":"Holts Soudure Bloc Moteur | Produits | Holts FR","isPartOf":{"@id":"https:\/\/www.holtsauto.com\/fr\/#website"},"primaryImageOfPage":{"@id":"https:\/\/www.holtsauto.com\/fr\/produits\/reparation-maintenance\/soudure-bloc-moteur\/#primaryimage"},"image":{"@id":"https:\/\/www.holtsauto.com\/fr\/produits\/reparation-maintenance\/soudure-bloc-moteur\/#primaryimage"},"thumbnailUrl":"https:\/\/www.holtsauto.com\/wp-content\/uploads\/2015\/10\/WW250EU_Wondarweld-250ml_FRDENL_WEB.png","datePublished":"2015-10-26T15:05:45+00:00","dateModified":"2025-02-12T08:25:43+00:00","description":"Holts Soudure Bloc Moteur est un produit de r\u00e9paration industriel pour vos joints de culage et blocs moteurs, vous permettant des r\u00e9parations chez vous \u00e0 peu de frais.","breadcrumb":{"@id":"https:\/\/www.holtsauto.com\/fr\/produits\/reparation-maintenance\/soudure-bloc-moteur\/#breadcrumb"},"inLanguage":"fr-FR","potentialAction":[{"@type":"ReadAction","target":["https:\/\/www.holtsauto.com\/fr\/produits\/reparation-maintenance\/soudure-bloc-moteur\/"]}]},{"@type":"ImageObject","inLanguage":"fr-FR","@id":"https:\/\/www.holtsauto.com\/fr\/produits\/reparation-maintenance\/soudure-bloc-moteur\/#primaryimage","url":"https:\/\/www.holtsauto.com\/wp-content\/uploads\/2015\/10\/WW250EU_Wondarweld-250ml_FRDENL_WEB.png","contentUrl":"https:\/\/www.holtsauto.com\/wp-content\/uploads\/2015\/10\/WW250EU_Wondarweld-250ml_FRDENL_WEB.png","width":2000,"height":2000},{"@type":"BreadcrumbList","@id":"https:\/\/www.holtsauto.com\/fr\/produits\/reparation-maintenance\/soudure-bloc-moteur\/#breadcrumb","itemListElement":[{"@type":"ListItem","position":1,"name":"Home","item":"https:\/\/www.holtsauto.com\/fr\/"},{"@type":"ListItem","position":2,"name":"Produits","item":"https:\/\/www.holtsauto.com\/fr\/produits\/"},{"@type":"ListItem","position":3,"name":"Soudure Bloc Moteur"}]},{"@type":"WebSite","@id":"https:\/\/www.holtsauto.com\/fr\/#website","url":"https:\/\/www.holtsauto.com\/fr\/","name":"Holts Auto","description":"","potentialAction":[{"@type":"SearchAction","target":{"@type":"EntryPoint","urlTemplate":"https:\/\/www.holtsauto.com\/fr\/?s={search_term_string}"},"query-input":{"@type":"PropertyValueSpecification","valueRequired":true,"valueName":"search_term_string"}}],"inLanguage":"fr-FR"}]}},"_links":{"self":[{"href":"https:\/\/www.holtsauto.com\/fr\/wp-json\/wp\/v2\/product\/9479","targetHints":{"allow":["GET"]}}],"collection":[{"href":"https:\/\/www.holtsauto.com\/fr\/wp-json\/wp\/v2\/product"}],"about":[{"href":"https:\/\/www.holtsauto.com\/fr\/wp-json\/wp\/v2\/types\/product"}],"replies":[{"embeddable":true,"href":"https:\/\/www.holtsauto.com\/fr\/wp-json\/wp\/v2\/comments?post=9479"}],"wp:featuredmedia":[{"embeddable":true,"href":"https:\/\/www.holtsauto.com\/fr\/wp-json\/wp\/v2\/media\/13129"}],"wp:attachment":[{"href":"https:\/\/www.holtsauto.com\/fr\/wp-json\/wp\/v2\/media?parent=9479"}],"wp:term":[{"taxonomy":"product_brand","embeddable":true,"href":"https:\/\/www.holtsauto.com\/fr\/wp-json\/wp\/v2\/product_brand?post=9479"},{"taxonomy":"product_cat","embeddable":true,"href":"https:\/\/www.holtsauto.com\/fr\/wp-json\/wp\/v2\/product_cat?post=9479"},{"taxonomy":"product_tag","embeddable":true,"href":"https:\/\/www.holtsauto.com\/fr\/wp-json\/wp\/v2\/product_tag?post=9479"}],"curies":[{"name":"wp","href":"https:\/\/api.w.org\/{rel}","templated":true}]}}