{"id":9480,"date":"2015-10-26T15:15:50","date_gmt":"2015-10-26T15:15:50","guid":{"rendered":"https:\/\/www.holtsauto.com\/fr\/?post_type=product&#038;p=175"},"modified":"2025-02-12T08:21:31","modified_gmt":"2025-02-12T08:21:31","slug":"bandage-gun-gum","status":"publish","type":"product","link":"https:\/\/www.holtsauto.com\/fr\/produits\/reparation-maintenance\/bandage-gun-gum\/","title":{"rendered":"Bandage Gun Gum"},"content":{"rendered":"<p>Le Gun Gum Bandage a \u00e9t\u00e9 d\u00e9velopp\u00e9 pour r\u00e9parer les petits trous pour un joint \u00e9tanche au gaz en quelques minutes.<br \/>\nLe bandage est facile \u00e0 utiliser ; humidifiez simplement et enroulez autour du trou, puis laissez s\u00e9cher et durcir. Probl\u00e8me r\u00e9solu.<\/p>\n<p>Pour les fissures et fissures importantes, utilisez un bandage de r\u00e9paration Gun Gum m\u00e9tallique de notre gamme ci-dessous.<\/p>\n<ul>\n<li>R\u00e9pare les petits trous<\/li>\n<li>Convient pour une utilisation sur des tuyaux droits ou courbes<\/li>\n<li>Rapide et simple d&rsquo;utilisation<\/li>\n<\/ul>\n<p>Les dommages caus\u00e9s \u00e0 votre \u00e9chappement ne doivent pas n\u00e9cessairement co\u00fbter tr\u00e8s cher \u00e0 r\u00e9parer.<br \/>\nLa gamme Holts de produits de r\u00e9paration d&rsquo;\u00e9chappement Gun Gum vous permet de r\u00e9parer facilement n&rsquo;importe quelle section d&rsquo;\u00e9chappement sur votre all\u00e9e.<\/p>\n","protected":false},"excerpt":{"rendered":"<p>Le Gun Gum Bandage a \u00e9t\u00e9 d\u00e9velopp\u00e9 pour r\u00e9parer les petits trous pour un joint \u00e9tanche au gaz en quelques minutes.<\/p>\n<ul>\n<li>Facile \u00e0 utiliser<\/li>\n<li>R\u00e9pare trous et fissures<\/li>\n<li>R\u00e9pond aux besoins du contr\u00f4le technique<\/li>\n<\/ul>\n","protected":false},"featured_media":11367,"comment_status":"closed","ping_status":"closed","template":"","meta":{"_acf_changed":false,"inline_featured_image":false},"product_brand":[],"product_cat":[310],"product_tag":[],"class_list":{"0":"post-9480","1":"product","2":"type-product","3":"status-publish","4":"has-post-thumbnail","6":"product_cat-reparation-maintenance","8":"first","9":"instock","10":"shipping-taxable","11":"purchasable","12":"product-type-simple"},"acf":[],"yoast_head":"<!-- This site is optimized with the Yoast SEO plugin v27.3 - https:\/\/yoast.com\/product\/yoast-seo-wordpress\/ -->\n<title>Holts Bandage Gun Gum | Produits | Holts FR<\/title>\n<meta name=\"description\" content=\"R\u00e9parez facilement tout trou et fissure dans votre pot d&#039;\u00e9chappement gr\u00e2ce \u00e0 Bandage Gun Gum de Holts. Nul besoin d&#039;outil ou d&#039;exp\u00e9rience sp\u00e9ciale, ce produit est parfait pour les r\u00e9parations domestiques.\" \/>\n<meta name=\"robots\" content=\"index, follow, max-snippet:-1, max-image-preview:large, max-video-preview:-1\" \/>\n<link rel=\"canonical\" href=\"https:\/\/www.holtsauto.com\/fr\/produits\/reparation-maintenance\/bandage-gun-gum\/\" \/>\n<meta property=\"og:locale\" content=\"fr_FR\" \/>\n<meta property=\"og:type\" content=\"article\" \/>\n<meta property=\"og:title\" content=\"Holts Bandage Gun Gum | Produits | Holts FR\" \/>\n<meta property=\"og:description\" content=\"R\u00e9parez facilement tout trou et fissure dans votre pot d&#039;\u00e9chappement gr\u00e2ce \u00e0 Bandage Gun Gum de Holts. Nul besoin d&#039;outil ou d&#039;exp\u00e9rience sp\u00e9ciale, ce produit est parfait pour les r\u00e9parations domestiques.\" \/>\n<meta property=\"og:url\" content=\"https:\/\/www.holtsauto.com\/fr\/produits\/reparation-maintenance\/bandage-gun-gum\/\" \/>\n<meta property=\"og:site_name\" content=\"Holts Auto Site\" \/>\n<meta property=\"article:modified_time\" content=\"2025-02-12T08:21:31+00:00\" \/>\n<meta property=\"og:image\" content=\"https:\/\/www.holtsauto.com\/wp-content\/uploads\/2024\/06\/Gun-Gum-Bandage-DE.png\" \/>\n\t<meta property=\"og:image:width\" content=\"2000\" \/>\n\t<meta property=\"og:image:height\" content=\"2000\" \/>\n\t<meta property=\"og:image:type\" content=\"image\/png\" \/>\n<meta name=\"twitter:card\" content=\"summary_large_image\" \/>\n<meta name=\"twitter:label1\" content=\"Dur\u00e9e de lecture estim\u00e9e\" \/>\n\t<meta name=\"twitter:data1\" content=\"1 minute\" \/>\n<script type=\"application\/ld+json\" class=\"yoast-schema-graph\">{\"@context\":\"https:\\\/\\\/schema.org\",\"@graph\":[{\"@type\":\"WebPage\",\"@id\":\"https:\\\/\\\/www.holtsauto.com\\\/fr\\\/produits\\\/reparation-maintenance\\\/bandage-gun-gum\\\/\",\"url\":\"https:\\\/\\\/www.holtsauto.com\\\/fr\\\/produits\\\/reparation-maintenance\\\/bandage-gun-gum\\\/\",\"name\":\"Holts Bandage Gun Gum | Produits | Holts FR\",\"isPartOf\":{\"@id\":\"https:\\\/\\\/www.holtsauto.com\\\/fr\\\/#website\"},\"primaryImageOfPage\":{\"@id\":\"https:\\\/\\\/www.holtsauto.com\\\/fr\\\/produits\\\/reparation-maintenance\\\/bandage-gun-gum\\\/#primaryimage\"},\"image\":{\"@id\":\"https:\\\/\\\/www.holtsauto.com\\\/fr\\\/produits\\\/reparation-maintenance\\\/bandage-gun-gum\\\/#primaryimage\"},\"thumbnailUrl\":\"https:\\\/\\\/www.holtsauto.com\\\/wp-content\\\/uploads\\\/2024\\\/06\\\/Gun-Gum-Bandage-DE.png\",\"datePublished\":\"2015-10-26T15:15:50+00:00\",\"dateModified\":\"2025-02-12T08:21:31+00:00\",\"description\":\"R\u00e9parez facilement tout trou et fissure dans votre pot d'\u00e9chappement gr\u00e2ce \u00e0 Bandage Gun Gum de Holts. Nul besoin d'outil ou d'exp\u00e9rience sp\u00e9ciale, ce produit est parfait pour les r\u00e9parations domestiques.\",\"breadcrumb\":{\"@id\":\"https:\\\/\\\/www.holtsauto.com\\\/fr\\\/produits\\\/reparation-maintenance\\\/bandage-gun-gum\\\/#breadcrumb\"},\"inLanguage\":\"fr-FR\",\"potentialAction\":[{\"@type\":\"ReadAction\",\"target\":[\"https:\\\/\\\/www.holtsauto.com\\\/fr\\\/produits\\\/reparation-maintenance\\\/bandage-gun-gum\\\/\"]}]},{\"@type\":\"ImageObject\",\"inLanguage\":\"fr-FR\",\"@id\":\"https:\\\/\\\/www.holtsauto.com\\\/fr\\\/produits\\\/reparation-maintenance\\\/bandage-gun-gum\\\/#primaryimage\",\"url\":\"https:\\\/\\\/www.holtsauto.com\\\/wp-content\\\/uploads\\\/2024\\\/06\\\/Gun-Gum-Bandage-DE.png\",\"contentUrl\":\"https:\\\/\\\/www.holtsauto.com\\\/wp-content\\\/uploads\\\/2024\\\/06\\\/Gun-Gum-Bandage-DE.png\",\"width\":2000,\"height\":2000,\"caption\":\"Gun-Gum-Bandage-DE Holts\"},{\"@type\":\"BreadcrumbList\",\"@id\":\"https:\\\/\\\/www.holtsauto.com\\\/fr\\\/produits\\\/reparation-maintenance\\\/bandage-gun-gum\\\/#breadcrumb\",\"itemListElement\":[{\"@type\":\"ListItem\",\"position\":1,\"name\":\"Home\",\"item\":\"https:\\\/\\\/www.holtsauto.com\\\/fr\\\/\"},{\"@type\":\"ListItem\",\"position\":2,\"name\":\"Produits\",\"item\":\"https:\\\/\\\/www.holtsauto.com\\\/fr\\\/produits\\\/\"},{\"@type\":\"ListItem\",\"position\":3,\"name\":\"Bandage Gun Gum\"}]},{\"@type\":\"WebSite\",\"@id\":\"https:\\\/\\\/www.holtsauto.com\\\/fr\\\/#website\",\"url\":\"https:\\\/\\\/www.holtsauto.com\\\/fr\\\/\",\"name\":\"Holts Auto\",\"description\":\"\",\"potentialAction\":[{\"@type\":\"SearchAction\",\"target\":{\"@type\":\"EntryPoint\",\"urlTemplate\":\"https:\\\/\\\/www.holtsauto.com\\\/fr\\\/?s={search_term_string}\"},\"query-input\":{\"@type\":\"PropertyValueSpecification\",\"valueRequired\":true,\"valueName\":\"search_term_string\"}}],\"inLanguage\":\"fr-FR\"}]}<\/script>\n<!-- \/ Yoast SEO plugin. -->","yoast_head_json":{"title":"Holts Bandage Gun Gum | Produits | Holts FR","description":"R\u00e9parez facilement tout trou et fissure dans votre pot d'\u00e9chappement gr\u00e2ce \u00e0 Bandage Gun Gum de Holts. Nul besoin d'outil ou d'exp\u00e9rience sp\u00e9ciale, ce produit est parfait pour les r\u00e9parations domestiques.","robots":{"index":"index","follow":"follow","max-snippet":"max-snippet:-1","max-image-preview":"max-image-preview:large","max-video-preview":"max-video-preview:-1"},"canonical":"https:\/\/www.holtsauto.com\/fr\/produits\/reparation-maintenance\/bandage-gun-gum\/","og_locale":"fr_FR","og_type":"article","og_title":"Holts Bandage Gun Gum | Produits | Holts FR","og_description":"R\u00e9parez facilement tout trou et fissure dans votre pot d'\u00e9chappement gr\u00e2ce \u00e0 Bandage Gun Gum de Holts. Nul besoin d'outil ou d'exp\u00e9rience sp\u00e9ciale, ce produit est parfait pour les r\u00e9parations domestiques.","og_url":"https:\/\/www.holtsauto.com\/fr\/produits\/reparation-maintenance\/bandage-gun-gum\/","og_site_name":"Holts Auto Site","article_modified_time":"2025-02-12T08:21:31+00:00","og_image":[{"width":2000,"height":2000,"url":"https:\/\/www.holtsauto.com\/wp-content\/uploads\/2024\/06\/Gun-Gum-Bandage-DE.png","type":"image\/png"}],"twitter_card":"summary_large_image","twitter_misc":{"Dur\u00e9e de lecture estim\u00e9e":"1 minute"},"schema":{"@context":"https:\/\/schema.org","@graph":[{"@type":"WebPage","@id":"https:\/\/www.holtsauto.com\/fr\/produits\/reparation-maintenance\/bandage-gun-gum\/","url":"https:\/\/www.holtsauto.com\/fr\/produits\/reparation-maintenance\/bandage-gun-gum\/","name":"Holts Bandage Gun Gum | Produits | Holts FR","isPartOf":{"@id":"https:\/\/www.holtsauto.com\/fr\/#website"},"primaryImageOfPage":{"@id":"https:\/\/www.holtsauto.com\/fr\/produits\/reparation-maintenance\/bandage-gun-gum\/#primaryimage"},"image":{"@id":"https:\/\/www.holtsauto.com\/fr\/produits\/reparation-maintenance\/bandage-gun-gum\/#primaryimage"},"thumbnailUrl":"https:\/\/www.holtsauto.com\/wp-content\/uploads\/2024\/06\/Gun-Gum-Bandage-DE.png","datePublished":"2015-10-26T15:15:50+00:00","dateModified":"2025-02-12T08:21:31+00:00","description":"R\u00e9parez facilement tout trou et fissure dans votre pot d'\u00e9chappement gr\u00e2ce \u00e0 Bandage Gun Gum de Holts. Nul besoin d'outil ou d'exp\u00e9rience sp\u00e9ciale, ce produit est parfait pour les r\u00e9parations domestiques.","breadcrumb":{"@id":"https:\/\/www.holtsauto.com\/fr\/produits\/reparation-maintenance\/bandage-gun-gum\/#breadcrumb"},"inLanguage":"fr-FR","potentialAction":[{"@type":"ReadAction","target":["https:\/\/www.holtsauto.com\/fr\/produits\/reparation-maintenance\/bandage-gun-gum\/"]}]},{"@type":"ImageObject","inLanguage":"fr-FR","@id":"https:\/\/www.holtsauto.com\/fr\/produits\/reparation-maintenance\/bandage-gun-gum\/#primaryimage","url":"https:\/\/www.holtsauto.com\/wp-content\/uploads\/2024\/06\/Gun-Gum-Bandage-DE.png","contentUrl":"https:\/\/www.holtsauto.com\/wp-content\/uploads\/2024\/06\/Gun-Gum-Bandage-DE.png","width":2000,"height":2000,"caption":"Gun-Gum-Bandage-DE Holts"},{"@type":"BreadcrumbList","@id":"https:\/\/www.holtsauto.com\/fr\/produits\/reparation-maintenance\/bandage-gun-gum\/#breadcrumb","itemListElement":[{"@type":"ListItem","position":1,"name":"Home","item":"https:\/\/www.holtsauto.com\/fr\/"},{"@type":"ListItem","position":2,"name":"Produits","item":"https:\/\/www.holtsauto.com\/fr\/produits\/"},{"@type":"ListItem","position":3,"name":"Bandage Gun Gum"}]},{"@type":"WebSite","@id":"https:\/\/www.holtsauto.com\/fr\/#website","url":"https:\/\/www.holtsauto.com\/fr\/","name":"Holts Auto","description":"","potentialAction":[{"@type":"SearchAction","target":{"@type":"EntryPoint","urlTemplate":"https:\/\/www.holtsauto.com\/fr\/?s={search_term_string}"},"query-input":{"@type":"PropertyValueSpecification","valueRequired":true,"valueName":"search_term_string"}}],"inLanguage":"fr-FR"}]}},"_links":{"self":[{"href":"https:\/\/www.holtsauto.com\/fr\/wp-json\/wp\/v2\/product\/9480","targetHints":{"allow":["GET"]}}],"collection":[{"href":"https:\/\/www.holtsauto.com\/fr\/wp-json\/wp\/v2\/product"}],"about":[{"href":"https:\/\/www.holtsauto.com\/fr\/wp-json\/wp\/v2\/types\/product"}],"replies":[{"embeddable":true,"href":"https:\/\/www.holtsauto.com\/fr\/wp-json\/wp\/v2\/comments?post=9480"}],"wp:featuredmedia":[{"embeddable":true,"href":"https:\/\/www.holtsauto.com\/fr\/wp-json\/wp\/v2\/media\/11367"}],"wp:attachment":[{"href":"https:\/\/www.holtsauto.com\/fr\/wp-json\/wp\/v2\/media?parent=9480"}],"wp:term":[{"taxonomy":"product_brand","embeddable":true,"href":"https:\/\/www.holtsauto.com\/fr\/wp-json\/wp\/v2\/product_brand?post=9480"},{"taxonomy":"product_cat","embeddable":true,"href":"https:\/\/www.holtsauto.com\/fr\/wp-json\/wp\/v2\/product_cat?post=9480"},{"taxonomy":"product_tag","embeddable":true,"href":"https:\/\/www.holtsauto.com\/fr\/wp-json\/wp\/v2\/product_tag?post=9480"}],"curies":[{"name":"wp","href":"https:\/\/api.w.org\/{rel}","templated":true}]}}