{"id":9481,"date":"2015-10-26T15:06:59","date_gmt":"2015-10-26T15:06:59","guid":{"rendered":"https:\/\/www.holtsauto.com\/fr\/?post_type=product&#038;p=364"},"modified":"2025-02-12T08:19:16","modified_gmt":"2025-02-12T08:19:16","slug":"anti-fuites-plus-holts","status":"publish","type":"product","link":"https:\/\/www.holtsauto.com\/fr\/produits\/reparation-maintenance\/anti-fuites-plus-holts\/","title":{"rendered":"Anti-Fuites Radiateur Plus Holts"},"content":{"rendered":"<p><span style=\"font-weight: 400;\">D\u00e9sormais,\u00a0 la fum\u00e9e qui s\u2019\u00e9chappe de votre radiateur ne va pas forc\u00e9ment g\u00e2cher votre journ\u00e9e ni co\u00fbter une fortune \u00e0 r\u00e9parer. Il suffit d\u2019ajouter de l\u2019Anti-Fuites Radiateur Plus Holts avec sa formule haute performance qui cible les fuites dans le syst\u00e8me de refroidissement et les colmate de mani\u00e8re permanente.<\/span><\/p>\n<p>&nbsp;<\/p>\n<ul>\n<li>Colmate les fuites en quelques minutes<\/li>\n<li>Il suffit de verser le produit pour r\u00e9parer la fuite<\/li>\n<li>Sans risque d\u2019encrassage ou de dommage pour le syst\u00e8me de refroidissement.<\/li>\n<li>Prot\u00e8ge contre la formation de nouvelles fuites.<\/li>\n<\/ul>\n<p><span style=\"font-weight: 400;\">L\u2019Anti-Fuites Plus Holts convient \u00e0 toutes les voitures et s\u2019utilise avec toute sorte de liquide de refroidissement. Aucune pr\u00e9paration est n\u00e9cessaire \u2013 pas besoin de vidanger ou de rincer le syst\u00e8me de refroidissement avant utilisation. Il suffit de verser le produit pour r\u00e9parer la fuite.<\/span><\/p>\n<p><span style=\"font-weight: 400;\">Rien de plus facile ! L\u2019Anti-Fuites Radiateur Plus Holts se disperse partout dans le syst\u00e8me de refroidissement afin d\u2019atteindre les fuites et de les colmater sans risque d\u2019encrassage ni de dommage.<\/span><\/p>\n<p><span style=\"font-weight: 400;\">L\u2019Anti-Fuites Radiateur Holts prot\u00e8ge \u00e9galement contre l\u2019apparition de nouvelles fuites, et\u00a0 prolonge la vie de votre voiture. Holts d\u00e9veloppe des produits qui r\u00e9pondent aux besoins d\u2019un secteur automobile qui \u00e9volue en permanence. Nos produits sont faciles \u00e0 utiliser et vous \u00e9vitent des r\u00e9parations co\u00fbteuses.<\/span><\/p>\n","protected":false},"excerpt":{"rendered":"<p><span style=\"font-weight: 400;\">L\u2019Anti-Fuites Radiateur de Holts r\u00e9pare rapidement les fuites dans votre radiateur, il est compatible avec toutes les marques et mod\u00e8les de v\u00e9hicules.<\/span><\/p>\n<ul>\n<li>Colmate les fuites en quelques minutes<\/li>\n<li>Prot\u00e8ge contre la formation de nouvelles fuites.<\/li>\n<li>Sans risque d\u2019encrassage ou de dommage pour le syst\u00e8me de refroidissement<\/li>\n<\/ul>\n","protected":false},"featured_media":11043,"comment_status":"closed","ping_status":"closed","template":"","meta":{"_acf_changed":false,"inline_featured_image":false},"product_brand":[],"product_cat":[310],"product_tag":[],"class_list":{"0":"post-9481","1":"product","2":"type-product","3":"status-publish","4":"has-post-thumbnail","6":"product_cat-reparation-maintenance","8":"first","9":"instock","10":"shipping-taxable","11":"purchasable","12":"product-type-simple"},"acf":[],"yoast_head":"<!-- This site is optimized with the Yoast SEO plugin v27.3 - https:\/\/yoast.com\/product\/yoast-seo-wordpress\/ -->\n<title>Anti Fuites Plus Holts | Produits | Holts FR<\/title>\n<meta name=\"description\" content=\"Anti fuites plus Holts utilise la vapeur produite par le radiateur pour localiser les fuites et commence instantan\u00e9ment \u00e0 remplir les fissures et r\u00e9parer toute fuite.\" \/>\n<meta name=\"robots\" content=\"index, follow, max-snippet:-1, max-image-preview:large, max-video-preview:-1\" \/>\n<link rel=\"canonical\" href=\"https:\/\/www.holtsauto.com\/fr\/produits\/reparation-maintenance\/anti-fuites-plus-holts\/\" \/>\n<meta property=\"og:locale\" content=\"fr_FR\" \/>\n<meta property=\"og:type\" content=\"article\" \/>\n<meta property=\"og:title\" content=\"Anti Fuites Plus Holts | Produits | Holts FR\" \/>\n<meta property=\"og:description\" content=\"Anti fuites plus Holts utilise la vapeur produite par le radiateur pour localiser les fuites et commence instantan\u00e9ment \u00e0 remplir les fissures et r\u00e9parer toute fuite.\" \/>\n<meta property=\"og:url\" content=\"https:\/\/www.holtsauto.com\/fr\/produits\/reparation-maintenance\/anti-fuites-plus-holts\/\" \/>\n<meta property=\"og:site_name\" content=\"Holts Auto Site\" \/>\n<meta property=\"article:modified_time\" content=\"2025-02-12T08:19:16+00:00\" \/>\n<meta property=\"og:image\" content=\"https:\/\/www.holtsauto.com\/wp-content\/uploads\/2015\/10\/anti-fuites-plus.png\" \/>\n\t<meta property=\"og:image:width\" content=\"2000\" \/>\n\t<meta property=\"og:image:height\" content=\"2000\" \/>\n\t<meta property=\"og:image:type\" content=\"image\/png\" \/>\n<meta name=\"twitter:card\" content=\"summary_large_image\" \/>\n<meta name=\"twitter:label1\" content=\"Dur\u00e9e de lecture estim\u00e9e\" \/>\n\t<meta name=\"twitter:data1\" content=\"2 minutes\" \/>\n<script type=\"application\/ld+json\" class=\"yoast-schema-graph\">{\"@context\":\"https:\\\/\\\/schema.org\",\"@graph\":[{\"@type\":\"WebPage\",\"@id\":\"https:\\\/\\\/www.holtsauto.com\\\/fr\\\/produits\\\/reparation-maintenance\\\/anti-fuites-plus-holts\\\/\",\"url\":\"https:\\\/\\\/www.holtsauto.com\\\/fr\\\/produits\\\/reparation-maintenance\\\/anti-fuites-plus-holts\\\/\",\"name\":\"Anti Fuites Plus Holts | Produits | Holts FR\",\"isPartOf\":{\"@id\":\"https:\\\/\\\/www.holtsauto.com\\\/fr\\\/#website\"},\"primaryImageOfPage\":{\"@id\":\"https:\\\/\\\/www.holtsauto.com\\\/fr\\\/produits\\\/reparation-maintenance\\\/anti-fuites-plus-holts\\\/#primaryimage\"},\"image\":{\"@id\":\"https:\\\/\\\/www.holtsauto.com\\\/fr\\\/produits\\\/reparation-maintenance\\\/anti-fuites-plus-holts\\\/#primaryimage\"},\"thumbnailUrl\":\"https:\\\/\\\/www.holtsauto.com\\\/wp-content\\\/uploads\\\/2015\\\/10\\\/anti-fuites-plus.png\",\"datePublished\":\"2015-10-26T15:06:59+00:00\",\"dateModified\":\"2025-02-12T08:19:16+00:00\",\"description\":\"Anti fuites plus Holts utilise la vapeur produite par le radiateur pour localiser les fuites et commence instantan\u00e9ment \u00e0 remplir les fissures et r\u00e9parer toute fuite.\",\"breadcrumb\":{\"@id\":\"https:\\\/\\\/www.holtsauto.com\\\/fr\\\/produits\\\/reparation-maintenance\\\/anti-fuites-plus-holts\\\/#breadcrumb\"},\"inLanguage\":\"fr-FR\",\"potentialAction\":[{\"@type\":\"ReadAction\",\"target\":[\"https:\\\/\\\/www.holtsauto.com\\\/fr\\\/produits\\\/reparation-maintenance\\\/anti-fuites-plus-holts\\\/\"]}]},{\"@type\":\"ImageObject\",\"inLanguage\":\"fr-FR\",\"@id\":\"https:\\\/\\\/www.holtsauto.com\\\/fr\\\/produits\\\/reparation-maintenance\\\/anti-fuites-plus-holts\\\/#primaryimage\",\"url\":\"https:\\\/\\\/www.holtsauto.com\\\/wp-content\\\/uploads\\\/2015\\\/10\\\/anti-fuites-plus.png\",\"contentUrl\":\"https:\\\/\\\/www.holtsauto.com\\\/wp-content\\\/uploads\\\/2015\\\/10\\\/anti-fuites-plus.png\",\"width\":2000,\"height\":2000,\"caption\":\"Anti-Fuites Radiateur Formule Plus holts\"},{\"@type\":\"BreadcrumbList\",\"@id\":\"https:\\\/\\\/www.holtsauto.com\\\/fr\\\/produits\\\/reparation-maintenance\\\/anti-fuites-plus-holts\\\/#breadcrumb\",\"itemListElement\":[{\"@type\":\"ListItem\",\"position\":1,\"name\":\"Home\",\"item\":\"https:\\\/\\\/www.holtsauto.com\\\/fr\\\/\"},{\"@type\":\"ListItem\",\"position\":2,\"name\":\"Produits\",\"item\":\"https:\\\/\\\/www.holtsauto.com\\\/fr\\\/produits\\\/\"},{\"@type\":\"ListItem\",\"position\":3,\"name\":\"Anti-Fuites Radiateur Plus Holts\"}]},{\"@type\":\"WebSite\",\"@id\":\"https:\\\/\\\/www.holtsauto.com\\\/fr\\\/#website\",\"url\":\"https:\\\/\\\/www.holtsauto.com\\\/fr\\\/\",\"name\":\"Holts Auto\",\"description\":\"\",\"potentialAction\":[{\"@type\":\"SearchAction\",\"target\":{\"@type\":\"EntryPoint\",\"urlTemplate\":\"https:\\\/\\\/www.holtsauto.com\\\/fr\\\/?s={search_term_string}\"},\"query-input\":{\"@type\":\"PropertyValueSpecification\",\"valueRequired\":true,\"valueName\":\"search_term_string\"}}],\"inLanguage\":\"fr-FR\"}]}<\/script>\n<!-- \/ Yoast SEO plugin. -->","yoast_head_json":{"title":"Anti Fuites Plus Holts | Produits | Holts FR","description":"Anti fuites plus Holts utilise la vapeur produite par le radiateur pour localiser les fuites et commence instantan\u00e9ment \u00e0 remplir les fissures et r\u00e9parer toute fuite.","robots":{"index":"index","follow":"follow","max-snippet":"max-snippet:-1","max-image-preview":"max-image-preview:large","max-video-preview":"max-video-preview:-1"},"canonical":"https:\/\/www.holtsauto.com\/fr\/produits\/reparation-maintenance\/anti-fuites-plus-holts\/","og_locale":"fr_FR","og_type":"article","og_title":"Anti Fuites Plus Holts | Produits | Holts FR","og_description":"Anti fuites plus Holts utilise la vapeur produite par le radiateur pour localiser les fuites et commence instantan\u00e9ment \u00e0 remplir les fissures et r\u00e9parer toute fuite.","og_url":"https:\/\/www.holtsauto.com\/fr\/produits\/reparation-maintenance\/anti-fuites-plus-holts\/","og_site_name":"Holts Auto Site","article_modified_time":"2025-02-12T08:19:16+00:00","og_image":[{"width":2000,"height":2000,"url":"https:\/\/www.holtsauto.com\/wp-content\/uploads\/2015\/10\/anti-fuites-plus.png","type":"image\/png"}],"twitter_card":"summary_large_image","twitter_misc":{"Dur\u00e9e de lecture estim\u00e9e":"2 minutes"},"schema":{"@context":"https:\/\/schema.org","@graph":[{"@type":"WebPage","@id":"https:\/\/www.holtsauto.com\/fr\/produits\/reparation-maintenance\/anti-fuites-plus-holts\/","url":"https:\/\/www.holtsauto.com\/fr\/produits\/reparation-maintenance\/anti-fuites-plus-holts\/","name":"Anti Fuites Plus Holts | Produits | Holts FR","isPartOf":{"@id":"https:\/\/www.holtsauto.com\/fr\/#website"},"primaryImageOfPage":{"@id":"https:\/\/www.holtsauto.com\/fr\/produits\/reparation-maintenance\/anti-fuites-plus-holts\/#primaryimage"},"image":{"@id":"https:\/\/www.holtsauto.com\/fr\/produits\/reparation-maintenance\/anti-fuites-plus-holts\/#primaryimage"},"thumbnailUrl":"https:\/\/www.holtsauto.com\/wp-content\/uploads\/2015\/10\/anti-fuites-plus.png","datePublished":"2015-10-26T15:06:59+00:00","dateModified":"2025-02-12T08:19:16+00:00","description":"Anti fuites plus Holts utilise la vapeur produite par le radiateur pour localiser les fuites et commence instantan\u00e9ment \u00e0 remplir les fissures et r\u00e9parer toute fuite.","breadcrumb":{"@id":"https:\/\/www.holtsauto.com\/fr\/produits\/reparation-maintenance\/anti-fuites-plus-holts\/#breadcrumb"},"inLanguage":"fr-FR","potentialAction":[{"@type":"ReadAction","target":["https:\/\/www.holtsauto.com\/fr\/produits\/reparation-maintenance\/anti-fuites-plus-holts\/"]}]},{"@type":"ImageObject","inLanguage":"fr-FR","@id":"https:\/\/www.holtsauto.com\/fr\/produits\/reparation-maintenance\/anti-fuites-plus-holts\/#primaryimage","url":"https:\/\/www.holtsauto.com\/wp-content\/uploads\/2015\/10\/anti-fuites-plus.png","contentUrl":"https:\/\/www.holtsauto.com\/wp-content\/uploads\/2015\/10\/anti-fuites-plus.png","width":2000,"height":2000,"caption":"Anti-Fuites Radiateur Formule Plus holts"},{"@type":"BreadcrumbList","@id":"https:\/\/www.holtsauto.com\/fr\/produits\/reparation-maintenance\/anti-fuites-plus-holts\/#breadcrumb","itemListElement":[{"@type":"ListItem","position":1,"name":"Home","item":"https:\/\/www.holtsauto.com\/fr\/"},{"@type":"ListItem","position":2,"name":"Produits","item":"https:\/\/www.holtsauto.com\/fr\/produits\/"},{"@type":"ListItem","position":3,"name":"Anti-Fuites Radiateur Plus Holts"}]},{"@type":"WebSite","@id":"https:\/\/www.holtsauto.com\/fr\/#website","url":"https:\/\/www.holtsauto.com\/fr\/","name":"Holts Auto","description":"","potentialAction":[{"@type":"SearchAction","target":{"@type":"EntryPoint","urlTemplate":"https:\/\/www.holtsauto.com\/fr\/?s={search_term_string}"},"query-input":{"@type":"PropertyValueSpecification","valueRequired":true,"valueName":"search_term_string"}}],"inLanguage":"fr-FR"}]}},"_links":{"self":[{"href":"https:\/\/www.holtsauto.com\/fr\/wp-json\/wp\/v2\/product\/9481","targetHints":{"allow":["GET"]}}],"collection":[{"href":"https:\/\/www.holtsauto.com\/fr\/wp-json\/wp\/v2\/product"}],"about":[{"href":"https:\/\/www.holtsauto.com\/fr\/wp-json\/wp\/v2\/types\/product"}],"replies":[{"embeddable":true,"href":"https:\/\/www.holtsauto.com\/fr\/wp-json\/wp\/v2\/comments?post=9481"}],"wp:featuredmedia":[{"embeddable":true,"href":"https:\/\/www.holtsauto.com\/fr\/wp-json\/wp\/v2\/media\/11043"}],"wp:attachment":[{"href":"https:\/\/www.holtsauto.com\/fr\/wp-json\/wp\/v2\/media?parent=9481"}],"wp:term":[{"taxonomy":"product_brand","embeddable":true,"href":"https:\/\/www.holtsauto.com\/fr\/wp-json\/wp\/v2\/product_brand?post=9481"},{"taxonomy":"product_cat","embeddable":true,"href":"https:\/\/www.holtsauto.com\/fr\/wp-json\/wp\/v2\/product_cat?post=9481"},{"taxonomy":"product_tag","embeddable":true,"href":"https:\/\/www.holtsauto.com\/fr\/wp-json\/wp\/v2\/product_tag?post=9481"}],"curies":[{"name":"wp","href":"https:\/\/api.w.org\/{rel}","templated":true}]}}