{"id":9483,"date":"2016-03-22T12:15:59","date_gmt":"2016-03-22T13:15:59","guid":{"rendered":"https:\/\/www.holtsauto.com\/fr\/?post_type=product&#038;p=1967"},"modified":"2025-02-12T08:20:21","modified_gmt":"2025-02-12T08:20:21","slug":"bandage-echappement-special-pot","status":"publish","type":"product","link":"https:\/\/www.holtsauto.com\/fr\/produits\/reparation-maintenance\/bandage-echappement-special-pot\/","title":{"rendered":"Bandage Echappement Sp\u00e9cial Pot"},"content":{"rendered":"<p>Si votre silencieux d&rsquo;\u00e9chappement pr\u00e9sente un trou, une fente ou une fissure, la gamme de produits de r\u00e9paration d&rsquo;\u00e9chappement Gun Gum a tout ce dont vous avez besoin pour une r\u00e9paration facile et permanente.<\/p>\n<p>Notre bandage de r\u00e9paration pour m\u00e9taux sp\u00e9cialement d\u00e9velopp\u00e9 est une solution facile \u00e0 utiliser pour les tuyaux larges et droits. Utilisez toujours avec la p\u00e2te Holts Gun Gum pour un joint permanent et \u00e9tanche aux gaz.<\/p>\n<p>Bandage Echappement Sp\u00e9cial Pot est enti\u00e8rement flexible, vous pouvez donc l&rsquo;ajuster \u00e0 la taille de votre silencieux d&rsquo;\u00e9chappement. Il n\u2019est pas n\u00e9cessaire de d\u00e9monter votre syst\u00e8me d\u2019\u00e9chappement, ce qui le rend id\u00e9al pour les r\u00e9parations \u00e0 domicile.<\/p>\n<p>Appliquez simplement la p\u00e2te Holts Gun Gum et placez le film flexible sur la zone endommag\u00e9e pour un joint \u00e9tanche au gaz permanent en quelques minutes.<\/p>\n","protected":false},"excerpt":{"rendered":"<p>Notre bandage de r\u00e9paration m\u00e9tallique sp\u00e9cialement d\u00e9velopp\u00e9 est une solution facile \u00e0 utiliser pour les tuyaux d&rsquo;\u00e9chappement larges et droits.<\/p>\n<ul>\n<li>Id\u00e9al pour les pots catalytiques avec tuyau droit (trou de plus de 20mm), FAP et\/ou carter<\/li>\n<li>R\u00e9paration permanente garantie<\/li>\n<li>Moin cher que le replacement d\u2019un nouveau pot d\u2019\u00e9chappement<\/li>\n<\/ul>\n","protected":false},"featured_media":11388,"comment_status":"closed","ping_status":"closed","template":"","meta":{"_acf_changed":false,"inline_featured_image":false},"product_brand":[],"product_cat":[310],"product_tag":[],"class_list":{"0":"post-9483","1":"product","2":"type-product","3":"status-publish","4":"has-post-thumbnail","6":"product_cat-reparation-maintenance","8":"first","9":"instock","10":"shipping-taxable","11":"purchasable","12":"product-type-simple"},"acf":[],"yoast_head":"<!-- This site is optimized with the Yoast SEO plugin v27.3 - https:\/\/yoast.com\/product\/yoast-seo-wordpress\/ -->\n<title>Bandage Echappement Sp\u00e9cial Pot | Produits | Holts FR<\/title>\n<meta name=\"description\" content=\"R\u00e9parer un trou ou une fissure dans votre \u00e9chappement n&#039;a jamais \u00e9t\u00e9 aussi simple, consultez notre Bandage Echappement Sp\u00e9cial Pot dans la gamme gun gum.\" \/>\n<meta name=\"robots\" content=\"index, follow, max-snippet:-1, max-image-preview:large, max-video-preview:-1\" \/>\n<link rel=\"canonical\" href=\"https:\/\/www.holtsauto.com\/fr\/produits\/reparation-maintenance\/bandage-echappement-special-pot\/\" \/>\n<meta property=\"og:locale\" content=\"fr_FR\" \/>\n<meta property=\"og:type\" content=\"article\" \/>\n<meta property=\"og:title\" content=\"Bandage Echappement Sp\u00e9cial Pot | Produits | Holts FR\" \/>\n<meta property=\"og:description\" content=\"R\u00e9parer un trou ou une fissure dans votre \u00e9chappement n&#039;a jamais \u00e9t\u00e9 aussi simple, consultez notre Bandage Echappement Sp\u00e9cial Pot dans la gamme gun gum.\" \/>\n<meta property=\"og:url\" content=\"https:\/\/www.holtsauto.com\/fr\/produits\/reparation-maintenance\/bandage-echappement-special-pot\/\" \/>\n<meta property=\"og:site_name\" content=\"Holts Auto Site\" \/>\n<meta property=\"article:modified_time\" content=\"2025-02-12T08:20:21+00:00\" \/>\n<meta property=\"og:image\" content=\"https:\/\/www.holtsauto.com\/wp-content\/uploads\/2024\/06\/gun-gum-wide-DE.png\" \/>\n\t<meta property=\"og:image:width\" content=\"2000\" \/>\n\t<meta property=\"og:image:height\" content=\"2000\" \/>\n\t<meta property=\"og:image:type\" content=\"image\/png\" \/>\n<meta name=\"twitter:card\" content=\"summary_large_image\" \/>\n<meta name=\"twitter:label1\" content=\"Dur\u00e9e de lecture estim\u00e9e\" \/>\n\t<meta name=\"twitter:data1\" content=\"1 minute\" \/>\n<script type=\"application\/ld+json\" class=\"yoast-schema-graph\">{\"@context\":\"https:\\\/\\\/schema.org\",\"@graph\":[{\"@type\":\"WebPage\",\"@id\":\"https:\\\/\\\/www.holtsauto.com\\\/fr\\\/produits\\\/reparation-maintenance\\\/bandage-echappement-special-pot\\\/\",\"url\":\"https:\\\/\\\/www.holtsauto.com\\\/fr\\\/produits\\\/reparation-maintenance\\\/bandage-echappement-special-pot\\\/\",\"name\":\"Bandage Echappement Sp\u00e9cial Pot | Produits | Holts FR\",\"isPartOf\":{\"@id\":\"https:\\\/\\\/www.holtsauto.com\\\/fr\\\/#website\"},\"primaryImageOfPage\":{\"@id\":\"https:\\\/\\\/www.holtsauto.com\\\/fr\\\/produits\\\/reparation-maintenance\\\/bandage-echappement-special-pot\\\/#primaryimage\"},\"image\":{\"@id\":\"https:\\\/\\\/www.holtsauto.com\\\/fr\\\/produits\\\/reparation-maintenance\\\/bandage-echappement-special-pot\\\/#primaryimage\"},\"thumbnailUrl\":\"https:\\\/\\\/www.holtsauto.com\\\/wp-content\\\/uploads\\\/2024\\\/06\\\/gun-gum-wide-DE.png\",\"datePublished\":\"2016-03-22T13:15:59+00:00\",\"dateModified\":\"2025-02-12T08:20:21+00:00\",\"description\":\"R\u00e9parer un trou ou une fissure dans votre \u00e9chappement n'a jamais \u00e9t\u00e9 aussi simple, consultez notre Bandage Echappement Sp\u00e9cial Pot dans la gamme gun gum.\",\"breadcrumb\":{\"@id\":\"https:\\\/\\\/www.holtsauto.com\\\/fr\\\/produits\\\/reparation-maintenance\\\/bandage-echappement-special-pot\\\/#breadcrumb\"},\"inLanguage\":\"fr-FR\",\"potentialAction\":[{\"@type\":\"ReadAction\",\"target\":[\"https:\\\/\\\/www.holtsauto.com\\\/fr\\\/produits\\\/reparation-maintenance\\\/bandage-echappement-special-pot\\\/\"]}]},{\"@type\":\"ImageObject\",\"inLanguage\":\"fr-FR\",\"@id\":\"https:\\\/\\\/www.holtsauto.com\\\/fr\\\/produits\\\/reparation-maintenance\\\/bandage-echappement-special-pot\\\/#primaryimage\",\"url\":\"https:\\\/\\\/www.holtsauto.com\\\/wp-content\\\/uploads\\\/2024\\\/06\\\/gun-gum-wide-DE.png\",\"contentUrl\":\"https:\\\/\\\/www.holtsauto.com\\\/wp-content\\\/uploads\\\/2024\\\/06\\\/gun-gum-wide-DE.png\",\"width\":2000,\"height\":2000,\"caption\":\"Gun Gum Bandage f\u00fcr Auspufft\u00f6pfe\"},{\"@type\":\"BreadcrumbList\",\"@id\":\"https:\\\/\\\/www.holtsauto.com\\\/fr\\\/produits\\\/reparation-maintenance\\\/bandage-echappement-special-pot\\\/#breadcrumb\",\"itemListElement\":[{\"@type\":\"ListItem\",\"position\":1,\"name\":\"Home\",\"item\":\"https:\\\/\\\/www.holtsauto.com\\\/fr\\\/\"},{\"@type\":\"ListItem\",\"position\":2,\"name\":\"Produits\",\"item\":\"https:\\\/\\\/www.holtsauto.com\\\/fr\\\/produits\\\/\"},{\"@type\":\"ListItem\",\"position\":3,\"name\":\"Bandage Echappement Sp\u00e9cial Pot\"}]},{\"@type\":\"WebSite\",\"@id\":\"https:\\\/\\\/www.holtsauto.com\\\/fr\\\/#website\",\"url\":\"https:\\\/\\\/www.holtsauto.com\\\/fr\\\/\",\"name\":\"Holts Auto\",\"description\":\"\",\"potentialAction\":[{\"@type\":\"SearchAction\",\"target\":{\"@type\":\"EntryPoint\",\"urlTemplate\":\"https:\\\/\\\/www.holtsauto.com\\\/fr\\\/?s={search_term_string}\"},\"query-input\":{\"@type\":\"PropertyValueSpecification\",\"valueRequired\":true,\"valueName\":\"search_term_string\"}}],\"inLanguage\":\"fr-FR\"}]}<\/script>\n<!-- \/ Yoast SEO plugin. -->","yoast_head_json":{"title":"Bandage Echappement Sp\u00e9cial Pot | Produits | Holts FR","description":"R\u00e9parer un trou ou une fissure dans votre \u00e9chappement n'a jamais \u00e9t\u00e9 aussi simple, consultez notre Bandage Echappement Sp\u00e9cial Pot dans la gamme gun gum.","robots":{"index":"index","follow":"follow","max-snippet":"max-snippet:-1","max-image-preview":"max-image-preview:large","max-video-preview":"max-video-preview:-1"},"canonical":"https:\/\/www.holtsauto.com\/fr\/produits\/reparation-maintenance\/bandage-echappement-special-pot\/","og_locale":"fr_FR","og_type":"article","og_title":"Bandage Echappement Sp\u00e9cial Pot | Produits | Holts FR","og_description":"R\u00e9parer un trou ou une fissure dans votre \u00e9chappement n'a jamais \u00e9t\u00e9 aussi simple, consultez notre Bandage Echappement Sp\u00e9cial Pot dans la gamme gun gum.","og_url":"https:\/\/www.holtsauto.com\/fr\/produits\/reparation-maintenance\/bandage-echappement-special-pot\/","og_site_name":"Holts Auto Site","article_modified_time":"2025-02-12T08:20:21+00:00","og_image":[{"width":2000,"height":2000,"url":"https:\/\/www.holtsauto.com\/wp-content\/uploads\/2024\/06\/gun-gum-wide-DE.png","type":"image\/png"}],"twitter_card":"summary_large_image","twitter_misc":{"Dur\u00e9e de lecture estim\u00e9e":"1 minute"},"schema":{"@context":"https:\/\/schema.org","@graph":[{"@type":"WebPage","@id":"https:\/\/www.holtsauto.com\/fr\/produits\/reparation-maintenance\/bandage-echappement-special-pot\/","url":"https:\/\/www.holtsauto.com\/fr\/produits\/reparation-maintenance\/bandage-echappement-special-pot\/","name":"Bandage Echappement Sp\u00e9cial Pot | Produits | Holts FR","isPartOf":{"@id":"https:\/\/www.holtsauto.com\/fr\/#website"},"primaryImageOfPage":{"@id":"https:\/\/www.holtsauto.com\/fr\/produits\/reparation-maintenance\/bandage-echappement-special-pot\/#primaryimage"},"image":{"@id":"https:\/\/www.holtsauto.com\/fr\/produits\/reparation-maintenance\/bandage-echappement-special-pot\/#primaryimage"},"thumbnailUrl":"https:\/\/www.holtsauto.com\/wp-content\/uploads\/2024\/06\/gun-gum-wide-DE.png","datePublished":"2016-03-22T13:15:59+00:00","dateModified":"2025-02-12T08:20:21+00:00","description":"R\u00e9parer un trou ou une fissure dans votre \u00e9chappement n'a jamais \u00e9t\u00e9 aussi simple, consultez notre Bandage Echappement Sp\u00e9cial Pot dans la gamme gun gum.","breadcrumb":{"@id":"https:\/\/www.holtsauto.com\/fr\/produits\/reparation-maintenance\/bandage-echappement-special-pot\/#breadcrumb"},"inLanguage":"fr-FR","potentialAction":[{"@type":"ReadAction","target":["https:\/\/www.holtsauto.com\/fr\/produits\/reparation-maintenance\/bandage-echappement-special-pot\/"]}]},{"@type":"ImageObject","inLanguage":"fr-FR","@id":"https:\/\/www.holtsauto.com\/fr\/produits\/reparation-maintenance\/bandage-echappement-special-pot\/#primaryimage","url":"https:\/\/www.holtsauto.com\/wp-content\/uploads\/2024\/06\/gun-gum-wide-DE.png","contentUrl":"https:\/\/www.holtsauto.com\/wp-content\/uploads\/2024\/06\/gun-gum-wide-DE.png","width":2000,"height":2000,"caption":"Gun Gum Bandage f\u00fcr Auspufft\u00f6pfe"},{"@type":"BreadcrumbList","@id":"https:\/\/www.holtsauto.com\/fr\/produits\/reparation-maintenance\/bandage-echappement-special-pot\/#breadcrumb","itemListElement":[{"@type":"ListItem","position":1,"name":"Home","item":"https:\/\/www.holtsauto.com\/fr\/"},{"@type":"ListItem","position":2,"name":"Produits","item":"https:\/\/www.holtsauto.com\/fr\/produits\/"},{"@type":"ListItem","position":3,"name":"Bandage Echappement Sp\u00e9cial Pot"}]},{"@type":"WebSite","@id":"https:\/\/www.holtsauto.com\/fr\/#website","url":"https:\/\/www.holtsauto.com\/fr\/","name":"Holts Auto","description":"","potentialAction":[{"@type":"SearchAction","target":{"@type":"EntryPoint","urlTemplate":"https:\/\/www.holtsauto.com\/fr\/?s={search_term_string}"},"query-input":{"@type":"PropertyValueSpecification","valueRequired":true,"valueName":"search_term_string"}}],"inLanguage":"fr-FR"}]}},"_links":{"self":[{"href":"https:\/\/www.holtsauto.com\/fr\/wp-json\/wp\/v2\/product\/9483","targetHints":{"allow":["GET"]}}],"collection":[{"href":"https:\/\/www.holtsauto.com\/fr\/wp-json\/wp\/v2\/product"}],"about":[{"href":"https:\/\/www.holtsauto.com\/fr\/wp-json\/wp\/v2\/types\/product"}],"replies":[{"embeddable":true,"href":"https:\/\/www.holtsauto.com\/fr\/wp-json\/wp\/v2\/comments?post=9483"}],"wp:featuredmedia":[{"embeddable":true,"href":"https:\/\/www.holtsauto.com\/fr\/wp-json\/wp\/v2\/media\/11388"}],"wp:attachment":[{"href":"https:\/\/www.holtsauto.com\/fr\/wp-json\/wp\/v2\/media?parent=9483"}],"wp:term":[{"taxonomy":"product_brand","embeddable":true,"href":"https:\/\/www.holtsauto.com\/fr\/wp-json\/wp\/v2\/product_brand?post=9483"},{"taxonomy":"product_cat","embeddable":true,"href":"https:\/\/www.holtsauto.com\/fr\/wp-json\/wp\/v2\/product_cat?post=9483"},{"taxonomy":"product_tag","embeddable":true,"href":"https:\/\/www.holtsauto.com\/fr\/wp-json\/wp\/v2\/product_tag?post=9483"}],"curies":[{"name":"wp","href":"https:\/\/api.w.org\/{rel}","templated":true}]}}