{"id":9484,"date":"2021-04-15T15:11:35","date_gmt":"2021-04-15T13:11:35","guid":{"rendered":"https:\/\/www.holtsauto.com\/fr\/?post_type=product&#038;p=3188"},"modified":"2025-02-12T08:08:21","modified_gmt":"2025-02-12T08:08:21","slug":"renovateur-peintures","status":"publish","type":"product","link":"https:\/\/www.holtsauto.com\/fr\/produits\/nettoyage-exterieur\/renovateur-peintures\/","title":{"rendered":"R\u00e9novateur Peintures"},"content":{"rendered":"<p><span style=\"font-weight: 400;\">Ce produit a \u00e9t\u00e9 sp\u00e9cifiquement con\u00e7u pour r\u00e9duire l\u2019apparence des petites \u00e9gratignures et des alt\u00e9rations de peinture qui peuvent s\u2019accumuler avec le temps et ainsi donner une apparence terne \u00e0 la peinture de votre voiture.<\/span><\/p>\n<p><span style=\"font-weight: 400;\">Holts R\u00e9novateur Peintures ravivera la peinture de votre voiture, vous d\u00e9barrassera des imperfections et lui redonnera une allure homog\u00e8ne.<\/span><\/p>\n<p><span style=\"font-weight: 400;\">Les particules micro abrasives \u00e9limineront les traces d\u2019eau, d\u2019oxydation et d\u2019autres impuret\u00e9s.<\/span><\/p>\n","protected":false},"excerpt":{"rendered":"<p><span style=\"font-weight: 400;\">Le R\u00e9novateur Peintures d\u2019Holts ravivera la peinture de votre voiture, vous d\u00e9barrassera des imperfections et lui redonnera une allure homog\u00e8ne.<\/span><\/p>\n<ul>\n<li><span style=\"font-weight: 400;\">R\u00e9nove toutes les peintures.<\/span><\/li>\n<li><span style=\"font-weight: 400;\"> Pr\u00e9pare au lustrage et \u00e0 la peinture<\/span><\/li>\n<li><span style=\"font-weight: 400;\"> Sans cire, sans solvant ni silicone<\/span><\/li>\n<\/ul>\n","protected":false},"featured_media":11236,"comment_status":"closed","ping_status":"closed","template":"","meta":{"_acf_changed":false,"inline_featured_image":false},"product_brand":[],"product_cat":[307],"product_tag":[],"class_list":{"0":"post-9484","1":"product","2":"type-product","3":"status-publish","4":"has-post-thumbnail","6":"product_cat-nettoyage-exterieur","8":"first","9":"instock","10":"shipping-taxable","11":"purchasable","12":"product-type-simple"},"acf":[],"yoast_head":"<!-- This site is optimized with the Yoast SEO plugin v27.3 - https:\/\/yoast.com\/product\/yoast-seo-wordpress\/ -->\n<title>R\u00e9novateur Peintures | Produits | Holts FR<\/title>\n<meta name=\"description\" content=\"Holts Paint Restorer ravivera la peinture de votre voiture, vous d\u00e9barrassera des imperfections et restaurera un aspect homog\u00e8ne. D\u00e9couvrez-en plus sur son fonctionnement ici.\" \/>\n<meta name=\"robots\" content=\"index, follow, max-snippet:-1, max-image-preview:large, max-video-preview:-1\" \/>\n<link rel=\"canonical\" href=\"https:\/\/www.holtsauto.com\/fr\/produits\/nettoyage-exterieur\/renovateur-peintures\/\" \/>\n<meta property=\"og:locale\" content=\"fr_FR\" \/>\n<meta property=\"og:type\" content=\"article\" \/>\n<meta property=\"og:title\" content=\"R\u00e9novateur Peintures | Produits | Holts FR\" \/>\n<meta property=\"og:description\" content=\"Holts Paint Restorer ravivera la peinture de votre voiture, vous d\u00e9barrassera des imperfections et restaurera un aspect homog\u00e8ne. D\u00e9couvrez-en plus sur son fonctionnement ici.\" \/>\n<meta property=\"og:url\" content=\"https:\/\/www.holtsauto.com\/fr\/produits\/nettoyage-exterieur\/renovateur-peintures\/\" \/>\n<meta property=\"og:site_name\" content=\"Holts Auto Site\" \/>\n<meta property=\"article:modified_time\" content=\"2025-02-12T08:08:21+00:00\" \/>\n<meta property=\"og:image\" content=\"https:\/\/www.holtsauto.com\/wp-content\/uploads\/2021\/04\/renovateur-peintures.png\" \/>\n\t<meta property=\"og:image:width\" content=\"2000\" \/>\n\t<meta property=\"og:image:height\" content=\"2000\" \/>\n\t<meta property=\"og:image:type\" content=\"image\/png\" \/>\n<meta name=\"twitter:card\" content=\"summary_large_image\" \/>\n<meta name=\"twitter:label1\" content=\"Dur\u00e9e de lecture estim\u00e9e\" \/>\n\t<meta name=\"twitter:data1\" content=\"1 minute\" \/>\n<script type=\"application\/ld+json\" class=\"yoast-schema-graph\">{\"@context\":\"https:\\\/\\\/schema.org\",\"@graph\":[{\"@type\":\"WebPage\",\"@id\":\"https:\\\/\\\/www.holtsauto.com\\\/fr\\\/produits\\\/nettoyage-exterieur\\\/renovateur-peintures\\\/\",\"url\":\"https:\\\/\\\/www.holtsauto.com\\\/fr\\\/produits\\\/nettoyage-exterieur\\\/renovateur-peintures\\\/\",\"name\":\"R\u00e9novateur Peintures | Produits | Holts FR\",\"isPartOf\":{\"@id\":\"https:\\\/\\\/www.holtsauto.com\\\/fr\\\/#website\"},\"primaryImageOfPage\":{\"@id\":\"https:\\\/\\\/www.holtsauto.com\\\/fr\\\/produits\\\/nettoyage-exterieur\\\/renovateur-peintures\\\/#primaryimage\"},\"image\":{\"@id\":\"https:\\\/\\\/www.holtsauto.com\\\/fr\\\/produits\\\/nettoyage-exterieur\\\/renovateur-peintures\\\/#primaryimage\"},\"thumbnailUrl\":\"https:\\\/\\\/www.holtsauto.com\\\/wp-content\\\/uploads\\\/2021\\\/04\\\/renovateur-peintures.png\",\"datePublished\":\"2021-04-15T13:11:35+00:00\",\"dateModified\":\"2025-02-12T08:08:21+00:00\",\"description\":\"Holts Paint Restorer ravivera la peinture de votre voiture, vous d\u00e9barrassera des imperfections et restaurera un aspect homog\u00e8ne. D\u00e9couvrez-en plus sur son fonctionnement ici.\",\"breadcrumb\":{\"@id\":\"https:\\\/\\\/www.holtsauto.com\\\/fr\\\/produits\\\/nettoyage-exterieur\\\/renovateur-peintures\\\/#breadcrumb\"},\"inLanguage\":\"fr-FR\",\"potentialAction\":[{\"@type\":\"ReadAction\",\"target\":[\"https:\\\/\\\/www.holtsauto.com\\\/fr\\\/produits\\\/nettoyage-exterieur\\\/renovateur-peintures\\\/\"]}]},{\"@type\":\"ImageObject\",\"inLanguage\":\"fr-FR\",\"@id\":\"https:\\\/\\\/www.holtsauto.com\\\/fr\\\/produits\\\/nettoyage-exterieur\\\/renovateur-peintures\\\/#primaryimage\",\"url\":\"https:\\\/\\\/www.holtsauto.com\\\/wp-content\\\/uploads\\\/2021\\\/04\\\/renovateur-peintures.png\",\"contentUrl\":\"https:\\\/\\\/www.holtsauto.com\\\/wp-content\\\/uploads\\\/2021\\\/04\\\/renovateur-peintures.png\",\"width\":2000,\"height\":2000,\"caption\":\"renovateur-peintures holts france\"},{\"@type\":\"BreadcrumbList\",\"@id\":\"https:\\\/\\\/www.holtsauto.com\\\/fr\\\/produits\\\/nettoyage-exterieur\\\/renovateur-peintures\\\/#breadcrumb\",\"itemListElement\":[{\"@type\":\"ListItem\",\"position\":1,\"name\":\"Home\",\"item\":\"https:\\\/\\\/www.holtsauto.com\\\/fr\\\/\"},{\"@type\":\"ListItem\",\"position\":2,\"name\":\"Produits\",\"item\":\"https:\\\/\\\/www.holtsauto.com\\\/fr\\\/produits\\\/\"},{\"@type\":\"ListItem\",\"position\":3,\"name\":\"R\u00e9novateur Peintures\"}]},{\"@type\":\"WebSite\",\"@id\":\"https:\\\/\\\/www.holtsauto.com\\\/fr\\\/#website\",\"url\":\"https:\\\/\\\/www.holtsauto.com\\\/fr\\\/\",\"name\":\"Holts Auto\",\"description\":\"\",\"potentialAction\":[{\"@type\":\"SearchAction\",\"target\":{\"@type\":\"EntryPoint\",\"urlTemplate\":\"https:\\\/\\\/www.holtsauto.com\\\/fr\\\/?s={search_term_string}\"},\"query-input\":{\"@type\":\"PropertyValueSpecification\",\"valueRequired\":true,\"valueName\":\"search_term_string\"}}],\"inLanguage\":\"fr-FR\"}]}<\/script>\n<!-- \/ Yoast SEO plugin. -->","yoast_head_json":{"title":"R\u00e9novateur Peintures | Produits | Holts FR","description":"Holts Paint Restorer ravivera la peinture de votre voiture, vous d\u00e9barrassera des imperfections et restaurera un aspect homog\u00e8ne. D\u00e9couvrez-en plus sur son fonctionnement ici.","robots":{"index":"index","follow":"follow","max-snippet":"max-snippet:-1","max-image-preview":"max-image-preview:large","max-video-preview":"max-video-preview:-1"},"canonical":"https:\/\/www.holtsauto.com\/fr\/produits\/nettoyage-exterieur\/renovateur-peintures\/","og_locale":"fr_FR","og_type":"article","og_title":"R\u00e9novateur Peintures | Produits | Holts FR","og_description":"Holts Paint Restorer ravivera la peinture de votre voiture, vous d\u00e9barrassera des imperfections et restaurera un aspect homog\u00e8ne. D\u00e9couvrez-en plus sur son fonctionnement ici.","og_url":"https:\/\/www.holtsauto.com\/fr\/produits\/nettoyage-exterieur\/renovateur-peintures\/","og_site_name":"Holts Auto Site","article_modified_time":"2025-02-12T08:08:21+00:00","og_image":[{"width":2000,"height":2000,"url":"https:\/\/www.holtsauto.com\/wp-content\/uploads\/2021\/04\/renovateur-peintures.png","type":"image\/png"}],"twitter_card":"summary_large_image","twitter_misc":{"Dur\u00e9e de lecture estim\u00e9e":"1 minute"},"schema":{"@context":"https:\/\/schema.org","@graph":[{"@type":"WebPage","@id":"https:\/\/www.holtsauto.com\/fr\/produits\/nettoyage-exterieur\/renovateur-peintures\/","url":"https:\/\/www.holtsauto.com\/fr\/produits\/nettoyage-exterieur\/renovateur-peintures\/","name":"R\u00e9novateur Peintures | Produits | Holts FR","isPartOf":{"@id":"https:\/\/www.holtsauto.com\/fr\/#website"},"primaryImageOfPage":{"@id":"https:\/\/www.holtsauto.com\/fr\/produits\/nettoyage-exterieur\/renovateur-peintures\/#primaryimage"},"image":{"@id":"https:\/\/www.holtsauto.com\/fr\/produits\/nettoyage-exterieur\/renovateur-peintures\/#primaryimage"},"thumbnailUrl":"https:\/\/www.holtsauto.com\/wp-content\/uploads\/2021\/04\/renovateur-peintures.png","datePublished":"2021-04-15T13:11:35+00:00","dateModified":"2025-02-12T08:08:21+00:00","description":"Holts Paint Restorer ravivera la peinture de votre voiture, vous d\u00e9barrassera des imperfections et restaurera un aspect homog\u00e8ne. D\u00e9couvrez-en plus sur son fonctionnement ici.","breadcrumb":{"@id":"https:\/\/www.holtsauto.com\/fr\/produits\/nettoyage-exterieur\/renovateur-peintures\/#breadcrumb"},"inLanguage":"fr-FR","potentialAction":[{"@type":"ReadAction","target":["https:\/\/www.holtsauto.com\/fr\/produits\/nettoyage-exterieur\/renovateur-peintures\/"]}]},{"@type":"ImageObject","inLanguage":"fr-FR","@id":"https:\/\/www.holtsauto.com\/fr\/produits\/nettoyage-exterieur\/renovateur-peintures\/#primaryimage","url":"https:\/\/www.holtsauto.com\/wp-content\/uploads\/2021\/04\/renovateur-peintures.png","contentUrl":"https:\/\/www.holtsauto.com\/wp-content\/uploads\/2021\/04\/renovateur-peintures.png","width":2000,"height":2000,"caption":"renovateur-peintures holts france"},{"@type":"BreadcrumbList","@id":"https:\/\/www.holtsauto.com\/fr\/produits\/nettoyage-exterieur\/renovateur-peintures\/#breadcrumb","itemListElement":[{"@type":"ListItem","position":1,"name":"Home","item":"https:\/\/www.holtsauto.com\/fr\/"},{"@type":"ListItem","position":2,"name":"Produits","item":"https:\/\/www.holtsauto.com\/fr\/produits\/"},{"@type":"ListItem","position":3,"name":"R\u00e9novateur Peintures"}]},{"@type":"WebSite","@id":"https:\/\/www.holtsauto.com\/fr\/#website","url":"https:\/\/www.holtsauto.com\/fr\/","name":"Holts Auto","description":"","potentialAction":[{"@type":"SearchAction","target":{"@type":"EntryPoint","urlTemplate":"https:\/\/www.holtsauto.com\/fr\/?s={search_term_string}"},"query-input":{"@type":"PropertyValueSpecification","valueRequired":true,"valueName":"search_term_string"}}],"inLanguage":"fr-FR"}]}},"_links":{"self":[{"href":"https:\/\/www.holtsauto.com\/fr\/wp-json\/wp\/v2\/product\/9484","targetHints":{"allow":["GET"]}}],"collection":[{"href":"https:\/\/www.holtsauto.com\/fr\/wp-json\/wp\/v2\/product"}],"about":[{"href":"https:\/\/www.holtsauto.com\/fr\/wp-json\/wp\/v2\/types\/product"}],"replies":[{"embeddable":true,"href":"https:\/\/www.holtsauto.com\/fr\/wp-json\/wp\/v2\/comments?post=9484"}],"wp:featuredmedia":[{"embeddable":true,"href":"https:\/\/www.holtsauto.com\/fr\/wp-json\/wp\/v2\/media\/11236"}],"wp:attachment":[{"href":"https:\/\/www.holtsauto.com\/fr\/wp-json\/wp\/v2\/media?parent=9484"}],"wp:term":[{"taxonomy":"product_brand","embeddable":true,"href":"https:\/\/www.holtsauto.com\/fr\/wp-json\/wp\/v2\/product_brand?post=9484"},{"taxonomy":"product_cat","embeddable":true,"href":"https:\/\/www.holtsauto.com\/fr\/wp-json\/wp\/v2\/product_cat?post=9484"},{"taxonomy":"product_tag","embeddable":true,"href":"https:\/\/www.holtsauto.com\/fr\/wp-json\/wp\/v2\/product_tag?post=9484"}],"curies":[{"name":"wp","href":"https:\/\/api.w.org\/{rel}","templated":true}]}}