{"id":9485,"date":"2022-03-28T14:56:12","date_gmt":"2022-03-28T12:56:12","guid":{"rendered":"https:\/\/www.holtsauto.com\/fr\/?post_type=product&#038;p=157"},"modified":"2025-02-10T17:29:00","modified_gmt":"2025-02-10T17:29:00","slug":"nettoyant-jantes-sans-acides","status":"publish","type":"product","link":"https:\/\/www.holtsauto.com\/fr\/produits\/nettoyage-exterieur\/nettoyant-jantes-sans-acides\/","title":{"rendered":"Nettoyant Jantes Sans Acides"},"content":{"rendered":"<p><span style=\"font-weight: 400;\">Contrairement \u00e0 d&rsquo;autres nettoyants, Holts Nettoyant Jantes Sans Acides peut \u00eatre utilis\u00e9 en toute s\u00e9curit\u00e9 m\u00eame si vos jantes en alliage sont \u00e9rafl\u00e9es ou endommag\u00e9es, le nettoyant ne les corrodera pas.<\/span><\/p>\n<p><span style=\"font-weight: 400;\">En fait, il est suffisamment doux pour une utilisation hebdomadaire ou bimensuelle r\u00e9guli\u00e8re, alors assurez-vous de l\u2019ajouter \u00e0 votre programme de lavage de voiture habituel.<\/span><\/p>\n<p><span style=\"font-weight: 400;\">Les roues des voitures peuvent \u00eatre mises \u00e0 rude \u00e9preuve sur la route, la salet\u00e9, le sel et la poussi\u00e8re de frein les recouvrant constamment d&rsquo;une couche de crasse.<\/span><\/p>\n<p><span style=\"font-weight: 400;\">Si rien n&rsquo;est fait, cette salet\u00e9 peut s&rsquo;accumuler, provoquant des taches tenaces, de la corrosion et des piq\u00fbres sur la jante en alliage elle-m\u00eame.<\/span><\/p>\n<p><span style=\"font-weight: 400;\">Nettoyant Jantes Sans Acides a \u00e9t\u00e9 d\u00e9velopp\u00e9 pour r\u00e9sister \u00e0 la salet\u00e9 et \u00e0 la crasse, mais pas \u00e0 vos jantes en alliage.<\/span><\/p>\n<p><span style=\"font-weight: 400;\">La formule de nettoyage puissante peut \u00e9liminer m\u00eame les taches et les marques les plus tenaces, laissant vos jantes en alliage propres, brillantes et exemptes de poussi\u00e8re et de d\u00e9p\u00f4ts de frein.<\/span><\/p>\n","protected":false},"excerpt":{"rendered":"<p><span style=\"font-weight: 400;\">Si vous souhaitez entretenir correctement vos alliages, Holts Nettoyant Jantes Sans Acides est le produit qu&rsquo;il vous faut.<\/span><\/p>\n<ul>\n<li><span style=\"font-weight: 400;\">Elimine\u00a0 r\u00e9sidus et d\u00e9p\u00f4ts de plaquettes de freins\u00a0<\/span><\/li>\n<li><span style=\"font-weight: 400;\"> Sans acide, non corrosif\u00a0<\/span><\/li>\n<li><span style=\"font-weight: 400;\"> Jantes en aluminium, chrom\u00e9es, vernies, anodis\u00e9es<\/span><\/li>\n<\/ul>\n","protected":false},"featured_media":11242,"comment_status":"closed","ping_status":"closed","template":"","meta":{"_acf_changed":false,"inline_featured_image":false},"product_brand":[],"product_cat":[307],"product_tag":[],"class_list":{"0":"post-9485","1":"product","2":"type-product","3":"status-publish","4":"has-post-thumbnail","6":"product_cat-nettoyage-exterieur","8":"first","9":"instock","10":"shipping-taxable","11":"purchasable","12":"product-type-simple"},"acf":[],"yoast_head":"<!-- This site is optimized with the Yoast SEO plugin v27.4 - https:\/\/yoast.com\/product\/yoast-seo-wordpress\/ -->\n<title>Holts Nettoyant Jantes Sans Acides | Produits | Holts FR<\/title>\n<meta name=\"description\" content=\"Nettoyant Jantes Sans Acides est un produit nettoyant pour jantes performant sans acide, afin d&#039;\u00e9viter tout dommage \u00e0 vos roues m\u00eame en cas de rayures.\" \/>\n<meta name=\"robots\" content=\"index, follow, max-snippet:-1, max-image-preview:large, max-video-preview:-1\" \/>\n<link rel=\"canonical\" href=\"https:\/\/www.holtsauto.com\/fr\/produits\/nettoyage-exterieur\/nettoyant-jantes-sans-acides\/\" \/>\n<meta property=\"og:locale\" content=\"fr_FR\" \/>\n<meta property=\"og:type\" content=\"article\" \/>\n<meta property=\"og:title\" content=\"Holts Nettoyant Jantes Sans Acides | Produits | Holts FR\" \/>\n<meta property=\"og:description\" content=\"Nettoyant Jantes Sans Acides est un produit nettoyant pour jantes performant sans acide, afin d&#039;\u00e9viter tout dommage \u00e0 vos roues m\u00eame en cas de rayures.\" \/>\n<meta property=\"og:url\" content=\"https:\/\/www.holtsauto.com\/fr\/produits\/nettoyage-exterieur\/nettoyant-jantes-sans-acides\/\" \/>\n<meta property=\"og:site_name\" content=\"Holts Auto Site\" \/>\n<meta property=\"article:modified_time\" content=\"2025-02-10T17:29:00+00:00\" \/>\n<meta property=\"og:image\" content=\"https:\/\/www.holtsauto.com\/wp-content\/uploads\/2022\/03\/nettoyant-jantes-sans-acide.png\" \/>\n\t<meta property=\"og:image:width\" content=\"2000\" \/>\n\t<meta property=\"og:image:height\" content=\"2000\" \/>\n\t<meta property=\"og:image:type\" content=\"image\/png\" \/>\n<meta name=\"twitter:card\" content=\"summary_large_image\" \/>\n<meta name=\"twitter:label1\" content=\"Dur\u00e9e de lecture estim\u00e9e\" \/>\n\t<meta name=\"twitter:data1\" content=\"2 minutes\" \/>\n<script type=\"application\/ld+json\" class=\"yoast-schema-graph\">{\"@context\":\"https:\\\/\\\/schema.org\",\"@graph\":[{\"@type\":\"WebPage\",\"@id\":\"https:\\\/\\\/www.holtsauto.com\\\/fr\\\/produits\\\/nettoyage-exterieur\\\/nettoyant-jantes-sans-acides\\\/\",\"url\":\"https:\\\/\\\/www.holtsauto.com\\\/fr\\\/produits\\\/nettoyage-exterieur\\\/nettoyant-jantes-sans-acides\\\/\",\"name\":\"Holts Nettoyant Jantes Sans Acides | Produits | Holts FR\",\"isPartOf\":{\"@id\":\"https:\\\/\\\/www.holtsauto.com\\\/fr\\\/#website\"},\"primaryImageOfPage\":{\"@id\":\"https:\\\/\\\/www.holtsauto.com\\\/fr\\\/produits\\\/nettoyage-exterieur\\\/nettoyant-jantes-sans-acides\\\/#primaryimage\"},\"image\":{\"@id\":\"https:\\\/\\\/www.holtsauto.com\\\/fr\\\/produits\\\/nettoyage-exterieur\\\/nettoyant-jantes-sans-acides\\\/#primaryimage\"},\"thumbnailUrl\":\"https:\\\/\\\/www.holtsauto.com\\\/wp-content\\\/uploads\\\/2022\\\/03\\\/nettoyant-jantes-sans-acide.png\",\"datePublished\":\"2022-03-28T12:56:12+00:00\",\"dateModified\":\"2025-02-10T17:29:00+00:00\",\"description\":\"Nettoyant Jantes Sans Acides est un produit nettoyant pour jantes performant sans acide, afin d'\u00e9viter tout dommage \u00e0 vos roues m\u00eame en cas de rayures.\",\"breadcrumb\":{\"@id\":\"https:\\\/\\\/www.holtsauto.com\\\/fr\\\/produits\\\/nettoyage-exterieur\\\/nettoyant-jantes-sans-acides\\\/#breadcrumb\"},\"inLanguage\":\"fr-FR\",\"potentialAction\":[{\"@type\":\"ReadAction\",\"target\":[\"https:\\\/\\\/www.holtsauto.com\\\/fr\\\/produits\\\/nettoyage-exterieur\\\/nettoyant-jantes-sans-acides\\\/\"]}]},{\"@type\":\"ImageObject\",\"inLanguage\":\"fr-FR\",\"@id\":\"https:\\\/\\\/www.holtsauto.com\\\/fr\\\/produits\\\/nettoyage-exterieur\\\/nettoyant-jantes-sans-acides\\\/#primaryimage\",\"url\":\"https:\\\/\\\/www.holtsauto.com\\\/wp-content\\\/uploads\\\/2022\\\/03\\\/nettoyant-jantes-sans-acide.png\",\"contentUrl\":\"https:\\\/\\\/www.holtsauto.com\\\/wp-content\\\/uploads\\\/2022\\\/03\\\/nettoyant-jantes-sans-acide.png\",\"width\":2000,\"height\":2000,\"caption\":\"nettoyant jantes sans acide holts france\"},{\"@type\":\"BreadcrumbList\",\"@id\":\"https:\\\/\\\/www.holtsauto.com\\\/fr\\\/produits\\\/nettoyage-exterieur\\\/nettoyant-jantes-sans-acides\\\/#breadcrumb\",\"itemListElement\":[{\"@type\":\"ListItem\",\"position\":1,\"name\":\"Home\",\"item\":\"https:\\\/\\\/www.holtsauto.com\\\/fr\\\/\"},{\"@type\":\"ListItem\",\"position\":2,\"name\":\"Produits\",\"item\":\"https:\\\/\\\/www.holtsauto.com\\\/fr\\\/produits\\\/\"},{\"@type\":\"ListItem\",\"position\":3,\"name\":\"Nettoyant Jantes Sans Acides\"}]},{\"@type\":\"WebSite\",\"@id\":\"https:\\\/\\\/www.holtsauto.com\\\/fr\\\/#website\",\"url\":\"https:\\\/\\\/www.holtsauto.com\\\/fr\\\/\",\"name\":\"Holts Auto\",\"description\":\"\",\"potentialAction\":[{\"@type\":\"SearchAction\",\"target\":{\"@type\":\"EntryPoint\",\"urlTemplate\":\"https:\\\/\\\/www.holtsauto.com\\\/fr\\\/?s={search_term_string}\"},\"query-input\":{\"@type\":\"PropertyValueSpecification\",\"valueRequired\":true,\"valueName\":\"search_term_string\"}}],\"inLanguage\":\"fr-FR\"}]}<\/script>\n<!-- \/ Yoast SEO plugin. -->","yoast_head_json":{"title":"Holts Nettoyant Jantes Sans Acides | Produits | Holts FR","description":"Nettoyant Jantes Sans Acides est un produit nettoyant pour jantes performant sans acide, afin d'\u00e9viter tout dommage \u00e0 vos roues m\u00eame en cas de rayures.","robots":{"index":"index","follow":"follow","max-snippet":"max-snippet:-1","max-image-preview":"max-image-preview:large","max-video-preview":"max-video-preview:-1"},"canonical":"https:\/\/www.holtsauto.com\/fr\/produits\/nettoyage-exterieur\/nettoyant-jantes-sans-acides\/","og_locale":"fr_FR","og_type":"article","og_title":"Holts Nettoyant Jantes Sans Acides | Produits | Holts FR","og_description":"Nettoyant Jantes Sans Acides est un produit nettoyant pour jantes performant sans acide, afin d'\u00e9viter tout dommage \u00e0 vos roues m\u00eame en cas de rayures.","og_url":"https:\/\/www.holtsauto.com\/fr\/produits\/nettoyage-exterieur\/nettoyant-jantes-sans-acides\/","og_site_name":"Holts Auto Site","article_modified_time":"2025-02-10T17:29:00+00:00","og_image":[{"width":2000,"height":2000,"url":"https:\/\/www.holtsauto.com\/wp-content\/uploads\/2022\/03\/nettoyant-jantes-sans-acide.png","type":"image\/png"}],"twitter_card":"summary_large_image","twitter_misc":{"Dur\u00e9e de lecture estim\u00e9e":"2 minutes"},"schema":{"@context":"https:\/\/schema.org","@graph":[{"@type":"WebPage","@id":"https:\/\/www.holtsauto.com\/fr\/produits\/nettoyage-exterieur\/nettoyant-jantes-sans-acides\/","url":"https:\/\/www.holtsauto.com\/fr\/produits\/nettoyage-exterieur\/nettoyant-jantes-sans-acides\/","name":"Holts Nettoyant Jantes Sans Acides | Produits | Holts FR","isPartOf":{"@id":"https:\/\/www.holtsauto.com\/fr\/#website"},"primaryImageOfPage":{"@id":"https:\/\/www.holtsauto.com\/fr\/produits\/nettoyage-exterieur\/nettoyant-jantes-sans-acides\/#primaryimage"},"image":{"@id":"https:\/\/www.holtsauto.com\/fr\/produits\/nettoyage-exterieur\/nettoyant-jantes-sans-acides\/#primaryimage"},"thumbnailUrl":"https:\/\/www.holtsauto.com\/wp-content\/uploads\/2022\/03\/nettoyant-jantes-sans-acide.png","datePublished":"2022-03-28T12:56:12+00:00","dateModified":"2025-02-10T17:29:00+00:00","description":"Nettoyant Jantes Sans Acides est un produit nettoyant pour jantes performant sans acide, afin d'\u00e9viter tout dommage \u00e0 vos roues m\u00eame en cas de rayures.","breadcrumb":{"@id":"https:\/\/www.holtsauto.com\/fr\/produits\/nettoyage-exterieur\/nettoyant-jantes-sans-acides\/#breadcrumb"},"inLanguage":"fr-FR","potentialAction":[{"@type":"ReadAction","target":["https:\/\/www.holtsauto.com\/fr\/produits\/nettoyage-exterieur\/nettoyant-jantes-sans-acides\/"]}]},{"@type":"ImageObject","inLanguage":"fr-FR","@id":"https:\/\/www.holtsauto.com\/fr\/produits\/nettoyage-exterieur\/nettoyant-jantes-sans-acides\/#primaryimage","url":"https:\/\/www.holtsauto.com\/wp-content\/uploads\/2022\/03\/nettoyant-jantes-sans-acide.png","contentUrl":"https:\/\/www.holtsauto.com\/wp-content\/uploads\/2022\/03\/nettoyant-jantes-sans-acide.png","width":2000,"height":2000,"caption":"nettoyant jantes sans acide holts france"},{"@type":"BreadcrumbList","@id":"https:\/\/www.holtsauto.com\/fr\/produits\/nettoyage-exterieur\/nettoyant-jantes-sans-acides\/#breadcrumb","itemListElement":[{"@type":"ListItem","position":1,"name":"Home","item":"https:\/\/www.holtsauto.com\/fr\/"},{"@type":"ListItem","position":2,"name":"Produits","item":"https:\/\/www.holtsauto.com\/fr\/produits\/"},{"@type":"ListItem","position":3,"name":"Nettoyant Jantes Sans Acides"}]},{"@type":"WebSite","@id":"https:\/\/www.holtsauto.com\/fr\/#website","url":"https:\/\/www.holtsauto.com\/fr\/","name":"Holts Auto","description":"","potentialAction":[{"@type":"SearchAction","target":{"@type":"EntryPoint","urlTemplate":"https:\/\/www.holtsauto.com\/fr\/?s={search_term_string}"},"query-input":{"@type":"PropertyValueSpecification","valueRequired":true,"valueName":"search_term_string"}}],"inLanguage":"fr-FR"}]}},"_links":{"self":[{"href":"https:\/\/www.holtsauto.com\/fr\/wp-json\/wp\/v2\/product\/9485","targetHints":{"allow":["GET"]}}],"collection":[{"href":"https:\/\/www.holtsauto.com\/fr\/wp-json\/wp\/v2\/product"}],"about":[{"href":"https:\/\/www.holtsauto.com\/fr\/wp-json\/wp\/v2\/types\/product"}],"replies":[{"embeddable":true,"href":"https:\/\/www.holtsauto.com\/fr\/wp-json\/wp\/v2\/comments?post=9485"}],"wp:featuredmedia":[{"embeddable":true,"href":"https:\/\/www.holtsauto.com\/fr\/wp-json\/wp\/v2\/media\/11242"}],"wp:attachment":[{"href":"https:\/\/www.holtsauto.com\/fr\/wp-json\/wp\/v2\/media?parent=9485"}],"wp:term":[{"taxonomy":"product_brand","embeddable":true,"href":"https:\/\/www.holtsauto.com\/fr\/wp-json\/wp\/v2\/product_brand?post=9485"},{"taxonomy":"product_cat","embeddable":true,"href":"https:\/\/www.holtsauto.com\/fr\/wp-json\/wp\/v2\/product_cat?post=9485"},{"taxonomy":"product_tag","embeddable":true,"href":"https:\/\/www.holtsauto.com\/fr\/wp-json\/wp\/v2\/product_tag?post=9485"}],"curies":[{"name":"wp","href":"https:\/\/api.w.org\/{rel}","templated":true}]}}