{"id":9486,"date":"2022-03-26T10:20:48","date_gmt":"2022-03-26T09:20:48","guid":{"rendered":"https:\/\/www.holtsauto.com\/fr\/?post_type=product&#038;p=158"},"modified":"2025-02-10T17:28:38","modified_gmt":"2025-02-10T17:28:38","slug":"nettoyant-jantes-aluminium","status":"publish","type":"product","link":"https:\/\/www.holtsauto.com\/fr\/produits\/nettoyage-exterieur\/nettoyant-jantes-aluminium\/","title":{"rendered":"Nettoyant Jantes D\u00e9contaminant"},"content":{"rendered":"<p><span style=\"font-weight: 400;\">Holts Nettoyant Jantes De\u0301contaminant est un nettoyant pour roues non agressif et sans acide qui r\u00e9agit avec les fers contaminants et change de couleur pour indiquer quand il est pr\u00eat \u00e0 \u00eatre agit\u00e9 et lav\u00e9. C&rsquo;est votre solution id\u00e9ale pour obtenir des roues et des jantes d&rsquo;une propret\u00e9 \u00e9clatante avec un minimum d&rsquo;effort.<\/span><\/p>\n<p><span style=\"font-weight: 400;\">Notre Iron Active multi-usage peut \u00e9galement \u00eatre utilis\u00e9 sur la carrosserie comme dissolvant de chutes de pr\u00e9lavage pour mettre en \u00e9vidence les contaminants sur la carrosserie et pour vous aider \u00e0 nettoyer votre voiture plus rapidement.<\/span><\/p>\n<ul>\n<li><span style=\"font-weight: 400;\"> Formule sans acide\u00a0<\/span><\/li>\n<li><span style=\"font-weight: 400;\"> Supprime la salet\u00e9 et la poussi\u00e8re de frein\u00a0<\/span><\/li>\n<li><span style=\"font-weight: 400;\"> Sp\u00e9ciale pr\u00e9lavage et d\u00e9contamination ferreuse\u00a0<\/span><\/li>\n<li><span style=\"font-weight: 400;\"> Jantes et carrosserie\u00a0<\/span><\/li>\n<li><span style=\"font-weight: 400;\"> Change de couleur au contact des particules ferreuses<\/span><\/li>\n<\/ul>\n","protected":false},"excerpt":{"rendered":"<p><span style=\"font-weight: 400;\">Holts Nettoyant Jantes De\u0301contaminant change activement de couleur en nettoyant les alliages, pour \u00e9liminer facilement la salet\u00e9, les marques et la poussi\u00e8re de frein tenace.<\/span><\/p>\n<ul>\n<li>Formule sans acide<\/li>\n<li>Change de couleur au contact des particules ferreuses<\/li>\n<li>Supprime la salet\u00e9 et la poussi\u00e8re de frein<\/li>\n<\/ul>\n","protected":false},"featured_media":11239,"comment_status":"closed","ping_status":"closed","template":"","meta":{"_acf_changed":false,"inline_featured_image":false},"product_brand":[],"product_cat":[307],"product_tag":[],"class_list":{"0":"post-9486","1":"product","2":"type-product","3":"status-publish","4":"has-post-thumbnail","6":"product_cat-nettoyage-exterieur","8":"first","9":"instock","10":"shipping-taxable","11":"purchasable","12":"product-type-simple"},"acf":[],"yoast_head":"<!-- This site is optimized with the Yoast SEO plugin v27.4 - https:\/\/yoast.com\/product\/yoast-seo-wordpress\/ -->\n<title>Nettoyant Jantes D\u00e9contaminant | Produits | Holts FR<\/title>\n<meta name=\"description\" content=\"Le Nettoyant Jantes D\u00e9contaminant Holts a \u00e9t\u00e9 con\u00e7u dans nos laboratoires et test\u00e9 sur la route afin de garantir un produit efficace pour vos jantes.\" \/>\n<meta name=\"robots\" content=\"index, follow, max-snippet:-1, max-image-preview:large, max-video-preview:-1\" \/>\n<link rel=\"canonical\" href=\"https:\/\/www.holtsauto.com\/fr\/produits\/nettoyage-exterieur\/nettoyant-jantes-aluminium\/\" \/>\n<meta property=\"og:locale\" content=\"fr_FR\" \/>\n<meta property=\"og:type\" content=\"article\" \/>\n<meta property=\"og:title\" content=\"Nettoyant Jantes D\u00e9contaminant | Produits | Holts FR\" \/>\n<meta property=\"og:description\" content=\"Le Nettoyant Jantes D\u00e9contaminant Holts a \u00e9t\u00e9 con\u00e7u dans nos laboratoires et test\u00e9 sur la route afin de garantir un produit efficace pour vos jantes.\" \/>\n<meta property=\"og:url\" content=\"https:\/\/www.holtsauto.com\/fr\/produits\/nettoyage-exterieur\/nettoyant-jantes-aluminium\/\" \/>\n<meta property=\"og:site_name\" content=\"Holts Auto Site\" \/>\n<meta property=\"article:modified_time\" content=\"2025-02-10T17:28:38+00:00\" \/>\n<meta property=\"og:image\" content=\"https:\/\/www.holtsauto.com\/wp-content\/uploads\/2022\/03\/nettoyant-jantes-decontaminant.png\" \/>\n\t<meta property=\"og:image:width\" content=\"2000\" \/>\n\t<meta property=\"og:image:height\" content=\"2000\" \/>\n\t<meta property=\"og:image:type\" content=\"image\/png\" \/>\n<meta name=\"twitter:card\" content=\"summary_large_image\" \/>\n<meta name=\"twitter:label1\" content=\"Dur\u00e9e de lecture estim\u00e9e\" \/>\n\t<meta name=\"twitter:data1\" content=\"1 minute\" \/>\n<script type=\"application\/ld+json\" class=\"yoast-schema-graph\">{\"@context\":\"https:\\\/\\\/schema.org\",\"@graph\":[{\"@type\":\"WebPage\",\"@id\":\"https:\\\/\\\/www.holtsauto.com\\\/fr\\\/produits\\\/nettoyage-exterieur\\\/nettoyant-jantes-aluminium\\\/\",\"url\":\"https:\\\/\\\/www.holtsauto.com\\\/fr\\\/produits\\\/nettoyage-exterieur\\\/nettoyant-jantes-aluminium\\\/\",\"name\":\"Nettoyant Jantes D\u00e9contaminant | Produits | Holts FR\",\"isPartOf\":{\"@id\":\"https:\\\/\\\/www.holtsauto.com\\\/fr\\\/#website\"},\"primaryImageOfPage\":{\"@id\":\"https:\\\/\\\/www.holtsauto.com\\\/fr\\\/produits\\\/nettoyage-exterieur\\\/nettoyant-jantes-aluminium\\\/#primaryimage\"},\"image\":{\"@id\":\"https:\\\/\\\/www.holtsauto.com\\\/fr\\\/produits\\\/nettoyage-exterieur\\\/nettoyant-jantes-aluminium\\\/#primaryimage\"},\"thumbnailUrl\":\"https:\\\/\\\/www.holtsauto.com\\\/wp-content\\\/uploads\\\/2022\\\/03\\\/nettoyant-jantes-decontaminant.png\",\"datePublished\":\"2022-03-26T09:20:48+00:00\",\"dateModified\":\"2025-02-10T17:28:38+00:00\",\"description\":\"Le Nettoyant Jantes D\u00e9contaminant Holts a \u00e9t\u00e9 con\u00e7u dans nos laboratoires et test\u00e9 sur la route afin de garantir un produit efficace pour vos jantes.\",\"breadcrumb\":{\"@id\":\"https:\\\/\\\/www.holtsauto.com\\\/fr\\\/produits\\\/nettoyage-exterieur\\\/nettoyant-jantes-aluminium\\\/#breadcrumb\"},\"inLanguage\":\"fr-FR\",\"potentialAction\":[{\"@type\":\"ReadAction\",\"target\":[\"https:\\\/\\\/www.holtsauto.com\\\/fr\\\/produits\\\/nettoyage-exterieur\\\/nettoyant-jantes-aluminium\\\/\"]}]},{\"@type\":\"ImageObject\",\"inLanguage\":\"fr-FR\",\"@id\":\"https:\\\/\\\/www.holtsauto.com\\\/fr\\\/produits\\\/nettoyage-exterieur\\\/nettoyant-jantes-aluminium\\\/#primaryimage\",\"url\":\"https:\\\/\\\/www.holtsauto.com\\\/wp-content\\\/uploads\\\/2022\\\/03\\\/nettoyant-jantes-decontaminant.png\",\"contentUrl\":\"https:\\\/\\\/www.holtsauto.com\\\/wp-content\\\/uploads\\\/2022\\\/03\\\/nettoyant-jantes-decontaminant.png\",\"width\":2000,\"height\":2000,\"caption\":\"nettoyant jantes decontaminant. holts france\"},{\"@type\":\"BreadcrumbList\",\"@id\":\"https:\\\/\\\/www.holtsauto.com\\\/fr\\\/produits\\\/nettoyage-exterieur\\\/nettoyant-jantes-aluminium\\\/#breadcrumb\",\"itemListElement\":[{\"@type\":\"ListItem\",\"position\":1,\"name\":\"Home\",\"item\":\"https:\\\/\\\/www.holtsauto.com\\\/fr\\\/\"},{\"@type\":\"ListItem\",\"position\":2,\"name\":\"Produits\",\"item\":\"https:\\\/\\\/www.holtsauto.com\\\/fr\\\/produits\\\/\"},{\"@type\":\"ListItem\",\"position\":3,\"name\":\"Nettoyant Jantes D\u00e9contaminant\"}]},{\"@type\":\"WebSite\",\"@id\":\"https:\\\/\\\/www.holtsauto.com\\\/fr\\\/#website\",\"url\":\"https:\\\/\\\/www.holtsauto.com\\\/fr\\\/\",\"name\":\"Holts Auto\",\"description\":\"\",\"potentialAction\":[{\"@type\":\"SearchAction\",\"target\":{\"@type\":\"EntryPoint\",\"urlTemplate\":\"https:\\\/\\\/www.holtsauto.com\\\/fr\\\/?s={search_term_string}\"},\"query-input\":{\"@type\":\"PropertyValueSpecification\",\"valueRequired\":true,\"valueName\":\"search_term_string\"}}],\"inLanguage\":\"fr-FR\"}]}<\/script>\n<!-- \/ Yoast SEO plugin. -->","yoast_head_json":{"title":"Nettoyant Jantes D\u00e9contaminant | Produits | Holts FR","description":"Le Nettoyant Jantes D\u00e9contaminant Holts a \u00e9t\u00e9 con\u00e7u dans nos laboratoires et test\u00e9 sur la route afin de garantir un produit efficace pour vos jantes.","robots":{"index":"index","follow":"follow","max-snippet":"max-snippet:-1","max-image-preview":"max-image-preview:large","max-video-preview":"max-video-preview:-1"},"canonical":"https:\/\/www.holtsauto.com\/fr\/produits\/nettoyage-exterieur\/nettoyant-jantes-aluminium\/","og_locale":"fr_FR","og_type":"article","og_title":"Nettoyant Jantes D\u00e9contaminant | Produits | Holts FR","og_description":"Le Nettoyant Jantes D\u00e9contaminant Holts a \u00e9t\u00e9 con\u00e7u dans nos laboratoires et test\u00e9 sur la route afin de garantir un produit efficace pour vos jantes.","og_url":"https:\/\/www.holtsauto.com\/fr\/produits\/nettoyage-exterieur\/nettoyant-jantes-aluminium\/","og_site_name":"Holts Auto Site","article_modified_time":"2025-02-10T17:28:38+00:00","og_image":[{"width":2000,"height":2000,"url":"https:\/\/www.holtsauto.com\/wp-content\/uploads\/2022\/03\/nettoyant-jantes-decontaminant.png","type":"image\/png"}],"twitter_card":"summary_large_image","twitter_misc":{"Dur\u00e9e de lecture estim\u00e9e":"1 minute"},"schema":{"@context":"https:\/\/schema.org","@graph":[{"@type":"WebPage","@id":"https:\/\/www.holtsauto.com\/fr\/produits\/nettoyage-exterieur\/nettoyant-jantes-aluminium\/","url":"https:\/\/www.holtsauto.com\/fr\/produits\/nettoyage-exterieur\/nettoyant-jantes-aluminium\/","name":"Nettoyant Jantes D\u00e9contaminant | Produits | Holts FR","isPartOf":{"@id":"https:\/\/www.holtsauto.com\/fr\/#website"},"primaryImageOfPage":{"@id":"https:\/\/www.holtsauto.com\/fr\/produits\/nettoyage-exterieur\/nettoyant-jantes-aluminium\/#primaryimage"},"image":{"@id":"https:\/\/www.holtsauto.com\/fr\/produits\/nettoyage-exterieur\/nettoyant-jantes-aluminium\/#primaryimage"},"thumbnailUrl":"https:\/\/www.holtsauto.com\/wp-content\/uploads\/2022\/03\/nettoyant-jantes-decontaminant.png","datePublished":"2022-03-26T09:20:48+00:00","dateModified":"2025-02-10T17:28:38+00:00","description":"Le Nettoyant Jantes D\u00e9contaminant Holts a \u00e9t\u00e9 con\u00e7u dans nos laboratoires et test\u00e9 sur la route afin de garantir un produit efficace pour vos jantes.","breadcrumb":{"@id":"https:\/\/www.holtsauto.com\/fr\/produits\/nettoyage-exterieur\/nettoyant-jantes-aluminium\/#breadcrumb"},"inLanguage":"fr-FR","potentialAction":[{"@type":"ReadAction","target":["https:\/\/www.holtsauto.com\/fr\/produits\/nettoyage-exterieur\/nettoyant-jantes-aluminium\/"]}]},{"@type":"ImageObject","inLanguage":"fr-FR","@id":"https:\/\/www.holtsauto.com\/fr\/produits\/nettoyage-exterieur\/nettoyant-jantes-aluminium\/#primaryimage","url":"https:\/\/www.holtsauto.com\/wp-content\/uploads\/2022\/03\/nettoyant-jantes-decontaminant.png","contentUrl":"https:\/\/www.holtsauto.com\/wp-content\/uploads\/2022\/03\/nettoyant-jantes-decontaminant.png","width":2000,"height":2000,"caption":"nettoyant jantes decontaminant. holts france"},{"@type":"BreadcrumbList","@id":"https:\/\/www.holtsauto.com\/fr\/produits\/nettoyage-exterieur\/nettoyant-jantes-aluminium\/#breadcrumb","itemListElement":[{"@type":"ListItem","position":1,"name":"Home","item":"https:\/\/www.holtsauto.com\/fr\/"},{"@type":"ListItem","position":2,"name":"Produits","item":"https:\/\/www.holtsauto.com\/fr\/produits\/"},{"@type":"ListItem","position":3,"name":"Nettoyant Jantes D\u00e9contaminant"}]},{"@type":"WebSite","@id":"https:\/\/www.holtsauto.com\/fr\/#website","url":"https:\/\/www.holtsauto.com\/fr\/","name":"Holts Auto","description":"","potentialAction":[{"@type":"SearchAction","target":{"@type":"EntryPoint","urlTemplate":"https:\/\/www.holtsauto.com\/fr\/?s={search_term_string}"},"query-input":{"@type":"PropertyValueSpecification","valueRequired":true,"valueName":"search_term_string"}}],"inLanguage":"fr-FR"}]}},"_links":{"self":[{"href":"https:\/\/www.holtsauto.com\/fr\/wp-json\/wp\/v2\/product\/9486","targetHints":{"allow":["GET"]}}],"collection":[{"href":"https:\/\/www.holtsauto.com\/fr\/wp-json\/wp\/v2\/product"}],"about":[{"href":"https:\/\/www.holtsauto.com\/fr\/wp-json\/wp\/v2\/types\/product"}],"replies":[{"embeddable":true,"href":"https:\/\/www.holtsauto.com\/fr\/wp-json\/wp\/v2\/comments?post=9486"}],"wp:featuredmedia":[{"embeddable":true,"href":"https:\/\/www.holtsauto.com\/fr\/wp-json\/wp\/v2\/media\/11239"}],"wp:attachment":[{"href":"https:\/\/www.holtsauto.com\/fr\/wp-json\/wp\/v2\/media?parent=9486"}],"wp:term":[{"taxonomy":"product_brand","embeddable":true,"href":"https:\/\/www.holtsauto.com\/fr\/wp-json\/wp\/v2\/product_brand?post=9486"},{"taxonomy":"product_cat","embeddable":true,"href":"https:\/\/www.holtsauto.com\/fr\/wp-json\/wp\/v2\/product_cat?post=9486"},{"taxonomy":"product_tag","embeddable":true,"href":"https:\/\/www.holtsauto.com\/fr\/wp-json\/wp\/v2\/product_tag?post=9486"}],"curies":[{"name":"wp","href":"https:\/\/api.w.org\/{rel}","templated":true}]}}