{"id":9487,"date":"2022-03-22T10:11:48","date_gmt":"2022-03-22T09:11:48","guid":{"rendered":"https:\/\/www.holtsauto.com\/fr\/?post_type=product&#038;p=160"},"modified":"2025-02-10T17:29:19","modified_gmt":"2025-02-10T17:29:19","slug":"nettoyant-vitres-visibilite-renforcee","status":"publish","type":"product","link":"https:\/\/www.holtsauto.com\/fr\/produits\/nettoyage-exterieur\/nettoyant-vitres-visibilite-renforcee\/","title":{"rendered":"Nettoyant Vitres Haute Visibilit\u00e9"},"content":{"rendered":"<p><span style=\"font-weight: 400;\">Get clear, streak-free windows and mirrors with Holts High Visibility Window Cleaner. It quickly and effectively cleans all glass, plastics, and mirrored surfaces for better visibility while you\u2019re driving.<\/span><\/p>\n<p><span style=\"font-weight: 400;\">The rapid action of Holts Window Cleaner cuts through all kinds of grease and road grime, providing maximum clarity and a streak-free finish. It can also be used around the home, quickly removing dust, dirt, and mucky marks to keep your windows and glass surfaces clean and clear.<\/span><\/p>\n<p><span style=\"font-weight: 400;\">Developed by our team of expert chemists, Holts High Visibility Window Cleaner is the only product you need for cleaning your car\u2019s windows and mirrors, as well as glass surfaces around your home. Rapidly removing grease and grime, it\u2019s ideal for dealing with dirt and marks that can ruin your visibility while driving, both inside and outside your car.<\/span><\/p>\n<p><span style=\"font-weight: 400;\">Whether it\u2019s fingerprints from the kids, slobber from the dog, or traffic film and dust from the road, Holts High Visibility Window Cleaner cuts through dirt and grime to leave your windows clean and clear. And with its specially developed streak-free formula, you\u2019re guaranteed maximum visibility that will benefit every journey.<\/span><\/p>\n","protected":false},"excerpt":{"rendered":"<p><span style=\"font-weight: 400;\">Holts Nettoyant Vitres Haute Visibilit\u00e9 est une formule sp\u00e9cialement con\u00e7ue pour nettoyer les vitres et l\u2019optique des phares de ceux qui prennent soin de l\u2019apparence de leur v\u00e9hicule.<\/span><\/p>\n<ul>\n<li><span style=\"font-weight: 400;\">Supprime la graisse et la salet\u00e9\u00a0<\/span><\/li>\n<li><span style=\"font-weight: 400;\"> Int\u00e9rieur \/ Ext\u00e9rieur\u00a0<\/span><\/li>\n<li><span style=\"font-weight: 400;\"> Sans traces ni reflets\u00a0<\/span><\/li>\n<li><span style=\"font-weight: 400;\"> Vitres, miroirs et plastiques<\/span><\/li>\n<\/ul>\n","protected":false},"featured_media":11271,"comment_status":"closed","ping_status":"closed","template":"","meta":{"_acf_changed":false,"inline_featured_image":false},"product_brand":[],"product_cat":[307],"product_tag":[],"class_list":{"0":"post-9487","1":"product","2":"type-product","3":"status-publish","4":"has-post-thumbnail","6":"product_cat-nettoyage-exterieur","8":"first","9":"instock","10":"shipping-taxable","11":"purchasable","12":"product-type-simple"},"acf":[],"yoast_head":"<!-- This site is optimized with the Yoast SEO plugin v27.5 - https:\/\/yoast.com\/product\/yoast-seo-wordpress\/ -->\n<title>Nettoyant Vitres Haute Visibilit\u00e9 Holts | Produits | Holts FR<\/title>\n<meta name=\"description\" content=\"Nettoyant Vitres Haute Visibilit\u00e9 peut \u00eatre utilis\u00e9 \u00e0 l&#039;int\u00e9rieur ou l&#039;ext\u00e9rieur de votre voiture pour en maintenir les vitres propres\" \/>\n<meta name=\"robots\" content=\"index, follow, max-snippet:-1, max-image-preview:large, max-video-preview:-1\" \/>\n<link rel=\"canonical\" href=\"https:\/\/www.holtsauto.com\/fr\/produits\/nettoyage-exterieur\/nettoyant-vitres-visibilite-renforcee\/\" \/>\n<meta property=\"og:locale\" content=\"fr_FR\" \/>\n<meta property=\"og:type\" content=\"article\" \/>\n<meta property=\"og:title\" content=\"Nettoyant Vitres Haute Visibilit\u00e9 Holts | Produits | Holts FR\" \/>\n<meta property=\"og:description\" content=\"Nettoyant Vitres Haute Visibilit\u00e9 peut \u00eatre utilis\u00e9 \u00e0 l&#039;int\u00e9rieur ou l&#039;ext\u00e9rieur de votre voiture pour en maintenir les vitres propres\" \/>\n<meta property=\"og:url\" content=\"https:\/\/www.holtsauto.com\/fr\/produits\/nettoyage-exterieur\/nettoyant-vitres-visibilite-renforcee\/\" \/>\n<meta property=\"og:site_name\" content=\"Holts Auto Site\" \/>\n<meta property=\"article:modified_time\" content=\"2025-02-10T17:29:19+00:00\" \/>\n<meta property=\"og:image\" content=\"https:\/\/www.holtsauto.com\/wp-content\/uploads\/2022\/03\/nettoyant-vitres-haute-visibilite.png\" \/>\n\t<meta property=\"og:image:width\" content=\"2000\" \/>\n\t<meta property=\"og:image:height\" content=\"2000\" \/>\n\t<meta property=\"og:image:type\" content=\"image\/png\" \/>\n<meta name=\"twitter:card\" content=\"summary_large_image\" \/>\n<meta name=\"twitter:label1\" content=\"Dur\u00e9e de lecture estim\u00e9e\" \/>\n\t<meta name=\"twitter:data1\" content=\"2 minutes\" \/>\n<script type=\"application\/ld+json\" class=\"yoast-schema-graph\">{\"@context\":\"https:\\\/\\\/schema.org\",\"@graph\":[{\"@type\":\"WebPage\",\"@id\":\"https:\\\/\\\/www.holtsauto.com\\\/fr\\\/produits\\\/nettoyage-exterieur\\\/nettoyant-vitres-visibilite-renforcee\\\/\",\"url\":\"https:\\\/\\\/www.holtsauto.com\\\/fr\\\/produits\\\/nettoyage-exterieur\\\/nettoyant-vitres-visibilite-renforcee\\\/\",\"name\":\"Nettoyant Vitres Haute Visibilit\u00e9 Holts | Produits | Holts FR\",\"isPartOf\":{\"@id\":\"https:\\\/\\\/www.holtsauto.com\\\/fr\\\/#website\"},\"primaryImageOfPage\":{\"@id\":\"https:\\\/\\\/www.holtsauto.com\\\/fr\\\/produits\\\/nettoyage-exterieur\\\/nettoyant-vitres-visibilite-renforcee\\\/#primaryimage\"},\"image\":{\"@id\":\"https:\\\/\\\/www.holtsauto.com\\\/fr\\\/produits\\\/nettoyage-exterieur\\\/nettoyant-vitres-visibilite-renforcee\\\/#primaryimage\"},\"thumbnailUrl\":\"https:\\\/\\\/www.holtsauto.com\\\/wp-content\\\/uploads\\\/2022\\\/03\\\/nettoyant-vitres-haute-visibilite.png\",\"datePublished\":\"2022-03-22T09:11:48+00:00\",\"dateModified\":\"2025-02-10T17:29:19+00:00\",\"description\":\"Nettoyant Vitres Haute Visibilit\u00e9 peut \u00eatre utilis\u00e9 \u00e0 l'int\u00e9rieur ou l'ext\u00e9rieur de votre voiture pour en maintenir les vitres propres\",\"breadcrumb\":{\"@id\":\"https:\\\/\\\/www.holtsauto.com\\\/fr\\\/produits\\\/nettoyage-exterieur\\\/nettoyant-vitres-visibilite-renforcee\\\/#breadcrumb\"},\"inLanguage\":\"fr-FR\",\"potentialAction\":[{\"@type\":\"ReadAction\",\"target\":[\"https:\\\/\\\/www.holtsauto.com\\\/fr\\\/produits\\\/nettoyage-exterieur\\\/nettoyant-vitres-visibilite-renforcee\\\/\"]}]},{\"@type\":\"ImageObject\",\"inLanguage\":\"fr-FR\",\"@id\":\"https:\\\/\\\/www.holtsauto.com\\\/fr\\\/produits\\\/nettoyage-exterieur\\\/nettoyant-vitres-visibilite-renforcee\\\/#primaryimage\",\"url\":\"https:\\\/\\\/www.holtsauto.com\\\/wp-content\\\/uploads\\\/2022\\\/03\\\/nettoyant-vitres-haute-visibilite.png\",\"contentUrl\":\"https:\\\/\\\/www.holtsauto.com\\\/wp-content\\\/uploads\\\/2022\\\/03\\\/nettoyant-vitres-haute-visibilite.png\",\"width\":2000,\"height\":2000,\"caption\":\"nettoyant-vitres-haute-visibilite holts france\"},{\"@type\":\"BreadcrumbList\",\"@id\":\"https:\\\/\\\/www.holtsauto.com\\\/fr\\\/produits\\\/nettoyage-exterieur\\\/nettoyant-vitres-visibilite-renforcee\\\/#breadcrumb\",\"itemListElement\":[{\"@type\":\"ListItem\",\"position\":1,\"name\":\"Home\",\"item\":\"https:\\\/\\\/www.holtsauto.com\\\/fr\\\/\"},{\"@type\":\"ListItem\",\"position\":2,\"name\":\"Produits\",\"item\":\"https:\\\/\\\/www.holtsauto.com\\\/fr\\\/produits\\\/\"},{\"@type\":\"ListItem\",\"position\":3,\"name\":\"Nettoyant Vitres Haute Visibilit\u00e9\"}]},{\"@type\":\"WebSite\",\"@id\":\"https:\\\/\\\/www.holtsauto.com\\\/fr\\\/#website\",\"url\":\"https:\\\/\\\/www.holtsauto.com\\\/fr\\\/\",\"name\":\"Holts Auto\",\"description\":\"\",\"potentialAction\":[{\"@type\":\"SearchAction\",\"target\":{\"@type\":\"EntryPoint\",\"urlTemplate\":\"https:\\\/\\\/www.holtsauto.com\\\/fr\\\/?s={search_term_string}\"},\"query-input\":{\"@type\":\"PropertyValueSpecification\",\"valueRequired\":true,\"valueName\":\"search_term_string\"}}],\"inLanguage\":\"fr-FR\"}]}<\/script>\n<!-- \/ Yoast SEO plugin. -->","yoast_head_json":{"title":"Nettoyant Vitres Haute Visibilit\u00e9 Holts | Produits | Holts FR","description":"Nettoyant Vitres Haute Visibilit\u00e9 peut \u00eatre utilis\u00e9 \u00e0 l'int\u00e9rieur ou l'ext\u00e9rieur de votre voiture pour en maintenir les vitres propres","robots":{"index":"index","follow":"follow","max-snippet":"max-snippet:-1","max-image-preview":"max-image-preview:large","max-video-preview":"max-video-preview:-1"},"canonical":"https:\/\/www.holtsauto.com\/fr\/produits\/nettoyage-exterieur\/nettoyant-vitres-visibilite-renforcee\/","og_locale":"fr_FR","og_type":"article","og_title":"Nettoyant Vitres Haute Visibilit\u00e9 Holts | Produits | Holts FR","og_description":"Nettoyant Vitres Haute Visibilit\u00e9 peut \u00eatre utilis\u00e9 \u00e0 l'int\u00e9rieur ou l'ext\u00e9rieur de votre voiture pour en maintenir les vitres propres","og_url":"https:\/\/www.holtsauto.com\/fr\/produits\/nettoyage-exterieur\/nettoyant-vitres-visibilite-renforcee\/","og_site_name":"Holts Auto Site","article_modified_time":"2025-02-10T17:29:19+00:00","og_image":[{"width":2000,"height":2000,"url":"https:\/\/www.holtsauto.com\/wp-content\/uploads\/2022\/03\/nettoyant-vitres-haute-visibilite.png","type":"image\/png"}],"twitter_card":"summary_large_image","twitter_misc":{"Dur\u00e9e de lecture estim\u00e9e":"2 minutes"},"schema":{"@context":"https:\/\/schema.org","@graph":[{"@type":"WebPage","@id":"https:\/\/www.holtsauto.com\/fr\/produits\/nettoyage-exterieur\/nettoyant-vitres-visibilite-renforcee\/","url":"https:\/\/www.holtsauto.com\/fr\/produits\/nettoyage-exterieur\/nettoyant-vitres-visibilite-renforcee\/","name":"Nettoyant Vitres Haute Visibilit\u00e9 Holts | Produits | Holts FR","isPartOf":{"@id":"https:\/\/www.holtsauto.com\/fr\/#website"},"primaryImageOfPage":{"@id":"https:\/\/www.holtsauto.com\/fr\/produits\/nettoyage-exterieur\/nettoyant-vitres-visibilite-renforcee\/#primaryimage"},"image":{"@id":"https:\/\/www.holtsauto.com\/fr\/produits\/nettoyage-exterieur\/nettoyant-vitres-visibilite-renforcee\/#primaryimage"},"thumbnailUrl":"https:\/\/www.holtsauto.com\/wp-content\/uploads\/2022\/03\/nettoyant-vitres-haute-visibilite.png","datePublished":"2022-03-22T09:11:48+00:00","dateModified":"2025-02-10T17:29:19+00:00","description":"Nettoyant Vitres Haute Visibilit\u00e9 peut \u00eatre utilis\u00e9 \u00e0 l'int\u00e9rieur ou l'ext\u00e9rieur de votre voiture pour en maintenir les vitres propres","breadcrumb":{"@id":"https:\/\/www.holtsauto.com\/fr\/produits\/nettoyage-exterieur\/nettoyant-vitres-visibilite-renforcee\/#breadcrumb"},"inLanguage":"fr-FR","potentialAction":[{"@type":"ReadAction","target":["https:\/\/www.holtsauto.com\/fr\/produits\/nettoyage-exterieur\/nettoyant-vitres-visibilite-renforcee\/"]}]},{"@type":"ImageObject","inLanguage":"fr-FR","@id":"https:\/\/www.holtsauto.com\/fr\/produits\/nettoyage-exterieur\/nettoyant-vitres-visibilite-renforcee\/#primaryimage","url":"https:\/\/www.holtsauto.com\/wp-content\/uploads\/2022\/03\/nettoyant-vitres-haute-visibilite.png","contentUrl":"https:\/\/www.holtsauto.com\/wp-content\/uploads\/2022\/03\/nettoyant-vitres-haute-visibilite.png","width":2000,"height":2000,"caption":"nettoyant-vitres-haute-visibilite holts france"},{"@type":"BreadcrumbList","@id":"https:\/\/www.holtsauto.com\/fr\/produits\/nettoyage-exterieur\/nettoyant-vitres-visibilite-renforcee\/#breadcrumb","itemListElement":[{"@type":"ListItem","position":1,"name":"Home","item":"https:\/\/www.holtsauto.com\/fr\/"},{"@type":"ListItem","position":2,"name":"Produits","item":"https:\/\/www.holtsauto.com\/fr\/produits\/"},{"@type":"ListItem","position":3,"name":"Nettoyant Vitres Haute Visibilit\u00e9"}]},{"@type":"WebSite","@id":"https:\/\/www.holtsauto.com\/fr\/#website","url":"https:\/\/www.holtsauto.com\/fr\/","name":"Holts Auto","description":"","potentialAction":[{"@type":"SearchAction","target":{"@type":"EntryPoint","urlTemplate":"https:\/\/www.holtsauto.com\/fr\/?s={search_term_string}"},"query-input":{"@type":"PropertyValueSpecification","valueRequired":true,"valueName":"search_term_string"}}],"inLanguage":"fr-FR"}]}},"_links":{"self":[{"href":"https:\/\/www.holtsauto.com\/fr\/wp-json\/wp\/v2\/product\/9487","targetHints":{"allow":["GET"]}}],"collection":[{"href":"https:\/\/www.holtsauto.com\/fr\/wp-json\/wp\/v2\/product"}],"about":[{"href":"https:\/\/www.holtsauto.com\/fr\/wp-json\/wp\/v2\/types\/product"}],"replies":[{"embeddable":true,"href":"https:\/\/www.holtsauto.com\/fr\/wp-json\/wp\/v2\/comments?post=9487"}],"wp:featuredmedia":[{"embeddable":true,"href":"https:\/\/www.holtsauto.com\/fr\/wp-json\/wp\/v2\/media\/11271"}],"wp:attachment":[{"href":"https:\/\/www.holtsauto.com\/fr\/wp-json\/wp\/v2\/media?parent=9487"}],"wp:term":[{"taxonomy":"product_brand","embeddable":true,"href":"https:\/\/www.holtsauto.com\/fr\/wp-json\/wp\/v2\/product_brand?post=9487"},{"taxonomy":"product_cat","embeddable":true,"href":"https:\/\/www.holtsauto.com\/fr\/wp-json\/wp\/v2\/product_cat?post=9487"},{"taxonomy":"product_tag","embeddable":true,"href":"https:\/\/www.holtsauto.com\/fr\/wp-json\/wp\/v2\/product_tag?post=9487"}],"curies":[{"name":"wp","href":"https:\/\/api.w.org\/{rel}","templated":true}]}}