{"id":9488,"date":"2022-03-19T10:19:15","date_gmt":"2022-03-19T09:19:15","guid":{"rendered":"https:\/\/www.holtsauto.com\/fr\/?post_type=product&#038;p=162"},"modified":"2025-02-10T17:28:10","modified_gmt":"2025-02-10T17:28:10","slug":"nettoyant-insectes-goudron-et-resine","status":"publish","type":"product","link":"https:\/\/www.holtsauto.com\/fr\/produits\/nettoyage-exterieur\/nettoyant-insectes-goudron-et-resine\/","title":{"rendered":"Nettoyant Goudron R\u00e9sines &#038; Colle"},"content":{"rendered":"<p><span style=\"font-weight: 400;\">Le produit est un agent nettoyant puissant con\u00e7u pour \u00e9liminer les substances collantes telles que le goudron et la colle, ainsi que les d\u00e9p\u00f4ts de r\u00e9sine, sans qu\u2019il soit n\u00e9cessaire de frotter ou de gratter et sans aucun risque de dommage ou d\u2019abrasion.<\/span><\/p>\n<p><span style=\"font-weight: 400;\">Pour maintenir la peinture de votre voiture dans un \u00e9tat impeccable et emp\u00eacher les d\u00e9p\u00f4ts et taches tenaces d\u2019endommager sa surface, il est pr\u00e9f\u00e9rable d\u2019utiliser un nettoyant sp\u00e9cialement adapt\u00e9. Con\u00e7u par notre \u00e9quipe d\u2019experts chimistes, le Nettoyant Goudron R\u00e9sines &amp; Colle Holtz est le seul produit dont vous aurez besoin pour \u00e9liminer en douceur et efficacement la salet\u00e9 et la crasse tenace sur la surface de votre voiture.<\/span><\/p>\n<p><strong>Caract\u00e9ristiques et Avantages<\/strong><\/p>\n<p><span style=\"font-weight: 400;\">Le Nettoyant Goudron R\u00e9sines &amp; Colle Holts contient un agent nettoyant puissant pour \u00e9liminer les taches tenaces et prot\u00e9ger votre peinture. Plus besoin de frotter ou d\u2019utiliser des produits standards non efficaces ; il suffit de vaporiser et d\u2019essuyer pour \u00e9liminer efficacement la salet\u00e9 et les r\u00e9sidus collants de votre voiture.<\/span><\/p>\n<p><span style=\"font-weight: 400;\">L\u2019entretien de votre voiture devrait \u00eatre un processus rapide et facile. Mais lorsque vous devez faire face \u00e0 des d\u00e9p\u00f4ts collants comme le goudron, la s\u00e8ve d\u2019arbre et la colle, il peut \u00eatre difficile d\u2019obtenir les r\u00e9sultats escompt\u00e9s avec les seuls produits de nettoyage standard pour voitures.<\/span><\/p>\n<p><span style=\"font-weight: 400;\">Gr\u00e2ce au Nettoyant Goudron R\u00e9sines &amp; Colle Holtz, vous pourrez venir \u00e0 bout des taches et des d\u00e9p\u00f4ts les plus tenaces rapidement et facilement. Il se pr\u00e9sente sous la forme d\u2019un a\u00e9rosol facile \u00e0 utiliser. Le produit dissout les taches et la salet\u00e9 avec un minimum d\u2019effort \u2013 redonnant \u00e0 la peinture de votre voiture son aspect d\u2019origine.<\/span><\/p>\n<p><span style=\"font-weight: 400;\">Ne laissez pas les d\u00e9p\u00f4ts collants g\u00e2cher l\u2019apparence de votre voiture. Le nettoyant Goudron R\u00e9sines &amp; Colle Holts vous offre une solution simple pour vous attaquer \u00e0 la salet\u00e9 et aux taches tenaces efficacement.<\/span><\/p>\n","protected":false},"excerpt":{"rendered":"<p><span style=\"font-weight: 400;\">Le Nettoyant Goudron, R\u00e9sines &amp; Colle Holts est un spray nettoyant sp\u00e9cialement adapt\u00e9 pour \u00e9liminer les d\u00e9p\u00f4ts tenaces sur la peinture, les vitres, les roues et autres surfaces de votre voiture.<\/span><\/p>\n<p>&nbsp;<\/p>\n<ul>\n<li><span style=\"font-weight: 400;\"> \u00a0 \u00a0 \u00c9limine le goudron et la colle<\/span><\/li>\n<li><span style=\"font-weight: 400;\"> \u00a0 \u00a0 \u00c9limine les d\u00e9p\u00f4ts de r\u00e9sine<\/span><\/li>\n<li><span style=\"font-weight: 400;\"> \u00a0 \u00a0 Utilisation pour la voiture et la maison<\/span><\/li>\n<\/ul>\n","protected":false},"featured_media":11205,"comment_status":"closed","ping_status":"closed","template":"","meta":{"_acf_changed":false,"inline_featured_image":false},"product_brand":[],"product_cat":[307],"product_tag":[],"class_list":{"0":"post-9488","1":"product","2":"type-product","3":"status-publish","4":"has-post-thumbnail","6":"product_cat-nettoyage-exterieur","8":"first","9":"instock","10":"shipping-taxable","11":"purchasable","12":"product-type-simple"},"acf":[],"yoast_head":"<!-- This site is optimized with the Yoast SEO plugin v27.4 - https:\/\/yoast.com\/product\/yoast-seo-wordpress\/ -->\n<title>Holts Nettoyant Insectes Goudron et Resine | Produits | Holts<\/title>\n<meta name=\"description\" content=\"Holts Nettoyant Insectes Goudron et Resine est un produit nettoyant puissant qui \u00e9limine les taches tenaces sans endommager la peinture de votre carosserie.\" \/>\n<meta name=\"robots\" content=\"index, follow, max-snippet:-1, max-image-preview:large, max-video-preview:-1\" \/>\n<link rel=\"canonical\" href=\"https:\/\/www.holtsauto.com\/fr\/produits\/nettoyage-exterieur\/nettoyant-insectes-goudron-et-resine\/\" \/>\n<meta property=\"og:locale\" content=\"fr_FR\" \/>\n<meta property=\"og:type\" content=\"article\" \/>\n<meta property=\"og:title\" content=\"Holts Nettoyant Insectes Goudron et Resine | Produits | Holts\" \/>\n<meta property=\"og:description\" content=\"Holts Nettoyant Insectes Goudron et Resine est un produit nettoyant puissant qui \u00e9limine les taches tenaces sans endommager la peinture de votre carosserie.\" \/>\n<meta property=\"og:url\" content=\"https:\/\/www.holtsauto.com\/fr\/produits\/nettoyage-exterieur\/nettoyant-insectes-goudron-et-resine\/\" \/>\n<meta property=\"og:site_name\" content=\"Holts Auto Site\" \/>\n<meta property=\"article:modified_time\" content=\"2025-02-10T17:28:10+00:00\" \/>\n<meta property=\"og:image\" content=\"https:\/\/www.holtsauto.com\/wp-content\/uploads\/2022\/03\/nettoyant-goudron-resine-and-colle.png\" \/>\n\t<meta property=\"og:image:width\" content=\"2000\" \/>\n\t<meta property=\"og:image:height\" content=\"2000\" \/>\n\t<meta property=\"og:image:type\" content=\"image\/png\" \/>\n<meta name=\"twitter:card\" content=\"summary_large_image\" \/>\n<meta name=\"twitter:label1\" content=\"Dur\u00e9e de lecture estim\u00e9e\" \/>\n\t<meta name=\"twitter:data1\" content=\"2 minutes\" \/>\n<script type=\"application\/ld+json\" class=\"yoast-schema-graph\">{\"@context\":\"https:\\\/\\\/schema.org\",\"@graph\":[{\"@type\":\"WebPage\",\"@id\":\"https:\\\/\\\/www.holtsauto.com\\\/fr\\\/produits\\\/nettoyage-exterieur\\\/nettoyant-insectes-goudron-et-resine\\\/\",\"url\":\"https:\\\/\\\/www.holtsauto.com\\\/fr\\\/produits\\\/nettoyage-exterieur\\\/nettoyant-insectes-goudron-et-resine\\\/\",\"name\":\"Holts Nettoyant Insectes Goudron et Resine | Produits | Holts\",\"isPartOf\":{\"@id\":\"https:\\\/\\\/www.holtsauto.com\\\/fr\\\/#website\"},\"primaryImageOfPage\":{\"@id\":\"https:\\\/\\\/www.holtsauto.com\\\/fr\\\/produits\\\/nettoyage-exterieur\\\/nettoyant-insectes-goudron-et-resine\\\/#primaryimage\"},\"image\":{\"@id\":\"https:\\\/\\\/www.holtsauto.com\\\/fr\\\/produits\\\/nettoyage-exterieur\\\/nettoyant-insectes-goudron-et-resine\\\/#primaryimage\"},\"thumbnailUrl\":\"https:\\\/\\\/www.holtsauto.com\\\/wp-content\\\/uploads\\\/2022\\\/03\\\/nettoyant-goudron-resine-and-colle.png\",\"datePublished\":\"2022-03-19T09:19:15+00:00\",\"dateModified\":\"2025-02-10T17:28:10+00:00\",\"description\":\"Holts Nettoyant Insectes Goudron et Resine est un produit nettoyant puissant qui \u00e9limine les taches tenaces sans endommager la peinture de votre carosserie.\",\"breadcrumb\":{\"@id\":\"https:\\\/\\\/www.holtsauto.com\\\/fr\\\/produits\\\/nettoyage-exterieur\\\/nettoyant-insectes-goudron-et-resine\\\/#breadcrumb\"},\"inLanguage\":\"fr-FR\",\"potentialAction\":[{\"@type\":\"ReadAction\",\"target\":[\"https:\\\/\\\/www.holtsauto.com\\\/fr\\\/produits\\\/nettoyage-exterieur\\\/nettoyant-insectes-goudron-et-resine\\\/\"]}]},{\"@type\":\"ImageObject\",\"inLanguage\":\"fr-FR\",\"@id\":\"https:\\\/\\\/www.holtsauto.com\\\/fr\\\/produits\\\/nettoyage-exterieur\\\/nettoyant-insectes-goudron-et-resine\\\/#primaryimage\",\"url\":\"https:\\\/\\\/www.holtsauto.com\\\/wp-content\\\/uploads\\\/2022\\\/03\\\/nettoyant-goudron-resine-and-colle.png\",\"contentUrl\":\"https:\\\/\\\/www.holtsauto.com\\\/wp-content\\\/uploads\\\/2022\\\/03\\\/nettoyant-goudron-resine-and-colle.png\",\"width\":2000,\"height\":2000,\"caption\":\"nettoyant-goudron-resine-and-colle holts france main\"},{\"@type\":\"BreadcrumbList\",\"@id\":\"https:\\\/\\\/www.holtsauto.com\\\/fr\\\/produits\\\/nettoyage-exterieur\\\/nettoyant-insectes-goudron-et-resine\\\/#breadcrumb\",\"itemListElement\":[{\"@type\":\"ListItem\",\"position\":1,\"name\":\"Home\",\"item\":\"https:\\\/\\\/www.holtsauto.com\\\/fr\\\/\"},{\"@type\":\"ListItem\",\"position\":2,\"name\":\"Produits\",\"item\":\"https:\\\/\\\/www.holtsauto.com\\\/fr\\\/produits\\\/\"},{\"@type\":\"ListItem\",\"position\":3,\"name\":\"Nettoyant Goudron R\u00e9sines &#038; Colle\"}]},{\"@type\":\"WebSite\",\"@id\":\"https:\\\/\\\/www.holtsauto.com\\\/fr\\\/#website\",\"url\":\"https:\\\/\\\/www.holtsauto.com\\\/fr\\\/\",\"name\":\"Holts Auto\",\"description\":\"\",\"potentialAction\":[{\"@type\":\"SearchAction\",\"target\":{\"@type\":\"EntryPoint\",\"urlTemplate\":\"https:\\\/\\\/www.holtsauto.com\\\/fr\\\/?s={search_term_string}\"},\"query-input\":{\"@type\":\"PropertyValueSpecification\",\"valueRequired\":true,\"valueName\":\"search_term_string\"}}],\"inLanguage\":\"fr-FR\"}]}<\/script>\n<!-- \/ Yoast SEO plugin. -->","yoast_head_json":{"title":"Holts Nettoyant Insectes Goudron et Resine | Produits | Holts","description":"Holts Nettoyant Insectes Goudron et Resine est un produit nettoyant puissant qui \u00e9limine les taches tenaces sans endommager la peinture de votre carosserie.","robots":{"index":"index","follow":"follow","max-snippet":"max-snippet:-1","max-image-preview":"max-image-preview:large","max-video-preview":"max-video-preview:-1"},"canonical":"https:\/\/www.holtsauto.com\/fr\/produits\/nettoyage-exterieur\/nettoyant-insectes-goudron-et-resine\/","og_locale":"fr_FR","og_type":"article","og_title":"Holts Nettoyant Insectes Goudron et Resine | Produits | Holts","og_description":"Holts Nettoyant Insectes Goudron et Resine est un produit nettoyant puissant qui \u00e9limine les taches tenaces sans endommager la peinture de votre carosserie.","og_url":"https:\/\/www.holtsauto.com\/fr\/produits\/nettoyage-exterieur\/nettoyant-insectes-goudron-et-resine\/","og_site_name":"Holts Auto Site","article_modified_time":"2025-02-10T17:28:10+00:00","og_image":[{"width":2000,"height":2000,"url":"https:\/\/www.holtsauto.com\/wp-content\/uploads\/2022\/03\/nettoyant-goudron-resine-and-colle.png","type":"image\/png"}],"twitter_card":"summary_large_image","twitter_misc":{"Dur\u00e9e de lecture estim\u00e9e":"2 minutes"},"schema":{"@context":"https:\/\/schema.org","@graph":[{"@type":"WebPage","@id":"https:\/\/www.holtsauto.com\/fr\/produits\/nettoyage-exterieur\/nettoyant-insectes-goudron-et-resine\/","url":"https:\/\/www.holtsauto.com\/fr\/produits\/nettoyage-exterieur\/nettoyant-insectes-goudron-et-resine\/","name":"Holts Nettoyant Insectes Goudron et Resine | Produits | Holts","isPartOf":{"@id":"https:\/\/www.holtsauto.com\/fr\/#website"},"primaryImageOfPage":{"@id":"https:\/\/www.holtsauto.com\/fr\/produits\/nettoyage-exterieur\/nettoyant-insectes-goudron-et-resine\/#primaryimage"},"image":{"@id":"https:\/\/www.holtsauto.com\/fr\/produits\/nettoyage-exterieur\/nettoyant-insectes-goudron-et-resine\/#primaryimage"},"thumbnailUrl":"https:\/\/www.holtsauto.com\/wp-content\/uploads\/2022\/03\/nettoyant-goudron-resine-and-colle.png","datePublished":"2022-03-19T09:19:15+00:00","dateModified":"2025-02-10T17:28:10+00:00","description":"Holts Nettoyant Insectes Goudron et Resine est un produit nettoyant puissant qui \u00e9limine les taches tenaces sans endommager la peinture de votre carosserie.","breadcrumb":{"@id":"https:\/\/www.holtsauto.com\/fr\/produits\/nettoyage-exterieur\/nettoyant-insectes-goudron-et-resine\/#breadcrumb"},"inLanguage":"fr-FR","potentialAction":[{"@type":"ReadAction","target":["https:\/\/www.holtsauto.com\/fr\/produits\/nettoyage-exterieur\/nettoyant-insectes-goudron-et-resine\/"]}]},{"@type":"ImageObject","inLanguage":"fr-FR","@id":"https:\/\/www.holtsauto.com\/fr\/produits\/nettoyage-exterieur\/nettoyant-insectes-goudron-et-resine\/#primaryimage","url":"https:\/\/www.holtsauto.com\/wp-content\/uploads\/2022\/03\/nettoyant-goudron-resine-and-colle.png","contentUrl":"https:\/\/www.holtsauto.com\/wp-content\/uploads\/2022\/03\/nettoyant-goudron-resine-and-colle.png","width":2000,"height":2000,"caption":"nettoyant-goudron-resine-and-colle holts france main"},{"@type":"BreadcrumbList","@id":"https:\/\/www.holtsauto.com\/fr\/produits\/nettoyage-exterieur\/nettoyant-insectes-goudron-et-resine\/#breadcrumb","itemListElement":[{"@type":"ListItem","position":1,"name":"Home","item":"https:\/\/www.holtsauto.com\/fr\/"},{"@type":"ListItem","position":2,"name":"Produits","item":"https:\/\/www.holtsauto.com\/fr\/produits\/"},{"@type":"ListItem","position":3,"name":"Nettoyant Goudron R\u00e9sines &#038; Colle"}]},{"@type":"WebSite","@id":"https:\/\/www.holtsauto.com\/fr\/#website","url":"https:\/\/www.holtsauto.com\/fr\/","name":"Holts Auto","description":"","potentialAction":[{"@type":"SearchAction","target":{"@type":"EntryPoint","urlTemplate":"https:\/\/www.holtsauto.com\/fr\/?s={search_term_string}"},"query-input":{"@type":"PropertyValueSpecification","valueRequired":true,"valueName":"search_term_string"}}],"inLanguage":"fr-FR"}]}},"_links":{"self":[{"href":"https:\/\/www.holtsauto.com\/fr\/wp-json\/wp\/v2\/product\/9488","targetHints":{"allow":["GET"]}}],"collection":[{"href":"https:\/\/www.holtsauto.com\/fr\/wp-json\/wp\/v2\/product"}],"about":[{"href":"https:\/\/www.holtsauto.com\/fr\/wp-json\/wp\/v2\/types\/product"}],"replies":[{"embeddable":true,"href":"https:\/\/www.holtsauto.com\/fr\/wp-json\/wp\/v2\/comments?post=9488"}],"wp:featuredmedia":[{"embeddable":true,"href":"https:\/\/www.holtsauto.com\/fr\/wp-json\/wp\/v2\/media\/11205"}],"wp:attachment":[{"href":"https:\/\/www.holtsauto.com\/fr\/wp-json\/wp\/v2\/media?parent=9488"}],"wp:term":[{"taxonomy":"product_brand","embeddable":true,"href":"https:\/\/www.holtsauto.com\/fr\/wp-json\/wp\/v2\/product_brand?post=9488"},{"taxonomy":"product_cat","embeddable":true,"href":"https:\/\/www.holtsauto.com\/fr\/wp-json\/wp\/v2\/product_cat?post=9488"},{"taxonomy":"product_tag","embeddable":true,"href":"https:\/\/www.holtsauto.com\/fr\/wp-json\/wp\/v2\/product_tag?post=9488"}],"curies":[{"name":"wp","href":"https:\/\/api.w.org\/{rel}","templated":true}]}}