{"id":9489,"date":"2022-03-24T10:01:12","date_gmt":"2022-03-24T09:01:12","guid":{"rendered":"https:\/\/www.holtsauto.com\/fr\/?post_type=product&#038;p=164"},"modified":"2026-01-30T11:42:01","modified_gmt":"2026-01-30T11:42:01","slug":"nettoyant-plastiques","status":"publish","type":"product","link":"https:\/\/www.holtsauto.com\/fr\/produits\/nettoyage-interieur\/nettoyant-plastiques\/","title":{"rendered":"Nettoyant Plastiques"},"content":{"rendered":"<p>Les plastiques int\u00e9rieurs peuvent devenir ternes et sales, mais vous pouvez les restaurer facilement pour une finition \u00e9clatante et professionnelle.<\/p>\n<p>Holts Nettoyant Plastiques Brilliant nettoie, restaure et donne un \u00e9clat brillant instantan\u00e9 et durable \u00e0 tous les plastiques int\u00e9rieurs. La formule antistatique r\u00e9duit l\u2019accumulation de salet\u00e9 et de poussi\u00e8re pour aider \u00e0 garder votre tableau de bord propre.<\/p>\n<ul>\n<li>Nettoie et fait briller<\/li>\n<li>Tableaux de bord, plastiques et garnitures<\/li>\n<li>Redonne l\u2019aspect du neuf<\/li>\n<li>Finitions = brillantes, satin\u00e9es et mates<\/li>\n<li>Senteurs = Vanille, Citron, Mono\u00ef et Voiture neuve<\/li>\n<\/ul>\n<p>Il nettoiera et fournira un \u00e9clat \u00e9tincelant instantan\u00e9 et durable, pour donner \u00e0 votre tableau de bord et \u00e0 vos surfaces en plastique un aspect neuf.<\/p>\n","protected":false},"excerpt":{"rendered":"<p>Gardez vos surfaces int\u00e9rieures en plastique et votre tableau de bord propres et prot\u00e9g\u00e9s avec Holts Nettoyant Plastiques.<\/p>\n<ul>\n<li>Nettoie et\u00a0fait briller<\/li>\n<li>Tableaux de bord, plastiques et garnitures<\/li>\n<li>Redonne l\u2019aspect du neuf<\/li>\n<li>Finitions = brillantes, satin\u00e9es et mates<\/li>\n<li>Senteurs = Vanille, Citron, Mono\u00ef et Voiture neuve<\/li>\n<\/ul>\n","protected":false},"featured_media":11281,"comment_status":"closed","ping_status":"closed","template":"","meta":{"_acf_changed":false,"inline_featured_image":false},"product_brand":[],"product_cat":[308],"product_tag":[],"class_list":{"0":"post-9489","1":"product","2":"type-product","3":"status-publish","4":"has-post-thumbnail","6":"product_cat-nettoyage-interieur","8":"first","9":"instock","10":"shipping-taxable","11":"purchasable","12":"product-type-variable"},"acf":[],"yoast_head":"<!-- This site is optimized with the Yoast SEO plugin v27.3 - https:\/\/yoast.com\/product\/yoast-seo-wordpress\/ -->\n<title>Holts Nettoyant Plastiques | Produits | Holts FR<\/title>\n<meta name=\"description\" content=\"Redonnez au tableau de bord et aux plastiques de votre habitacle un fini professionnel digne d&#039;un mod\u00e8le d&#039;expo avec Holts Nettoyant Plastiques. Nettoie et prot\u00e8ge.\" \/>\n<meta name=\"robots\" content=\"index, follow, max-snippet:-1, max-image-preview:large, max-video-preview:-1\" \/>\n<link rel=\"canonical\" href=\"https:\/\/www.holtsauto.com\/fr\/produits\/nettoyage-interieur\/nettoyant-plastiques\/\" \/>\n<meta property=\"og:locale\" content=\"fr_FR\" \/>\n<meta property=\"og:type\" content=\"article\" \/>\n<meta property=\"og:title\" content=\"Holts Nettoyant Plastiques | Produits | Holts FR\" \/>\n<meta property=\"og:description\" content=\"Redonnez au tableau de bord et aux plastiques de votre habitacle un fini professionnel digne d&#039;un mod\u00e8le d&#039;expo avec Holts Nettoyant Plastiques. Nettoie et prot\u00e8ge.\" \/>\n<meta property=\"og:url\" content=\"https:\/\/www.holtsauto.com\/fr\/produits\/nettoyage-interieur\/nettoyant-plastiques\/\" \/>\n<meta property=\"og:site_name\" content=\"Holts Auto Site\" \/>\n<meta property=\"article:modified_time\" content=\"2026-01-30T11:42:01+00:00\" \/>\n<meta property=\"og:image\" content=\"https:\/\/www.holtsauto.com\/wp-content\/uploads\/2024\/06\/nettoyant-plastiques-brillant-Vanille.png\" \/>\n\t<meta property=\"og:image:width\" content=\"2000\" \/>\n\t<meta property=\"og:image:height\" content=\"2000\" \/>\n\t<meta property=\"og:image:type\" content=\"image\/png\" \/>\n<meta name=\"twitter:card\" content=\"summary_large_image\" \/>\n<meta name=\"twitter:label1\" content=\"Dur\u00e9e de lecture estim\u00e9e\" \/>\n\t<meta name=\"twitter:data1\" content=\"1 minute\" \/>\n<script type=\"application\/ld+json\" class=\"yoast-schema-graph\">{\"@context\":\"https:\\\/\\\/schema.org\",\"@graph\":[{\"@type\":\"WebPage\",\"@id\":\"https:\\\/\\\/www.holtsauto.com\\\/fr\\\/produits\\\/nettoyage-interieur\\\/nettoyant-plastiques\\\/\",\"url\":\"https:\\\/\\\/www.holtsauto.com\\\/fr\\\/produits\\\/nettoyage-interieur\\\/nettoyant-plastiques\\\/\",\"name\":\"Holts Nettoyant Plastiques | Produits | Holts FR\",\"isPartOf\":{\"@id\":\"https:\\\/\\\/www.holtsauto.com\\\/fr\\\/#website\"},\"primaryImageOfPage\":{\"@id\":\"https:\\\/\\\/www.holtsauto.com\\\/fr\\\/produits\\\/nettoyage-interieur\\\/nettoyant-plastiques\\\/#primaryimage\"},\"image\":{\"@id\":\"https:\\\/\\\/www.holtsauto.com\\\/fr\\\/produits\\\/nettoyage-interieur\\\/nettoyant-plastiques\\\/#primaryimage\"},\"thumbnailUrl\":\"https:\\\/\\\/www.holtsauto.com\\\/wp-content\\\/uploads\\\/2024\\\/06\\\/nettoyant-plastiques-brillant-Vanille.png\",\"datePublished\":\"2022-03-24T09:01:12+00:00\",\"dateModified\":\"2026-01-30T11:42:01+00:00\",\"description\":\"Redonnez au tableau de bord et aux plastiques de votre habitacle un fini professionnel digne d'un mod\u00e8le d'expo avec Holts Nettoyant Plastiques. Nettoie et prot\u00e8ge.\",\"breadcrumb\":{\"@id\":\"https:\\\/\\\/www.holtsauto.com\\\/fr\\\/produits\\\/nettoyage-interieur\\\/nettoyant-plastiques\\\/#breadcrumb\"},\"inLanguage\":\"fr-FR\",\"potentialAction\":[{\"@type\":\"ReadAction\",\"target\":[\"https:\\\/\\\/www.holtsauto.com\\\/fr\\\/produits\\\/nettoyage-interieur\\\/nettoyant-plastiques\\\/\"]}]},{\"@type\":\"ImageObject\",\"inLanguage\":\"fr-FR\",\"@id\":\"https:\\\/\\\/www.holtsauto.com\\\/fr\\\/produits\\\/nettoyage-interieur\\\/nettoyant-plastiques\\\/#primaryimage\",\"url\":\"https:\\\/\\\/www.holtsauto.com\\\/wp-content\\\/uploads\\\/2024\\\/06\\\/nettoyant-plastiques-brillant-Vanille.png\",\"contentUrl\":\"https:\\\/\\\/www.holtsauto.com\\\/wp-content\\\/uploads\\\/2024\\\/06\\\/nettoyant-plastiques-brillant-Vanille.png\",\"width\":2000,\"height\":2000,\"caption\":\"nettoyant-plastiques-brillant-Vanille main holts france\"},{\"@type\":\"BreadcrumbList\",\"@id\":\"https:\\\/\\\/www.holtsauto.com\\\/fr\\\/produits\\\/nettoyage-interieur\\\/nettoyant-plastiques\\\/#breadcrumb\",\"itemListElement\":[{\"@type\":\"ListItem\",\"position\":1,\"name\":\"Home\",\"item\":\"https:\\\/\\\/www.holtsauto.com\\\/fr\\\/\"},{\"@type\":\"ListItem\",\"position\":2,\"name\":\"Produits\",\"item\":\"https:\\\/\\\/www.holtsauto.com\\\/fr\\\/produits\\\/\"},{\"@type\":\"ListItem\",\"position\":3,\"name\":\"Nettoyant Plastiques\"}]},{\"@type\":\"WebSite\",\"@id\":\"https:\\\/\\\/www.holtsauto.com\\\/fr\\\/#website\",\"url\":\"https:\\\/\\\/www.holtsauto.com\\\/fr\\\/\",\"name\":\"Holts Auto\",\"description\":\"\",\"potentialAction\":[{\"@type\":\"SearchAction\",\"target\":{\"@type\":\"EntryPoint\",\"urlTemplate\":\"https:\\\/\\\/www.holtsauto.com\\\/fr\\\/?s={search_term_string}\"},\"query-input\":{\"@type\":\"PropertyValueSpecification\",\"valueRequired\":true,\"valueName\":\"search_term_string\"}}],\"inLanguage\":\"fr-FR\"}]}<\/script>\n<!-- \/ Yoast SEO plugin. -->","yoast_head_json":{"title":"Holts Nettoyant Plastiques | Produits | Holts FR","description":"Redonnez au tableau de bord et aux plastiques de votre habitacle un fini professionnel digne d'un mod\u00e8le d'expo avec Holts Nettoyant Plastiques. Nettoie et prot\u00e8ge.","robots":{"index":"index","follow":"follow","max-snippet":"max-snippet:-1","max-image-preview":"max-image-preview:large","max-video-preview":"max-video-preview:-1"},"canonical":"https:\/\/www.holtsauto.com\/fr\/produits\/nettoyage-interieur\/nettoyant-plastiques\/","og_locale":"fr_FR","og_type":"article","og_title":"Holts Nettoyant Plastiques | Produits | Holts FR","og_description":"Redonnez au tableau de bord et aux plastiques de votre habitacle un fini professionnel digne d'un mod\u00e8le d'expo avec Holts Nettoyant Plastiques. Nettoie et prot\u00e8ge.","og_url":"https:\/\/www.holtsauto.com\/fr\/produits\/nettoyage-interieur\/nettoyant-plastiques\/","og_site_name":"Holts Auto Site","article_modified_time":"2026-01-30T11:42:01+00:00","og_image":[{"width":2000,"height":2000,"url":"https:\/\/www.holtsauto.com\/wp-content\/uploads\/2024\/06\/nettoyant-plastiques-brillant-Vanille.png","type":"image\/png"}],"twitter_card":"summary_large_image","twitter_misc":{"Dur\u00e9e de lecture estim\u00e9e":"1 minute"},"schema":{"@context":"https:\/\/schema.org","@graph":[{"@type":"WebPage","@id":"https:\/\/www.holtsauto.com\/fr\/produits\/nettoyage-interieur\/nettoyant-plastiques\/","url":"https:\/\/www.holtsauto.com\/fr\/produits\/nettoyage-interieur\/nettoyant-plastiques\/","name":"Holts Nettoyant Plastiques | Produits | Holts FR","isPartOf":{"@id":"https:\/\/www.holtsauto.com\/fr\/#website"},"primaryImageOfPage":{"@id":"https:\/\/www.holtsauto.com\/fr\/produits\/nettoyage-interieur\/nettoyant-plastiques\/#primaryimage"},"image":{"@id":"https:\/\/www.holtsauto.com\/fr\/produits\/nettoyage-interieur\/nettoyant-plastiques\/#primaryimage"},"thumbnailUrl":"https:\/\/www.holtsauto.com\/wp-content\/uploads\/2024\/06\/nettoyant-plastiques-brillant-Vanille.png","datePublished":"2022-03-24T09:01:12+00:00","dateModified":"2026-01-30T11:42:01+00:00","description":"Redonnez au tableau de bord et aux plastiques de votre habitacle un fini professionnel digne d'un mod\u00e8le d'expo avec Holts Nettoyant Plastiques. Nettoie et prot\u00e8ge.","breadcrumb":{"@id":"https:\/\/www.holtsauto.com\/fr\/produits\/nettoyage-interieur\/nettoyant-plastiques\/#breadcrumb"},"inLanguage":"fr-FR","potentialAction":[{"@type":"ReadAction","target":["https:\/\/www.holtsauto.com\/fr\/produits\/nettoyage-interieur\/nettoyant-plastiques\/"]}]},{"@type":"ImageObject","inLanguage":"fr-FR","@id":"https:\/\/www.holtsauto.com\/fr\/produits\/nettoyage-interieur\/nettoyant-plastiques\/#primaryimage","url":"https:\/\/www.holtsauto.com\/wp-content\/uploads\/2024\/06\/nettoyant-plastiques-brillant-Vanille.png","contentUrl":"https:\/\/www.holtsauto.com\/wp-content\/uploads\/2024\/06\/nettoyant-plastiques-brillant-Vanille.png","width":2000,"height":2000,"caption":"nettoyant-plastiques-brillant-Vanille main holts france"},{"@type":"BreadcrumbList","@id":"https:\/\/www.holtsauto.com\/fr\/produits\/nettoyage-interieur\/nettoyant-plastiques\/#breadcrumb","itemListElement":[{"@type":"ListItem","position":1,"name":"Home","item":"https:\/\/www.holtsauto.com\/fr\/"},{"@type":"ListItem","position":2,"name":"Produits","item":"https:\/\/www.holtsauto.com\/fr\/produits\/"},{"@type":"ListItem","position":3,"name":"Nettoyant Plastiques"}]},{"@type":"WebSite","@id":"https:\/\/www.holtsauto.com\/fr\/#website","url":"https:\/\/www.holtsauto.com\/fr\/","name":"Holts Auto","description":"","potentialAction":[{"@type":"SearchAction","target":{"@type":"EntryPoint","urlTemplate":"https:\/\/www.holtsauto.com\/fr\/?s={search_term_string}"},"query-input":{"@type":"PropertyValueSpecification","valueRequired":true,"valueName":"search_term_string"}}],"inLanguage":"fr-FR"}]}},"_links":{"self":[{"href":"https:\/\/www.holtsauto.com\/fr\/wp-json\/wp\/v2\/product\/9489","targetHints":{"allow":["GET"]}}],"collection":[{"href":"https:\/\/www.holtsauto.com\/fr\/wp-json\/wp\/v2\/product"}],"about":[{"href":"https:\/\/www.holtsauto.com\/fr\/wp-json\/wp\/v2\/types\/product"}],"replies":[{"embeddable":true,"href":"https:\/\/www.holtsauto.com\/fr\/wp-json\/wp\/v2\/comments?post=9489"}],"wp:featuredmedia":[{"embeddable":true,"href":"https:\/\/www.holtsauto.com\/fr\/wp-json\/wp\/v2\/media\/11281"}],"wp:attachment":[{"href":"https:\/\/www.holtsauto.com\/fr\/wp-json\/wp\/v2\/media?parent=9489"}],"wp:term":[{"taxonomy":"product_brand","embeddable":true,"href":"https:\/\/www.holtsauto.com\/fr\/wp-json\/wp\/v2\/product_brand?post=9489"},{"taxonomy":"product_cat","embeddable":true,"href":"https:\/\/www.holtsauto.com\/fr\/wp-json\/wp\/v2\/product_cat?post=9489"},{"taxonomy":"product_tag","embeddable":true,"href":"https:\/\/www.holtsauto.com\/fr\/wp-json\/wp\/v2\/product_tag?post=9489"}],"curies":[{"name":"wp","href":"https:\/\/api.w.org\/{rel}","templated":true}]}}