{"id":9490,"date":"2022-03-30T10:11:35","date_gmt":"2022-03-30T08:11:35","guid":{"rendered":"https:\/\/www.holtsauto.com\/fr\/?post_type=product&#038;p=172"},"modified":"2025-02-26T12:52:17","modified_gmt":"2025-02-26T12:52:17","slug":"nettoyant-tissus-moquettes-brosse-holts","status":"publish","type":"product","link":"https:\/\/www.holtsauto.com\/fr\/produits\/nettoyage-interieur\/nettoyant-tissus-moquettes-brosse-holts\/","title":{"rendered":"Nettoyant Tissus Moquettes"},"content":{"rendered":"<p><span style=\"font-weight: 400;\">Le Nettoyant Tissus &amp; Moquettes Holts est sp\u00e9cialement con\u00e7u pour vous aider \u00e0 entretenir l\u2019habitacle de votre voiture.<\/span><\/p>\n<p><span style=\"font-weight: 400;\">Id\u00e9al pour ceux qui prennent soin de leur voiture avec amour, ce produit permet un nettoyage int\u00e9rieur simple, avec une formule efficace qui \u00e9limine la salet\u00e9, les taches et les odeurs pour que l\u2019habitacle de votre voiture r\u00e9v\u00e8le tous ses atouts.<\/span><\/p>\n<p><span style=\"font-weight: 400;\">Comme tous les produits d\u2019entretien et de nettoyage Holts, des ann\u00e9es de savoir-faire industriel ont \u00e9t\u00e9 n\u00e9cessaire \u00e0 la formulation de notre Nettoyant Tissus &amp; Moquettes. Le produit est suffisamment puissant pour \u00e9liminer les taches et les mauvaises odeurs sans endommager les tissus int\u00e9rieurs ; il agit gr\u00e2ce \u00e0 une action peu moussante qui garantit un minimum de traces et un temps de s\u00e9chage rapide.<\/span><\/p>\n<p><span style=\"font-weight: 400;\">Pour faciliter le nettoyage des moquettes, tapis de voiture et si\u00e8ges, nous avons pourvu le produit Nettoyant Tissus &amp; Moquettes d\u2019un applicateur \u00e0 brosse tr\u00e8s pratique. Avec ses poils souples en plastique, la t\u00eate vous permet de faire p\u00e9n\u00e9trer le nettoyant en profondeur dans les fibres des tapis et des tissus \u2013 en d\u00e9logeant les miettes, la salet\u00e9 et les odeurs pour garantir des r\u00e9sultats spectaculaires.<\/span><\/p>\n","protected":false},"excerpt":{"rendered":"<p><span style=\"font-weight: 400;\">Le produit Nettoyant Tissus &amp; Moquettes Holts est sp\u00e9cialement con\u00e7u pour le nettoyage des tissus et des tapis de voiture.<\/span><\/p>\n<ul>\n<li><span style=\"font-weight: 400;\">Nettoyage en profondeur\u00a0\u00a0<\/span><\/li>\n<li><span style=\"font-weight: 400;\"> Elimine les taches et odeurs tenaces\u00a0<\/span><\/li>\n<li><span style=\"font-weight: 400;\"> Tapis et moquettes<\/span><\/li>\n<li><span style=\"font-weight: 400;\"> Nouvelle brosse int\u00e9gr\u00e9e<\/span><\/li>\n<li><span style=\"font-weight: 400;\"> Senteur Voiture Neuve<\/span><\/li>\n<\/ul>\n","protected":false},"featured_media":11310,"comment_status":"closed","ping_status":"closed","template":"","meta":{"_acf_changed":false,"inline_featured_image":false},"product_brand":[],"product_cat":[308],"product_tag":[],"class_list":{"0":"post-9490","1":"product","2":"type-product","3":"status-publish","4":"has-post-thumbnail","6":"product_cat-nettoyage-interieur","8":"first","9":"instock","10":"shipping-taxable","11":"purchasable","12":"product-type-simple"},"acf":[],"yoast_head":"<!-- This site is optimized with the Yoast SEO plugin v27.4 - https:\/\/yoast.com\/product\/yoast-seo-wordpress\/ -->\n<title>Nettoyant Tissus Moquettes Holts | Produits | Holts FR<\/title>\n<meta name=\"description\" content=\"The Nettoyant Tissus Moquettes de Holts est le produit phare d&#039;\u00e9limination des taches de si\u00e8ges auto sur le march\u00e9, gr\u00e2ce \u00e0 l&#039;extr\u00e9mit\u00e9 sup\u00e9rieure en brosse facile \u00e0 manier.\" \/>\n<meta name=\"robots\" content=\"index, follow, max-snippet:-1, max-image-preview:large, max-video-preview:-1\" \/>\n<link rel=\"canonical\" href=\"https:\/\/www.holtsauto.com\/fr\/produits\/nettoyage-interieur\/nettoyant-tissus-moquettes-brosse-holts\/\" \/>\n<meta property=\"og:locale\" content=\"fr_FR\" \/>\n<meta property=\"og:type\" content=\"article\" \/>\n<meta property=\"og:title\" content=\"Nettoyant Tissus Moquettes Holts | Produits | Holts FR\" \/>\n<meta property=\"og:description\" content=\"The Nettoyant Tissus Moquettes de Holts est le produit phare d&#039;\u00e9limination des taches de si\u00e8ges auto sur le march\u00e9, gr\u00e2ce \u00e0 l&#039;extr\u00e9mit\u00e9 sup\u00e9rieure en brosse facile \u00e0 manier.\" \/>\n<meta property=\"og:url\" content=\"https:\/\/www.holtsauto.com\/fr\/produits\/nettoyage-interieur\/nettoyant-tissus-moquettes-brosse-holts\/\" \/>\n<meta property=\"og:site_name\" content=\"Holts Auto Site\" \/>\n<meta property=\"article:modified_time\" content=\"2025-02-26T12:52:17+00:00\" \/>\n<meta property=\"og:image\" content=\"https:\/\/www.holtsauto.com\/wp-content\/uploads\/2022\/03\/tissus-et-moquettes.png\" \/>\n\t<meta property=\"og:image:width\" content=\"2000\" \/>\n\t<meta property=\"og:image:height\" content=\"2000\" \/>\n\t<meta property=\"og:image:type\" content=\"image\/png\" \/>\n<meta name=\"twitter:card\" content=\"summary_large_image\" \/>\n<meta name=\"twitter:label1\" content=\"Dur\u00e9e de lecture estim\u00e9e\" \/>\n\t<meta name=\"twitter:data1\" content=\"2 minutes\" \/>\n<script type=\"application\/ld+json\" class=\"yoast-schema-graph\">{\"@context\":\"https:\\\/\\\/schema.org\",\"@graph\":[{\"@type\":\"WebPage\",\"@id\":\"https:\\\/\\\/www.holtsauto.com\\\/fr\\\/produits\\\/nettoyage-interieur\\\/nettoyant-tissus-moquettes-brosse-holts\\\/\",\"url\":\"https:\\\/\\\/www.holtsauto.com\\\/fr\\\/produits\\\/nettoyage-interieur\\\/nettoyant-tissus-moquettes-brosse-holts\\\/\",\"name\":\"Nettoyant Tissus Moquettes Holts | Produits | Holts FR\",\"isPartOf\":{\"@id\":\"https:\\\/\\\/www.holtsauto.com\\\/fr\\\/#website\"},\"primaryImageOfPage\":{\"@id\":\"https:\\\/\\\/www.holtsauto.com\\\/fr\\\/produits\\\/nettoyage-interieur\\\/nettoyant-tissus-moquettes-brosse-holts\\\/#primaryimage\"},\"image\":{\"@id\":\"https:\\\/\\\/www.holtsauto.com\\\/fr\\\/produits\\\/nettoyage-interieur\\\/nettoyant-tissus-moquettes-brosse-holts\\\/#primaryimage\"},\"thumbnailUrl\":\"https:\\\/\\\/www.holtsauto.com\\\/wp-content\\\/uploads\\\/2022\\\/03\\\/tissus-et-moquettes.png\",\"datePublished\":\"2022-03-30T08:11:35+00:00\",\"dateModified\":\"2025-02-26T12:52:17+00:00\",\"description\":\"The Nettoyant Tissus Moquettes de Holts est le produit phare d'\u00e9limination des taches de si\u00e8ges auto sur le march\u00e9, gr\u00e2ce \u00e0 l'extr\u00e9mit\u00e9 sup\u00e9rieure en brosse facile \u00e0 manier.\",\"breadcrumb\":{\"@id\":\"https:\\\/\\\/www.holtsauto.com\\\/fr\\\/produits\\\/nettoyage-interieur\\\/nettoyant-tissus-moquettes-brosse-holts\\\/#breadcrumb\"},\"inLanguage\":\"fr-FR\",\"potentialAction\":[{\"@type\":\"ReadAction\",\"target\":[\"https:\\\/\\\/www.holtsauto.com\\\/fr\\\/produits\\\/nettoyage-interieur\\\/nettoyant-tissus-moquettes-brosse-holts\\\/\"]}]},{\"@type\":\"ImageObject\",\"inLanguage\":\"fr-FR\",\"@id\":\"https:\\\/\\\/www.holtsauto.com\\\/fr\\\/produits\\\/nettoyage-interieur\\\/nettoyant-tissus-moquettes-brosse-holts\\\/#primaryimage\",\"url\":\"https:\\\/\\\/www.holtsauto.com\\\/wp-content\\\/uploads\\\/2022\\\/03\\\/tissus-et-moquettes.png\",\"contentUrl\":\"https:\\\/\\\/www.holtsauto.com\\\/wp-content\\\/uploads\\\/2022\\\/03\\\/tissus-et-moquettes.png\",\"width\":2000,\"height\":2000,\"caption\":\"nettoyant tissus-et-moquettes holts france\"},{\"@type\":\"BreadcrumbList\",\"@id\":\"https:\\\/\\\/www.holtsauto.com\\\/fr\\\/produits\\\/nettoyage-interieur\\\/nettoyant-tissus-moquettes-brosse-holts\\\/#breadcrumb\",\"itemListElement\":[{\"@type\":\"ListItem\",\"position\":1,\"name\":\"Home\",\"item\":\"https:\\\/\\\/www.holtsauto.com\\\/fr\\\/\"},{\"@type\":\"ListItem\",\"position\":2,\"name\":\"Produits\",\"item\":\"https:\\\/\\\/www.holtsauto.com\\\/fr\\\/produits\\\/\"},{\"@type\":\"ListItem\",\"position\":3,\"name\":\"Nettoyant Tissus Moquettes\"}]},{\"@type\":\"WebSite\",\"@id\":\"https:\\\/\\\/www.holtsauto.com\\\/fr\\\/#website\",\"url\":\"https:\\\/\\\/www.holtsauto.com\\\/fr\\\/\",\"name\":\"Holts Auto\",\"description\":\"\",\"potentialAction\":[{\"@type\":\"SearchAction\",\"target\":{\"@type\":\"EntryPoint\",\"urlTemplate\":\"https:\\\/\\\/www.holtsauto.com\\\/fr\\\/?s={search_term_string}\"},\"query-input\":{\"@type\":\"PropertyValueSpecification\",\"valueRequired\":true,\"valueName\":\"search_term_string\"}}],\"inLanguage\":\"fr-FR\"}]}<\/script>\n<!-- \/ Yoast SEO plugin. -->","yoast_head_json":{"title":"Nettoyant Tissus Moquettes Holts | Produits | Holts FR","description":"The Nettoyant Tissus Moquettes de Holts est le produit phare d'\u00e9limination des taches de si\u00e8ges auto sur le march\u00e9, gr\u00e2ce \u00e0 l'extr\u00e9mit\u00e9 sup\u00e9rieure en brosse facile \u00e0 manier.","robots":{"index":"index","follow":"follow","max-snippet":"max-snippet:-1","max-image-preview":"max-image-preview:large","max-video-preview":"max-video-preview:-1"},"canonical":"https:\/\/www.holtsauto.com\/fr\/produits\/nettoyage-interieur\/nettoyant-tissus-moquettes-brosse-holts\/","og_locale":"fr_FR","og_type":"article","og_title":"Nettoyant Tissus Moquettes Holts | Produits | Holts FR","og_description":"The Nettoyant Tissus Moquettes de Holts est le produit phare d'\u00e9limination des taches de si\u00e8ges auto sur le march\u00e9, gr\u00e2ce \u00e0 l'extr\u00e9mit\u00e9 sup\u00e9rieure en brosse facile \u00e0 manier.","og_url":"https:\/\/www.holtsauto.com\/fr\/produits\/nettoyage-interieur\/nettoyant-tissus-moquettes-brosse-holts\/","og_site_name":"Holts Auto Site","article_modified_time":"2025-02-26T12:52:17+00:00","og_image":[{"width":2000,"height":2000,"url":"https:\/\/www.holtsauto.com\/wp-content\/uploads\/2022\/03\/tissus-et-moquettes.png","type":"image\/png"}],"twitter_card":"summary_large_image","twitter_misc":{"Dur\u00e9e de lecture estim\u00e9e":"2 minutes"},"schema":{"@context":"https:\/\/schema.org","@graph":[{"@type":"WebPage","@id":"https:\/\/www.holtsauto.com\/fr\/produits\/nettoyage-interieur\/nettoyant-tissus-moquettes-brosse-holts\/","url":"https:\/\/www.holtsauto.com\/fr\/produits\/nettoyage-interieur\/nettoyant-tissus-moquettes-brosse-holts\/","name":"Nettoyant Tissus Moquettes Holts | Produits | Holts FR","isPartOf":{"@id":"https:\/\/www.holtsauto.com\/fr\/#website"},"primaryImageOfPage":{"@id":"https:\/\/www.holtsauto.com\/fr\/produits\/nettoyage-interieur\/nettoyant-tissus-moquettes-brosse-holts\/#primaryimage"},"image":{"@id":"https:\/\/www.holtsauto.com\/fr\/produits\/nettoyage-interieur\/nettoyant-tissus-moquettes-brosse-holts\/#primaryimage"},"thumbnailUrl":"https:\/\/www.holtsauto.com\/wp-content\/uploads\/2022\/03\/tissus-et-moquettes.png","datePublished":"2022-03-30T08:11:35+00:00","dateModified":"2025-02-26T12:52:17+00:00","description":"The Nettoyant Tissus Moquettes de Holts est le produit phare d'\u00e9limination des taches de si\u00e8ges auto sur le march\u00e9, gr\u00e2ce \u00e0 l'extr\u00e9mit\u00e9 sup\u00e9rieure en brosse facile \u00e0 manier.","breadcrumb":{"@id":"https:\/\/www.holtsauto.com\/fr\/produits\/nettoyage-interieur\/nettoyant-tissus-moquettes-brosse-holts\/#breadcrumb"},"inLanguage":"fr-FR","potentialAction":[{"@type":"ReadAction","target":["https:\/\/www.holtsauto.com\/fr\/produits\/nettoyage-interieur\/nettoyant-tissus-moquettes-brosse-holts\/"]}]},{"@type":"ImageObject","inLanguage":"fr-FR","@id":"https:\/\/www.holtsauto.com\/fr\/produits\/nettoyage-interieur\/nettoyant-tissus-moquettes-brosse-holts\/#primaryimage","url":"https:\/\/www.holtsauto.com\/wp-content\/uploads\/2022\/03\/tissus-et-moquettes.png","contentUrl":"https:\/\/www.holtsauto.com\/wp-content\/uploads\/2022\/03\/tissus-et-moquettes.png","width":2000,"height":2000,"caption":"nettoyant tissus-et-moquettes holts france"},{"@type":"BreadcrumbList","@id":"https:\/\/www.holtsauto.com\/fr\/produits\/nettoyage-interieur\/nettoyant-tissus-moquettes-brosse-holts\/#breadcrumb","itemListElement":[{"@type":"ListItem","position":1,"name":"Home","item":"https:\/\/www.holtsauto.com\/fr\/"},{"@type":"ListItem","position":2,"name":"Produits","item":"https:\/\/www.holtsauto.com\/fr\/produits\/"},{"@type":"ListItem","position":3,"name":"Nettoyant Tissus Moquettes"}]},{"@type":"WebSite","@id":"https:\/\/www.holtsauto.com\/fr\/#website","url":"https:\/\/www.holtsauto.com\/fr\/","name":"Holts Auto","description":"","potentialAction":[{"@type":"SearchAction","target":{"@type":"EntryPoint","urlTemplate":"https:\/\/www.holtsauto.com\/fr\/?s={search_term_string}"},"query-input":{"@type":"PropertyValueSpecification","valueRequired":true,"valueName":"search_term_string"}}],"inLanguage":"fr-FR"}]}},"_links":{"self":[{"href":"https:\/\/www.holtsauto.com\/fr\/wp-json\/wp\/v2\/product\/9490","targetHints":{"allow":["GET"]}}],"collection":[{"href":"https:\/\/www.holtsauto.com\/fr\/wp-json\/wp\/v2\/product"}],"about":[{"href":"https:\/\/www.holtsauto.com\/fr\/wp-json\/wp\/v2\/types\/product"}],"replies":[{"embeddable":true,"href":"https:\/\/www.holtsauto.com\/fr\/wp-json\/wp\/v2\/comments?post=9490"}],"wp:featuredmedia":[{"embeddable":true,"href":"https:\/\/www.holtsauto.com\/fr\/wp-json\/wp\/v2\/media\/11310"}],"wp:attachment":[{"href":"https:\/\/www.holtsauto.com\/fr\/wp-json\/wp\/v2\/media?parent=9490"}],"wp:term":[{"taxonomy":"product_brand","embeddable":true,"href":"https:\/\/www.holtsauto.com\/fr\/wp-json\/wp\/v2\/product_brand?post=9490"},{"taxonomy":"product_cat","embeddable":true,"href":"https:\/\/www.holtsauto.com\/fr\/wp-json\/wp\/v2\/product_cat?post=9490"},{"taxonomy":"product_tag","embeddable":true,"href":"https:\/\/www.holtsauto.com\/fr\/wp-json\/wp\/v2\/product_tag?post=9490"}],"curies":[{"name":"wp","href":"https:\/\/api.w.org\/{rel}","templated":true}]}}