{"id":9491,"date":"2022-04-06T16:53:29","date_gmt":"2022-04-06T14:53:29","guid":{"rendered":"https:\/\/www.holtsauto.com\/fr\/?post_type=product&#038;p=176"},"modified":"2025-02-12T08:17:12","modified_gmt":"2025-02-12T08:17:12","slug":"liquide-de-refroidissementantigel-holts","status":"publish","type":"product","link":"https:\/\/www.holtsauto.com\/fr\/produits\/produits-de-fonctionnement\/liquide-de-refroidissementantigel-holts\/","title":{"rendered":"Liquide de Refroidissement Universel"},"content":{"rendered":"<p>Le liquide de refroidissement universel Holts est un liquide de refroidissement\/antigel haute performance qui prot\u00e8ge le moteur de votre voiture contre les temp\u00e9ratures extr\u00eames.<\/p>\n<p>Offrant une protection contre le gel jusqu&rsquo;\u00e0 -37\u00b0C et contre la chaleur jusqu&rsquo;\u00e0 +129\u00b0C, c&rsquo;est le seul liquide de refroidissement dont vous aurez besoin pour que votre voiture fonctionne au mieux.<\/p>\n<p>Mis au point par notre \u00e9quipe de chimistes, le liquide de refroidissement universel Holts est con\u00e7u pour offrir une protection et une long\u00e9vit\u00e9 maximales. Gr\u00e2ce \u00e0 sa formule universelle, le liquide de refroidissement peut \u00eatre utilis\u00e9 sans danger dans toutes les voitures et tous les moteurs, et peut \u00eatre m\u00e9lang\u00e9 sans danger avec tout autre type de liquide de refroidissement \u2013 offrant une commodit\u00e9 totale pour l&rsquo;entretien de votre voiture.<\/p>\n<ul>\n<li>Compatible avec tous les liquides de refroidissement du march\u00e9<\/li>\n<li>Prot\u00e8ge contre la surchauffe<\/li>\n<li>Pr\u00eat \u00e0 l&#8217;emploi &#8211; il vous suffit de verser le produit dans le syst\u00e8me de refroidissement.<\/li>\n<li>Efficace jusqu&rsquo;\u00e0 -37\u1d52C et +129\u00b0C<\/li>\n<li>Prot\u00e8ge contre la corrosion<\/li>\n<li>Garantie 10 ans et jusqu\u2019\u00e0 480 000 kms<\/li>\n<\/ul>\n<p>Le liquide de refroidissement universel Holts est le produit id\u00e9al pour les conducteurs \u00e0 la recherche d\u2019une protection garantie du syst\u00e8me de refroidissement de leur voiture, dans toutes les conditions. Offrant une protection compl\u00e8te contre les temp\u00e9ratures extr\u00eames, le produit constitue \u00e9galement une ligne de d\u00e9fense contre la corrosion et l&rsquo;usure pr\u00e9matur\u00e9es, r\u00e9duisant les risques de fuites et autres probl\u00e8mes sur la route.<\/p>\n<p>Pr\u00eat \u00e0 l\u2019emploi et sans danger pour n\u2019importe quel moteur, notre liquide de refroidissement est utilis\u00e9 chaque jour par des milliers d\u2019automobilistes. Gr\u00e2ce \u00e0 sa formule universelle, le produit peut \u00eatre m\u00e9lang\u00e9 en toute s\u00e9curit\u00e9 avec d&rsquo;autres types de liquide de refroidissement dans le syst\u00e8me de refroidissement, ce qui vous permet d&rsquo;en faire l&rsquo;appoint quand vous le souhaitez et sans avoir \u00e0 rincer le radiateur au pr\u00e9alable.<\/p>\n<p>Chez Holts, nous pensons que les fluides d\u2019entretien automobile doivent \u00eatre con\u00e7us pour durer. Nous nous sommes appuy\u00e9s sur une technologie de pointe pour d\u00e9velopper le liquide de refroidissement universel Holts afin de fournir une protection performante contre la corrosion, le gel et la surchauffe. Il prot\u00e9gera votre syst\u00e8me de refroidissement pendant au moins 10 ans ou jusqu&rsquo;\u00e0 480 000 kilom\u00e8tres, et restera efficace jusqu&rsquo;\u00e0 -37\u1d52C, pour une utilisation toute l&rsquo;ann\u00e9e.<\/p>\n","protected":false},"excerpt":{"rendered":"<p><span style=\"font-weight: 400;\">Liquide de Refroidissement Universel est un liquide de refroidissement\/antigel haute performance qui prot\u00e8ge le moteur de votre voiture des temp\u00e9ratures extr\u00eames et convient \u00e0 tous les v\u00e9hicules.<\/span><\/p>\n<ul>\n<li>Efficace jusqu&rsquo;\u00e0 -37\u1d52C et +129\u00b0C<\/li>\n<li>Compatible avec tous les liquides de refroidissement du march\u00e9<\/li>\n<li>Prot\u00e8ge contre la surchauffe<\/li>\n<li>Garantie 10 ans et jusqu\u2019\u00e0 480 000 kms<\/li>\n<\/ul>\n","protected":false},"featured_media":11961,"comment_status":"closed","ping_status":"closed","template":"","meta":{"_acf_changed":false,"inline_featured_image":false},"product_brand":[],"product_cat":[396],"product_tag":[],"class_list":{"0":"post-9491","1":"product","2":"type-product","3":"status-publish","4":"has-post-thumbnail","6":"product_cat-liquide-de-refroidissement","8":"first","9":"instock","10":"shipping-taxable","11":"purchasable","12":"product-type-variable"},"acf":[],"yoast_head":"<!-- This site is optimized with the Yoast SEO plugin v27.4 - https:\/\/yoast.com\/product\/yoast-seo-wordpress\/ -->\n<title>Liquide de Refroidissement Universel | Produits | Holts FR<\/title>\n<meta name=\"description\" content=\"Liquide de Refroidissement est un produit pr\u00eat \u00e0 l&#039;emploi qui se m\u00e9lange \u00e0 des liquides de refroidissement de toute couleur et offre une protection de -37C \u00e0 129C.\" \/>\n<meta name=\"robots\" content=\"index, follow, max-snippet:-1, max-image-preview:large, max-video-preview:-1\" \/>\n<link rel=\"canonical\" href=\"https:\/\/www.holtsauto.com\/fr\/produits\/produits-de-fonctionnement\/liquide-de-refroidissementantigel-holts\/\" \/>\n<meta property=\"og:locale\" content=\"fr_FR\" \/>\n<meta property=\"og:type\" content=\"article\" \/>\n<meta property=\"og:title\" content=\"Liquide de Refroidissement Universel | Produits | Holts FR\" \/>\n<meta property=\"og:description\" content=\"Liquide de Refroidissement est un produit pr\u00eat \u00e0 l&#039;emploi qui se m\u00e9lange \u00e0 des liquides de refroidissement de toute couleur et offre une protection de -37C \u00e0 129C.\" \/>\n<meta property=\"og:url\" content=\"https:\/\/www.holtsauto.com\/fr\/produits\/produits-de-fonctionnement\/liquide-de-refroidissementantigel-holts\/\" \/>\n<meta property=\"og:site_name\" content=\"Holts Auto Site\" \/>\n<meta property=\"article:modified_time\" content=\"2025-02-12T08:17:12+00:00\" \/>\n<meta property=\"og:image\" content=\"https:\/\/www.holtsauto.com\/wp-content\/uploads\/2022\/04\/liquide-de-refroidissement-universel-5l.png\" \/>\n\t<meta property=\"og:image:width\" content=\"2000\" \/>\n\t<meta property=\"og:image:height\" content=\"2000\" \/>\n\t<meta property=\"og:image:type\" content=\"image\/png\" \/>\n<meta name=\"twitter:card\" content=\"summary_large_image\" \/>\n<meta name=\"twitter:label1\" content=\"Dur\u00e9e de lecture estim\u00e9e\" \/>\n\t<meta name=\"twitter:data1\" content=\"3 minutes\" \/>\n<script type=\"application\/ld+json\" class=\"yoast-schema-graph\">{\"@context\":\"https:\\\/\\\/schema.org\",\"@graph\":[{\"@type\":\"WebPage\",\"@id\":\"https:\\\/\\\/www.holtsauto.com\\\/fr\\\/produits\\\/produits-de-fonctionnement\\\/liquide-de-refroidissementantigel-holts\\\/\",\"url\":\"https:\\\/\\\/www.holtsauto.com\\\/fr\\\/produits\\\/produits-de-fonctionnement\\\/liquide-de-refroidissementantigel-holts\\\/\",\"name\":\"Liquide de Refroidissement Universel | Produits | Holts FR\",\"isPartOf\":{\"@id\":\"https:\\\/\\\/www.holtsauto.com\\\/fr\\\/#website\"},\"primaryImageOfPage\":{\"@id\":\"https:\\\/\\\/www.holtsauto.com\\\/fr\\\/produits\\\/produits-de-fonctionnement\\\/liquide-de-refroidissementantigel-holts\\\/#primaryimage\"},\"image\":{\"@id\":\"https:\\\/\\\/www.holtsauto.com\\\/fr\\\/produits\\\/produits-de-fonctionnement\\\/liquide-de-refroidissementantigel-holts\\\/#primaryimage\"},\"thumbnailUrl\":\"https:\\\/\\\/www.holtsauto.com\\\/wp-content\\\/uploads\\\/2022\\\/04\\\/liquide-de-refroidissement-universel-5l.png\",\"datePublished\":\"2022-04-06T14:53:29+00:00\",\"dateModified\":\"2025-02-12T08:17:12+00:00\",\"description\":\"Liquide de Refroidissement est un produit pr\u00eat \u00e0 l'emploi qui se m\u00e9lange \u00e0 des liquides de refroidissement de toute couleur et offre une protection de -37C \u00e0 129C.\",\"breadcrumb\":{\"@id\":\"https:\\\/\\\/www.holtsauto.com\\\/fr\\\/produits\\\/produits-de-fonctionnement\\\/liquide-de-refroidissementantigel-holts\\\/#breadcrumb\"},\"inLanguage\":\"fr-FR\",\"potentialAction\":[{\"@type\":\"ReadAction\",\"target\":[\"https:\\\/\\\/www.holtsauto.com\\\/fr\\\/produits\\\/produits-de-fonctionnement\\\/liquide-de-refroidissementantigel-holts\\\/\"]}]},{\"@type\":\"ImageObject\",\"inLanguage\":\"fr-FR\",\"@id\":\"https:\\\/\\\/www.holtsauto.com\\\/fr\\\/produits\\\/produits-de-fonctionnement\\\/liquide-de-refroidissementantigel-holts\\\/#primaryimage\",\"url\":\"https:\\\/\\\/www.holtsauto.com\\\/wp-content\\\/uploads\\\/2022\\\/04\\\/liquide-de-refroidissement-universel-5l.png\",\"contentUrl\":\"https:\\\/\\\/www.holtsauto.com\\\/wp-content\\\/uploads\\\/2022\\\/04\\\/liquide-de-refroidissement-universel-5l.png\",\"width\":2000,\"height\":2000,\"caption\":\"liquide de refroidissement universel 5l holts\"},{\"@type\":\"BreadcrumbList\",\"@id\":\"https:\\\/\\\/www.holtsauto.com\\\/fr\\\/produits\\\/produits-de-fonctionnement\\\/liquide-de-refroidissementantigel-holts\\\/#breadcrumb\",\"itemListElement\":[{\"@type\":\"ListItem\",\"position\":1,\"name\":\"Home\",\"item\":\"https:\\\/\\\/www.holtsauto.com\\\/fr\\\/\"},{\"@type\":\"ListItem\",\"position\":2,\"name\":\"Produits\",\"item\":\"https:\\\/\\\/www.holtsauto.com\\\/fr\\\/produits\\\/\"},{\"@type\":\"ListItem\",\"position\":3,\"name\":\"Liquide de Refroidissement Universel\"}]},{\"@type\":\"WebSite\",\"@id\":\"https:\\\/\\\/www.holtsauto.com\\\/fr\\\/#website\",\"url\":\"https:\\\/\\\/www.holtsauto.com\\\/fr\\\/\",\"name\":\"Holts Auto\",\"description\":\"\",\"potentialAction\":[{\"@type\":\"SearchAction\",\"target\":{\"@type\":\"EntryPoint\",\"urlTemplate\":\"https:\\\/\\\/www.holtsauto.com\\\/fr\\\/?s={search_term_string}\"},\"query-input\":{\"@type\":\"PropertyValueSpecification\",\"valueRequired\":true,\"valueName\":\"search_term_string\"}}],\"inLanguage\":\"fr-FR\"}]}<\/script>\n<!-- \/ Yoast SEO plugin. -->","yoast_head_json":{"title":"Liquide de Refroidissement Universel | Produits | Holts FR","description":"Liquide de Refroidissement est un produit pr\u00eat \u00e0 l'emploi qui se m\u00e9lange \u00e0 des liquides de refroidissement de toute couleur et offre une protection de -37C \u00e0 129C.","robots":{"index":"index","follow":"follow","max-snippet":"max-snippet:-1","max-image-preview":"max-image-preview:large","max-video-preview":"max-video-preview:-1"},"canonical":"https:\/\/www.holtsauto.com\/fr\/produits\/produits-de-fonctionnement\/liquide-de-refroidissementantigel-holts\/","og_locale":"fr_FR","og_type":"article","og_title":"Liquide de Refroidissement Universel | Produits | Holts FR","og_description":"Liquide de Refroidissement est un produit pr\u00eat \u00e0 l'emploi qui se m\u00e9lange \u00e0 des liquides de refroidissement de toute couleur et offre une protection de -37C \u00e0 129C.","og_url":"https:\/\/www.holtsauto.com\/fr\/produits\/produits-de-fonctionnement\/liquide-de-refroidissementantigel-holts\/","og_site_name":"Holts Auto Site","article_modified_time":"2025-02-12T08:17:12+00:00","og_image":[{"width":2000,"height":2000,"url":"https:\/\/www.holtsauto.com\/wp-content\/uploads\/2022\/04\/liquide-de-refroidissement-universel-5l.png","type":"image\/png"}],"twitter_card":"summary_large_image","twitter_misc":{"Dur\u00e9e de lecture estim\u00e9e":"3 minutes"},"schema":{"@context":"https:\/\/schema.org","@graph":[{"@type":"WebPage","@id":"https:\/\/www.holtsauto.com\/fr\/produits\/produits-de-fonctionnement\/liquide-de-refroidissementantigel-holts\/","url":"https:\/\/www.holtsauto.com\/fr\/produits\/produits-de-fonctionnement\/liquide-de-refroidissementantigel-holts\/","name":"Liquide de Refroidissement Universel | Produits | Holts FR","isPartOf":{"@id":"https:\/\/www.holtsauto.com\/fr\/#website"},"primaryImageOfPage":{"@id":"https:\/\/www.holtsauto.com\/fr\/produits\/produits-de-fonctionnement\/liquide-de-refroidissementantigel-holts\/#primaryimage"},"image":{"@id":"https:\/\/www.holtsauto.com\/fr\/produits\/produits-de-fonctionnement\/liquide-de-refroidissementantigel-holts\/#primaryimage"},"thumbnailUrl":"https:\/\/www.holtsauto.com\/wp-content\/uploads\/2022\/04\/liquide-de-refroidissement-universel-5l.png","datePublished":"2022-04-06T14:53:29+00:00","dateModified":"2025-02-12T08:17:12+00:00","description":"Liquide de Refroidissement est un produit pr\u00eat \u00e0 l'emploi qui se m\u00e9lange \u00e0 des liquides de refroidissement de toute couleur et offre une protection de -37C \u00e0 129C.","breadcrumb":{"@id":"https:\/\/www.holtsauto.com\/fr\/produits\/produits-de-fonctionnement\/liquide-de-refroidissementantigel-holts\/#breadcrumb"},"inLanguage":"fr-FR","potentialAction":[{"@type":"ReadAction","target":["https:\/\/www.holtsauto.com\/fr\/produits\/produits-de-fonctionnement\/liquide-de-refroidissementantigel-holts\/"]}]},{"@type":"ImageObject","inLanguage":"fr-FR","@id":"https:\/\/www.holtsauto.com\/fr\/produits\/produits-de-fonctionnement\/liquide-de-refroidissementantigel-holts\/#primaryimage","url":"https:\/\/www.holtsauto.com\/wp-content\/uploads\/2022\/04\/liquide-de-refroidissement-universel-5l.png","contentUrl":"https:\/\/www.holtsauto.com\/wp-content\/uploads\/2022\/04\/liquide-de-refroidissement-universel-5l.png","width":2000,"height":2000,"caption":"liquide de refroidissement universel 5l holts"},{"@type":"BreadcrumbList","@id":"https:\/\/www.holtsauto.com\/fr\/produits\/produits-de-fonctionnement\/liquide-de-refroidissementantigel-holts\/#breadcrumb","itemListElement":[{"@type":"ListItem","position":1,"name":"Home","item":"https:\/\/www.holtsauto.com\/fr\/"},{"@type":"ListItem","position":2,"name":"Produits","item":"https:\/\/www.holtsauto.com\/fr\/produits\/"},{"@type":"ListItem","position":3,"name":"Liquide de Refroidissement Universel"}]},{"@type":"WebSite","@id":"https:\/\/www.holtsauto.com\/fr\/#website","url":"https:\/\/www.holtsauto.com\/fr\/","name":"Holts Auto","description":"","potentialAction":[{"@type":"SearchAction","target":{"@type":"EntryPoint","urlTemplate":"https:\/\/www.holtsauto.com\/fr\/?s={search_term_string}"},"query-input":{"@type":"PropertyValueSpecification","valueRequired":true,"valueName":"search_term_string"}}],"inLanguage":"fr-FR"}]}},"_links":{"self":[{"href":"https:\/\/www.holtsauto.com\/fr\/wp-json\/wp\/v2\/product\/9491","targetHints":{"allow":["GET"]}}],"collection":[{"href":"https:\/\/www.holtsauto.com\/fr\/wp-json\/wp\/v2\/product"}],"about":[{"href":"https:\/\/www.holtsauto.com\/fr\/wp-json\/wp\/v2\/types\/product"}],"replies":[{"embeddable":true,"href":"https:\/\/www.holtsauto.com\/fr\/wp-json\/wp\/v2\/comments?post=9491"}],"wp:featuredmedia":[{"embeddable":true,"href":"https:\/\/www.holtsauto.com\/fr\/wp-json\/wp\/v2\/media\/11961"}],"wp:attachment":[{"href":"https:\/\/www.holtsauto.com\/fr\/wp-json\/wp\/v2\/media?parent=9491"}],"wp:term":[{"taxonomy":"product_brand","embeddable":true,"href":"https:\/\/www.holtsauto.com\/fr\/wp-json\/wp\/v2\/product_brand?post=9491"},{"taxonomy":"product_cat","embeddable":true,"href":"https:\/\/www.holtsauto.com\/fr\/wp-json\/wp\/v2\/product_cat?post=9491"},{"taxonomy":"product_tag","embeddable":true,"href":"https:\/\/www.holtsauto.com\/fr\/wp-json\/wp\/v2\/product_tag?post=9491"}],"curies":[{"name":"wp","href":"https:\/\/api.w.org\/{rel}","templated":true}]}}