{"id":9492,"date":"2022-03-27T09:05:12","date_gmt":"2022-03-27T07:05:12","guid":{"rendered":"https:\/\/www.holtsauto.com\/fr\/?post_type=product&#038;p=258"},"modified":"2025-02-12T08:08:39","modified_gmt":"2025-02-12T08:08:39","slug":"renovateur-plastiques-exterieurs-et-pneus-2","status":"publish","type":"product","link":"https:\/\/www.holtsauto.com\/fr\/produits\/nettoyage-exterieur\/renovateur-plastiques-exterieurs-et-pneus-2\/","title":{"rendered":"R\u00e9novateur Plastiques Ext\u00e9rieurs et Pneus"},"content":{"rendered":"<p><span style=\"font-weight: 400;\">Apr\u00e8s avoir nettoy\u00e9 vos roues, restaurez vos pneus et leurs garnitures avec une finition noire brillante pour cette touche finale.<\/span><\/p>\n<p><span style=\"font-weight: 400;\">Holts R\u00e9novateur Plastiques Ext\u00e9rieurs et Pneus est prim\u00e9 \u00e0 plusieurs reprises et reconnu comme l&rsquo;un des principaux produits d&rsquo;entretien automobile sur le march\u00e9 aujourd&rsquo;hui.<\/span><\/p>\n<p><span style=\"font-weight: 400;\">Sa formule avanc\u00e9e est con\u00e7ue pour insuffler une nouvelle vie aux surfaces en caoutchouc et en plastique ternes et d\u00e9color\u00e9es, en leur laissant une finition noire profonde, riche et durable.<\/span><\/p>\n<ul>\n<li><span style=\"font-weight: 400;\"> Nettoie et restaure les plastiques d\u00e9color\u00e9s\u00a0<\/span><\/li>\n<li><span style=\"font-weight: 400;\"> Brillance instantan\u00e9e\u00a0<\/span><\/li>\n<li><span style=\"font-weight: 400;\"> Protection longue dur\u00e9e<\/span><\/li>\n<\/ul>\n<p>&nbsp;<\/p>\n","protected":false},"excerpt":{"rendered":"<p><span style=\"font-weight: 400;\">Le R\u00e9novateur Plastiques Ext\u00e9rieurs et Pneus fait partie de notre gamme de produits d\u2019entretien ext\u00e9rieur, con\u00e7u pour vous faciliter l\u2019entretien des plastiques et pneus de votre v\u00e9hicule.<\/span><\/p>\n<ul>\n<li>Brillance instantan\u00e9e<\/li>\n<li>Efficacite longue dur\u00e9e<\/li>\n<li>Restaur les plastiques d\u00e9color\u00e9s<\/li>\n<\/ul>\n","protected":false},"featured_media":11245,"comment_status":"closed","ping_status":"closed","template":"","meta":{"_acf_changed":false,"inline_featured_image":false},"product_brand":[],"product_cat":[307],"product_tag":[],"class_list":{"0":"post-9492","1":"product","2":"type-product","3":"status-publish","4":"has-post-thumbnail","6":"product_cat-nettoyage-exterieur","8":"first","9":"instock","10":"shipping-taxable","11":"purchasable","12":"product-type-simple"},"acf":[],"yoast_head":"<!-- This site is optimized with the Yoast SEO plugin v27.3 - https:\/\/yoast.com\/product\/yoast-seo-wordpress\/ -->\n<title>Holts Renovateur Plastiques Ext\u00e9rieurs et Pneus | Produits | Holts FR<\/title>\n<meta name=\"description\" content=\"Holts Renovateur Plastiques Exterieurs et Pneus vous aide \u00e0 nettoyer et prot\u00e9ger facilement vos pneus pour r\u00e9tablir leur aspect neuf.\" \/>\n<meta name=\"robots\" content=\"index, follow, max-snippet:-1, max-image-preview:large, max-video-preview:-1\" \/>\n<link rel=\"canonical\" href=\"https:\/\/www.holtsauto.com\/fr\/produits\/nettoyage-exterieur\/renovateur-plastiques-exterieurs-et-pneus-2\/\" \/>\n<meta property=\"og:locale\" content=\"fr_FR\" \/>\n<meta property=\"og:type\" content=\"article\" \/>\n<meta property=\"og:title\" content=\"Holts Renovateur Plastiques Ext\u00e9rieurs et Pneus | Produits | Holts FR\" \/>\n<meta property=\"og:description\" content=\"Holts Renovateur Plastiques Exterieurs et Pneus vous aide \u00e0 nettoyer et prot\u00e9ger facilement vos pneus pour r\u00e9tablir leur aspect neuf.\" \/>\n<meta property=\"og:url\" content=\"https:\/\/www.holtsauto.com\/fr\/produits\/nettoyage-exterieur\/renovateur-plastiques-exterieurs-et-pneus-2\/\" \/>\n<meta property=\"og:site_name\" content=\"Holts Auto Site\" \/>\n<meta property=\"article:modified_time\" content=\"2025-02-12T08:08:39+00:00\" \/>\n<meta property=\"og:image\" content=\"https:\/\/www.holtsauto.com\/wp-content\/uploads\/2022\/03\/plastiques-exterieurs-and-pneus.png\" \/>\n\t<meta property=\"og:image:width\" content=\"2000\" \/>\n\t<meta property=\"og:image:height\" content=\"2000\" \/>\n\t<meta property=\"og:image:type\" content=\"image\/png\" \/>\n<meta name=\"twitter:card\" content=\"summary_large_image\" \/>\n<meta name=\"twitter:label1\" content=\"Dur\u00e9e de lecture estim\u00e9e\" \/>\n\t<meta name=\"twitter:data1\" content=\"1 minute\" \/>\n<script type=\"application\/ld+json\" class=\"yoast-schema-graph\">{\"@context\":\"https:\\\/\\\/schema.org\",\"@graph\":[{\"@type\":\"WebPage\",\"@id\":\"https:\\\/\\\/www.holtsauto.com\\\/fr\\\/produits\\\/nettoyage-exterieur\\\/renovateur-plastiques-exterieurs-et-pneus-2\\\/\",\"url\":\"https:\\\/\\\/www.holtsauto.com\\\/fr\\\/produits\\\/nettoyage-exterieur\\\/renovateur-plastiques-exterieurs-et-pneus-2\\\/\",\"name\":\"Holts Renovateur Plastiques Ext\u00e9rieurs et Pneus | Produits | Holts FR\",\"isPartOf\":{\"@id\":\"https:\\\/\\\/www.holtsauto.com\\\/fr\\\/#website\"},\"primaryImageOfPage\":{\"@id\":\"https:\\\/\\\/www.holtsauto.com\\\/fr\\\/produits\\\/nettoyage-exterieur\\\/renovateur-plastiques-exterieurs-et-pneus-2\\\/#primaryimage\"},\"image\":{\"@id\":\"https:\\\/\\\/www.holtsauto.com\\\/fr\\\/produits\\\/nettoyage-exterieur\\\/renovateur-plastiques-exterieurs-et-pneus-2\\\/#primaryimage\"},\"thumbnailUrl\":\"https:\\\/\\\/www.holtsauto.com\\\/wp-content\\\/uploads\\\/2022\\\/03\\\/plastiques-exterieurs-and-pneus.png\",\"datePublished\":\"2022-03-27T07:05:12+00:00\",\"dateModified\":\"2025-02-12T08:08:39+00:00\",\"description\":\"Holts Renovateur Plastiques Exterieurs et Pneus vous aide \u00e0 nettoyer et prot\u00e9ger facilement vos pneus pour r\u00e9tablir leur aspect neuf.\",\"breadcrumb\":{\"@id\":\"https:\\\/\\\/www.holtsauto.com\\\/fr\\\/produits\\\/nettoyage-exterieur\\\/renovateur-plastiques-exterieurs-et-pneus-2\\\/#breadcrumb\"},\"inLanguage\":\"fr-FR\",\"potentialAction\":[{\"@type\":\"ReadAction\",\"target\":[\"https:\\\/\\\/www.holtsauto.com\\\/fr\\\/produits\\\/nettoyage-exterieur\\\/renovateur-plastiques-exterieurs-et-pneus-2\\\/\"]}]},{\"@type\":\"ImageObject\",\"inLanguage\":\"fr-FR\",\"@id\":\"https:\\\/\\\/www.holtsauto.com\\\/fr\\\/produits\\\/nettoyage-exterieur\\\/renovateur-plastiques-exterieurs-et-pneus-2\\\/#primaryimage\",\"url\":\"https:\\\/\\\/www.holtsauto.com\\\/wp-content\\\/uploads\\\/2022\\\/03\\\/plastiques-exterieurs-and-pneus.png\",\"contentUrl\":\"https:\\\/\\\/www.holtsauto.com\\\/wp-content\\\/uploads\\\/2022\\\/03\\\/plastiques-exterieurs-and-pneus.png\",\"width\":2000,\"height\":2000,\"caption\":\"plastiques exterieurs and pneus holts france\"},{\"@type\":\"BreadcrumbList\",\"@id\":\"https:\\\/\\\/www.holtsauto.com\\\/fr\\\/produits\\\/nettoyage-exterieur\\\/renovateur-plastiques-exterieurs-et-pneus-2\\\/#breadcrumb\",\"itemListElement\":[{\"@type\":\"ListItem\",\"position\":1,\"name\":\"Home\",\"item\":\"https:\\\/\\\/www.holtsauto.com\\\/fr\\\/\"},{\"@type\":\"ListItem\",\"position\":2,\"name\":\"Produits\",\"item\":\"https:\\\/\\\/www.holtsauto.com\\\/fr\\\/produits\\\/\"},{\"@type\":\"ListItem\",\"position\":3,\"name\":\"R\u00e9novateur Plastiques Ext\u00e9rieurs et Pneus\"}]},{\"@type\":\"WebSite\",\"@id\":\"https:\\\/\\\/www.holtsauto.com\\\/fr\\\/#website\",\"url\":\"https:\\\/\\\/www.holtsauto.com\\\/fr\\\/\",\"name\":\"Holts Auto\",\"description\":\"\",\"potentialAction\":[{\"@type\":\"SearchAction\",\"target\":{\"@type\":\"EntryPoint\",\"urlTemplate\":\"https:\\\/\\\/www.holtsauto.com\\\/fr\\\/?s={search_term_string}\"},\"query-input\":{\"@type\":\"PropertyValueSpecification\",\"valueRequired\":true,\"valueName\":\"search_term_string\"}}],\"inLanguage\":\"fr-FR\"}]}<\/script>\n<!-- \/ Yoast SEO plugin. -->","yoast_head_json":{"title":"Holts Renovateur Plastiques Ext\u00e9rieurs et Pneus | Produits | Holts FR","description":"Holts Renovateur Plastiques Exterieurs et Pneus vous aide \u00e0 nettoyer et prot\u00e9ger facilement vos pneus pour r\u00e9tablir leur aspect neuf.","robots":{"index":"index","follow":"follow","max-snippet":"max-snippet:-1","max-image-preview":"max-image-preview:large","max-video-preview":"max-video-preview:-1"},"canonical":"https:\/\/www.holtsauto.com\/fr\/produits\/nettoyage-exterieur\/renovateur-plastiques-exterieurs-et-pneus-2\/","og_locale":"fr_FR","og_type":"article","og_title":"Holts Renovateur Plastiques Ext\u00e9rieurs et Pneus | Produits | Holts FR","og_description":"Holts Renovateur Plastiques Exterieurs et Pneus vous aide \u00e0 nettoyer et prot\u00e9ger facilement vos pneus pour r\u00e9tablir leur aspect neuf.","og_url":"https:\/\/www.holtsauto.com\/fr\/produits\/nettoyage-exterieur\/renovateur-plastiques-exterieurs-et-pneus-2\/","og_site_name":"Holts Auto Site","article_modified_time":"2025-02-12T08:08:39+00:00","og_image":[{"width":2000,"height":2000,"url":"https:\/\/www.holtsauto.com\/wp-content\/uploads\/2022\/03\/plastiques-exterieurs-and-pneus.png","type":"image\/png"}],"twitter_card":"summary_large_image","twitter_misc":{"Dur\u00e9e de lecture estim\u00e9e":"1 minute"},"schema":{"@context":"https:\/\/schema.org","@graph":[{"@type":"WebPage","@id":"https:\/\/www.holtsauto.com\/fr\/produits\/nettoyage-exterieur\/renovateur-plastiques-exterieurs-et-pneus-2\/","url":"https:\/\/www.holtsauto.com\/fr\/produits\/nettoyage-exterieur\/renovateur-plastiques-exterieurs-et-pneus-2\/","name":"Holts Renovateur Plastiques Ext\u00e9rieurs et Pneus | Produits | Holts FR","isPartOf":{"@id":"https:\/\/www.holtsauto.com\/fr\/#website"},"primaryImageOfPage":{"@id":"https:\/\/www.holtsauto.com\/fr\/produits\/nettoyage-exterieur\/renovateur-plastiques-exterieurs-et-pneus-2\/#primaryimage"},"image":{"@id":"https:\/\/www.holtsauto.com\/fr\/produits\/nettoyage-exterieur\/renovateur-plastiques-exterieurs-et-pneus-2\/#primaryimage"},"thumbnailUrl":"https:\/\/www.holtsauto.com\/wp-content\/uploads\/2022\/03\/plastiques-exterieurs-and-pneus.png","datePublished":"2022-03-27T07:05:12+00:00","dateModified":"2025-02-12T08:08:39+00:00","description":"Holts Renovateur Plastiques Exterieurs et Pneus vous aide \u00e0 nettoyer et prot\u00e9ger facilement vos pneus pour r\u00e9tablir leur aspect neuf.","breadcrumb":{"@id":"https:\/\/www.holtsauto.com\/fr\/produits\/nettoyage-exterieur\/renovateur-plastiques-exterieurs-et-pneus-2\/#breadcrumb"},"inLanguage":"fr-FR","potentialAction":[{"@type":"ReadAction","target":["https:\/\/www.holtsauto.com\/fr\/produits\/nettoyage-exterieur\/renovateur-plastiques-exterieurs-et-pneus-2\/"]}]},{"@type":"ImageObject","inLanguage":"fr-FR","@id":"https:\/\/www.holtsauto.com\/fr\/produits\/nettoyage-exterieur\/renovateur-plastiques-exterieurs-et-pneus-2\/#primaryimage","url":"https:\/\/www.holtsauto.com\/wp-content\/uploads\/2022\/03\/plastiques-exterieurs-and-pneus.png","contentUrl":"https:\/\/www.holtsauto.com\/wp-content\/uploads\/2022\/03\/plastiques-exterieurs-and-pneus.png","width":2000,"height":2000,"caption":"plastiques exterieurs and pneus holts france"},{"@type":"BreadcrumbList","@id":"https:\/\/www.holtsauto.com\/fr\/produits\/nettoyage-exterieur\/renovateur-plastiques-exterieurs-et-pneus-2\/#breadcrumb","itemListElement":[{"@type":"ListItem","position":1,"name":"Home","item":"https:\/\/www.holtsauto.com\/fr\/"},{"@type":"ListItem","position":2,"name":"Produits","item":"https:\/\/www.holtsauto.com\/fr\/produits\/"},{"@type":"ListItem","position":3,"name":"R\u00e9novateur Plastiques Ext\u00e9rieurs et Pneus"}]},{"@type":"WebSite","@id":"https:\/\/www.holtsauto.com\/fr\/#website","url":"https:\/\/www.holtsauto.com\/fr\/","name":"Holts Auto","description":"","potentialAction":[{"@type":"SearchAction","target":{"@type":"EntryPoint","urlTemplate":"https:\/\/www.holtsauto.com\/fr\/?s={search_term_string}"},"query-input":{"@type":"PropertyValueSpecification","valueRequired":true,"valueName":"search_term_string"}}],"inLanguage":"fr-FR"}]}},"_links":{"self":[{"href":"https:\/\/www.holtsauto.com\/fr\/wp-json\/wp\/v2\/product\/9492","targetHints":{"allow":["GET"]}}],"collection":[{"href":"https:\/\/www.holtsauto.com\/fr\/wp-json\/wp\/v2\/product"}],"about":[{"href":"https:\/\/www.holtsauto.com\/fr\/wp-json\/wp\/v2\/types\/product"}],"replies":[{"embeddable":true,"href":"https:\/\/www.holtsauto.com\/fr\/wp-json\/wp\/v2\/comments?post=9492"}],"wp:featuredmedia":[{"embeddable":true,"href":"https:\/\/www.holtsauto.com\/fr\/wp-json\/wp\/v2\/media\/11245"}],"wp:attachment":[{"href":"https:\/\/www.holtsauto.com\/fr\/wp-json\/wp\/v2\/media?parent=9492"}],"wp:term":[{"taxonomy":"product_brand","embeddable":true,"href":"https:\/\/www.holtsauto.com\/fr\/wp-json\/wp\/v2\/product_brand?post=9492"},{"taxonomy":"product_cat","embeddable":true,"href":"https:\/\/www.holtsauto.com\/fr\/wp-json\/wp\/v2\/product_cat?post=9492"},{"taxonomy":"product_tag","embeddable":true,"href":"https:\/\/www.holtsauto.com\/fr\/wp-json\/wp\/v2\/product_tag?post=9492"}],"curies":[{"name":"wp","href":"https:\/\/api.w.org\/{rel}","templated":true}]}}