{"id":9493,"date":"2022-03-24T09:01:03","date_gmt":"2022-03-24T08:01:03","guid":{"rendered":"https:\/\/www.holtsauto.com\/fr\/?post_type=product&#038;p=261"},"modified":"2025-02-12T08:12:23","modified_gmt":"2025-02-12T08:12:23","slug":"soin-de-cuirs-la-lanoline","status":"publish","type":"product","link":"https:\/\/www.holtsauto.com\/fr\/produits\/nettoyage-interieur\/soin-de-cuirs-la-lanoline\/","title":{"rendered":"Soin des Cuirs"},"content":{"rendered":"<p>Sp\u00e9cialement formul\u00e9 pour nettoyer le cuir des si\u00e8ges et des habillages, le produit aide \u00e0 nourrir et \u00e0 prot\u00e9ger le mat\u00e9riau &#8211; pour une douceur et un lustre visible.<\/p>\n<p>Sans un entretien r\u00e9gulier, les surfaces en cuir de votre voiture commenceront rapidement \u00e0 para\u00eetre us\u00e9es et d\u00e9color\u00e9es. Le Soins Des Cuirs Holts restaure les surfaces en cuir de votre voiture, gr\u00e2ce \u00e0 des huiles nourrissantes naturelles \u00e0 base de lanoline pour nourrir le mat\u00e9riau et pr\u00e9venir les signes de vieillissement et d&rsquo;usure.<\/p>\n<ul>\n<li>Nettoie, nourrit et prot\u00e8ge les cuirs<\/li>\n<li>Elimine les taches et la salet\u00e9<\/li>\n<li>Enrichi en lanoline aux propri\u00e9t\u00e9s nourrissantes<\/li>\n<\/ul>\n<p>Le Soin Des Cuirs Holts est un soin nettoyant pour cuir tout-en-un. Enrichi en huiles naturelles, le produit nettoie et nourrit les surfaces en cuir, et contribue \u00e0 prot\u00e9ger les si\u00e8ges et les habillages de votre voiture contre les taches et les marques, et contre les probl\u00e8mes li\u00e9s \u00e0 l&rsquo;\u00e2ge tels que les craquelures et la d\u00e9coloration.<\/p>\n<p>Historiquement, le nettoyage et le soin du cuir n\u00e9cessitaient une gamme de produits sp\u00e9cialis\u00e9s, ce qui \u00e9tait peu pratique pour l&rsquo;entretien quotidien. Le Soin Des Cuirs Holys nettoie, prot\u00e8ge et conditionne en un seul produit, vous obtiendrez des r\u00e9sultats professionnels en une seule application.<\/p>\n<p>Capable d&rsquo;\u00e9liminer les taches et les salet\u00e9s et d&rsquo;assouplir la mati\u00e8re, le Soin Des Cuirs Holts restaure l&rsquo;\u00e9clat naturel des surfaces en cuir de l&rsquo;int\u00e9rieur de votre voiture. En plus de ses propri\u00e9t\u00e9s nettoyantes douces, sa formule enrichie en lanoline nourrit et adoucit le cuir, r\u00e9duisant les signes d&rsquo;usure tout en prot\u00e9geant le mat\u00e9riau contre le dess\u00e8chement.<\/p>\n","protected":false},"excerpt":{"rendered":"<p>Le Soin Des Cuirs Holts est une cr\u00e8me d\u2019entretien sp\u00e9cial cuir qui nettoie, conditionne et nourrit les surfaces en cuir de votre voiture.<\/p>\n<ul>\n<li>Nettoie, nourrit et prot\u00e8ge les cuirs<\/li>\n<li>Elimine les taches et la salet\u00e9<\/li>\n<li>Enrichi en lanoline aux propri\u00e9t\u00e9s nourrissantes<\/li>\n<\/ul>\n","protected":false},"featured_media":10937,"comment_status":"closed","ping_status":"closed","template":"","meta":{"_acf_changed":false,"inline_featured_image":false},"product_brand":[],"product_cat":[308],"product_tag":[],"class_list":{"0":"post-9493","1":"product","2":"type-product","3":"status-publish","4":"has-post-thumbnail","6":"product_cat-nettoyage-interieur","8":"first","9":"instock","10":"shipping-taxable","11":"purchasable","12":"product-type-simple"},"acf":[],"yoast_head":"<!-- This site is optimized with the Yoast SEO plugin v27.3 - https:\/\/yoast.com\/product\/yoast-seo-wordpress\/ -->\n<title>Holts Soin de Cuirs | Entretien du cuir | Produits | Holts FR<\/title>\n<meta name=\"description\" content=\"Prot\u00e9gez et nettoyez les garnitures en cuir de votre voiture gr\u00e2ce \u00e0 notre nettoyant pour cuir facile \u00e0 utiliser - Holts Soin de Cuirs la Lanoline\" \/>\n<meta name=\"robots\" content=\"index, follow, max-snippet:-1, max-image-preview:large, max-video-preview:-1\" \/>\n<link rel=\"canonical\" href=\"https:\/\/www.holtsauto.com\/fr\/produits\/nettoyage-interieur\/soin-de-cuirs-la-lanoline\/\" \/>\n<meta property=\"og:locale\" content=\"fr_FR\" \/>\n<meta property=\"og:type\" content=\"article\" \/>\n<meta property=\"og:title\" content=\"Holts Soin de Cuirs | Entretien du cuir | Produits | Holts FR\" \/>\n<meta property=\"og:description\" content=\"Prot\u00e9gez et nettoyez les garnitures en cuir de votre voiture gr\u00e2ce \u00e0 notre nettoyant pour cuir facile \u00e0 utiliser - Holts Soin de Cuirs la Lanoline\" \/>\n<meta property=\"og:url\" content=\"https:\/\/www.holtsauto.com\/fr\/produits\/nettoyage-interieur\/soin-de-cuirs-la-lanoline\/\" \/>\n<meta property=\"og:site_name\" content=\"Holts Auto Site\" \/>\n<meta property=\"article:modified_time\" content=\"2025-02-12T08:12:23+00:00\" \/>\n<meta property=\"og:image\" content=\"https:\/\/www.holtsauto.com\/wp-content\/uploads\/2022\/03\/Soin-des-cuirs.png\" \/>\n\t<meta property=\"og:image:width\" content=\"2000\" \/>\n\t<meta property=\"og:image:height\" content=\"2000\" \/>\n\t<meta property=\"og:image:type\" content=\"image\/png\" \/>\n<meta name=\"twitter:card\" content=\"summary_large_image\" \/>\n<meta name=\"twitter:label1\" content=\"Dur\u00e9e de lecture estim\u00e9e\" \/>\n\t<meta name=\"twitter:data1\" content=\"2 minutes\" \/>\n<script type=\"application\/ld+json\" class=\"yoast-schema-graph\">{\"@context\":\"https:\\\/\\\/schema.org\",\"@graph\":[{\"@type\":\"WebPage\",\"@id\":\"https:\\\/\\\/www.holtsauto.com\\\/fr\\\/produits\\\/nettoyage-interieur\\\/soin-de-cuirs-la-lanoline\\\/\",\"url\":\"https:\\\/\\\/www.holtsauto.com\\\/fr\\\/produits\\\/nettoyage-interieur\\\/soin-de-cuirs-la-lanoline\\\/\",\"name\":\"Holts Soin de Cuirs | Entretien du cuir | Produits | Holts FR\",\"isPartOf\":{\"@id\":\"https:\\\/\\\/www.holtsauto.com\\\/fr\\\/#website\"},\"primaryImageOfPage\":{\"@id\":\"https:\\\/\\\/www.holtsauto.com\\\/fr\\\/produits\\\/nettoyage-interieur\\\/soin-de-cuirs-la-lanoline\\\/#primaryimage\"},\"image\":{\"@id\":\"https:\\\/\\\/www.holtsauto.com\\\/fr\\\/produits\\\/nettoyage-interieur\\\/soin-de-cuirs-la-lanoline\\\/#primaryimage\"},\"thumbnailUrl\":\"https:\\\/\\\/www.holtsauto.com\\\/wp-content\\\/uploads\\\/2022\\\/03\\\/Soin-des-cuirs.png\",\"datePublished\":\"2022-03-24T08:01:03+00:00\",\"dateModified\":\"2025-02-12T08:12:23+00:00\",\"description\":\"Prot\u00e9gez et nettoyez les garnitures en cuir de votre voiture gr\u00e2ce \u00e0 notre nettoyant pour cuir facile \u00e0 utiliser - Holts Soin de Cuirs la Lanoline\",\"breadcrumb\":{\"@id\":\"https:\\\/\\\/www.holtsauto.com\\\/fr\\\/produits\\\/nettoyage-interieur\\\/soin-de-cuirs-la-lanoline\\\/#breadcrumb\"},\"inLanguage\":\"fr-FR\",\"potentialAction\":[{\"@type\":\"ReadAction\",\"target\":[\"https:\\\/\\\/www.holtsauto.com\\\/fr\\\/produits\\\/nettoyage-interieur\\\/soin-de-cuirs-la-lanoline\\\/\"]}]},{\"@type\":\"ImageObject\",\"inLanguage\":\"fr-FR\",\"@id\":\"https:\\\/\\\/www.holtsauto.com\\\/fr\\\/produits\\\/nettoyage-interieur\\\/soin-de-cuirs-la-lanoline\\\/#primaryimage\",\"url\":\"https:\\\/\\\/www.holtsauto.com\\\/wp-content\\\/uploads\\\/2022\\\/03\\\/Soin-des-cuirs.png\",\"contentUrl\":\"https:\\\/\\\/www.holtsauto.com\\\/wp-content\\\/uploads\\\/2022\\\/03\\\/Soin-des-cuirs.png\",\"width\":2000,\"height\":2000,\"caption\":\"Soin des cuirs Holts auto main\"},{\"@type\":\"BreadcrumbList\",\"@id\":\"https:\\\/\\\/www.holtsauto.com\\\/fr\\\/produits\\\/nettoyage-interieur\\\/soin-de-cuirs-la-lanoline\\\/#breadcrumb\",\"itemListElement\":[{\"@type\":\"ListItem\",\"position\":1,\"name\":\"Home\",\"item\":\"https:\\\/\\\/www.holtsauto.com\\\/fr\\\/\"},{\"@type\":\"ListItem\",\"position\":2,\"name\":\"Produits\",\"item\":\"https:\\\/\\\/www.holtsauto.com\\\/fr\\\/produits\\\/\"},{\"@type\":\"ListItem\",\"position\":3,\"name\":\"Soin des Cuirs\"}]},{\"@type\":\"WebSite\",\"@id\":\"https:\\\/\\\/www.holtsauto.com\\\/fr\\\/#website\",\"url\":\"https:\\\/\\\/www.holtsauto.com\\\/fr\\\/\",\"name\":\"Holts Auto\",\"description\":\"\",\"potentialAction\":[{\"@type\":\"SearchAction\",\"target\":{\"@type\":\"EntryPoint\",\"urlTemplate\":\"https:\\\/\\\/www.holtsauto.com\\\/fr\\\/?s={search_term_string}\"},\"query-input\":{\"@type\":\"PropertyValueSpecification\",\"valueRequired\":true,\"valueName\":\"search_term_string\"}}],\"inLanguage\":\"fr-FR\"}]}<\/script>\n<!-- \/ Yoast SEO plugin. -->","yoast_head_json":{"title":"Holts Soin de Cuirs | Entretien du cuir | Produits | Holts FR","description":"Prot\u00e9gez et nettoyez les garnitures en cuir de votre voiture gr\u00e2ce \u00e0 notre nettoyant pour cuir facile \u00e0 utiliser - Holts Soin de Cuirs la Lanoline","robots":{"index":"index","follow":"follow","max-snippet":"max-snippet:-1","max-image-preview":"max-image-preview:large","max-video-preview":"max-video-preview:-1"},"canonical":"https:\/\/www.holtsauto.com\/fr\/produits\/nettoyage-interieur\/soin-de-cuirs-la-lanoline\/","og_locale":"fr_FR","og_type":"article","og_title":"Holts Soin de Cuirs | Entretien du cuir | Produits | Holts FR","og_description":"Prot\u00e9gez et nettoyez les garnitures en cuir de votre voiture gr\u00e2ce \u00e0 notre nettoyant pour cuir facile \u00e0 utiliser - Holts Soin de Cuirs la Lanoline","og_url":"https:\/\/www.holtsauto.com\/fr\/produits\/nettoyage-interieur\/soin-de-cuirs-la-lanoline\/","og_site_name":"Holts Auto Site","article_modified_time":"2025-02-12T08:12:23+00:00","og_image":[{"width":2000,"height":2000,"url":"https:\/\/www.holtsauto.com\/wp-content\/uploads\/2022\/03\/Soin-des-cuirs.png","type":"image\/png"}],"twitter_card":"summary_large_image","twitter_misc":{"Dur\u00e9e de lecture estim\u00e9e":"2 minutes"},"schema":{"@context":"https:\/\/schema.org","@graph":[{"@type":"WebPage","@id":"https:\/\/www.holtsauto.com\/fr\/produits\/nettoyage-interieur\/soin-de-cuirs-la-lanoline\/","url":"https:\/\/www.holtsauto.com\/fr\/produits\/nettoyage-interieur\/soin-de-cuirs-la-lanoline\/","name":"Holts Soin de Cuirs | Entretien du cuir | Produits | Holts FR","isPartOf":{"@id":"https:\/\/www.holtsauto.com\/fr\/#website"},"primaryImageOfPage":{"@id":"https:\/\/www.holtsauto.com\/fr\/produits\/nettoyage-interieur\/soin-de-cuirs-la-lanoline\/#primaryimage"},"image":{"@id":"https:\/\/www.holtsauto.com\/fr\/produits\/nettoyage-interieur\/soin-de-cuirs-la-lanoline\/#primaryimage"},"thumbnailUrl":"https:\/\/www.holtsauto.com\/wp-content\/uploads\/2022\/03\/Soin-des-cuirs.png","datePublished":"2022-03-24T08:01:03+00:00","dateModified":"2025-02-12T08:12:23+00:00","description":"Prot\u00e9gez et nettoyez les garnitures en cuir de votre voiture gr\u00e2ce \u00e0 notre nettoyant pour cuir facile \u00e0 utiliser - Holts Soin de Cuirs la Lanoline","breadcrumb":{"@id":"https:\/\/www.holtsauto.com\/fr\/produits\/nettoyage-interieur\/soin-de-cuirs-la-lanoline\/#breadcrumb"},"inLanguage":"fr-FR","potentialAction":[{"@type":"ReadAction","target":["https:\/\/www.holtsauto.com\/fr\/produits\/nettoyage-interieur\/soin-de-cuirs-la-lanoline\/"]}]},{"@type":"ImageObject","inLanguage":"fr-FR","@id":"https:\/\/www.holtsauto.com\/fr\/produits\/nettoyage-interieur\/soin-de-cuirs-la-lanoline\/#primaryimage","url":"https:\/\/www.holtsauto.com\/wp-content\/uploads\/2022\/03\/Soin-des-cuirs.png","contentUrl":"https:\/\/www.holtsauto.com\/wp-content\/uploads\/2022\/03\/Soin-des-cuirs.png","width":2000,"height":2000,"caption":"Soin des cuirs Holts auto main"},{"@type":"BreadcrumbList","@id":"https:\/\/www.holtsauto.com\/fr\/produits\/nettoyage-interieur\/soin-de-cuirs-la-lanoline\/#breadcrumb","itemListElement":[{"@type":"ListItem","position":1,"name":"Home","item":"https:\/\/www.holtsauto.com\/fr\/"},{"@type":"ListItem","position":2,"name":"Produits","item":"https:\/\/www.holtsauto.com\/fr\/produits\/"},{"@type":"ListItem","position":3,"name":"Soin des Cuirs"}]},{"@type":"WebSite","@id":"https:\/\/www.holtsauto.com\/fr\/#website","url":"https:\/\/www.holtsauto.com\/fr\/","name":"Holts Auto","description":"","potentialAction":[{"@type":"SearchAction","target":{"@type":"EntryPoint","urlTemplate":"https:\/\/www.holtsauto.com\/fr\/?s={search_term_string}"},"query-input":{"@type":"PropertyValueSpecification","valueRequired":true,"valueName":"search_term_string"}}],"inLanguage":"fr-FR"}]}},"_links":{"self":[{"href":"https:\/\/www.holtsauto.com\/fr\/wp-json\/wp\/v2\/product\/9493","targetHints":{"allow":["GET"]}}],"collection":[{"href":"https:\/\/www.holtsauto.com\/fr\/wp-json\/wp\/v2\/product"}],"about":[{"href":"https:\/\/www.holtsauto.com\/fr\/wp-json\/wp\/v2\/types\/product"}],"replies":[{"embeddable":true,"href":"https:\/\/www.holtsauto.com\/fr\/wp-json\/wp\/v2\/comments?post=9493"}],"wp:featuredmedia":[{"embeddable":true,"href":"https:\/\/www.holtsauto.com\/fr\/wp-json\/wp\/v2\/media\/10937"}],"wp:attachment":[{"href":"https:\/\/www.holtsauto.com\/fr\/wp-json\/wp\/v2\/media?parent=9493"}],"wp:term":[{"taxonomy":"product_brand","embeddable":true,"href":"https:\/\/www.holtsauto.com\/fr\/wp-json\/wp\/v2\/product_brand?post=9493"},{"taxonomy":"product_cat","embeddable":true,"href":"https:\/\/www.holtsauto.com\/fr\/wp-json\/wp\/v2\/product_cat?post=9493"},{"taxonomy":"product_tag","embeddable":true,"href":"https:\/\/www.holtsauto.com\/fr\/wp-json\/wp\/v2\/product_tag?post=9493"}],"curies":[{"name":"wp","href":"https:\/\/api.w.org\/{rel}","templated":true}]}}