{"id":9494,"date":"2021-04-15T15:12:32","date_gmt":"2021-04-15T13:12:32","guid":{"rendered":"https:\/\/www.holtsauto.com\/fr\/?post_type=product&#038;p=3175"},"modified":"2025-02-12T08:07:47","modified_gmt":"2025-02-12T08:07:47","slug":"polish-express","status":"publish","type":"product","link":"https:\/\/www.holtsauto.com\/fr\/produits\/nettoyage-exterieur\/polish-express\/","title":{"rendered":"Polish Express"},"content":{"rendered":"<p><span style=\"font-weight: 400;\">Le Polish Express d\u2019Holts est enrichi \u00e0 la cire de carnauba, ce qui en fait la solution la plus rapide pour donner \u00e0 une voiture un look de showroom en une poign\u00e9e de minutes. Les propri\u00e9t\u00e9s hydrophobes de cette formule feront glisser les salet\u00e9s et la poussi\u00e8re de la peinture de votre voiture.<\/span><\/p>\n<ul>\n<li><span style=\"font-weight: 400;\"> Pulv\u00e9risez et essuyez !<\/span><\/li>\n<li><span style=\"font-weight: 400;\"> Technologie polym\u00e8re glisse pluie<\/span><\/li>\n<li><span style=\"font-weight: 400;\"> Finition ultra brillante<\/span><\/li>\n<li><span style=\"font-weight: 400;\"> Senteur Tropicale<\/span><\/li>\n<\/ul>\n","protected":false},"excerpt":{"rendered":"<p><span style=\"font-weight: 400;\">Holts Polish Express enrichi en cire de carnauba est la solution la plus rapide pour faire briller votre salle d&rsquo;exposition en une fraction du temps.<\/span><\/p>\n<ul>\n<li>Finition ultra brillante<\/li>\n<li>Pulv\u00e9risez, essuyez !<\/li>\n<li>Senteur Tropicale<\/li>\n<\/ul>\n","protected":false},"featured_media":11219,"comment_status":"closed","ping_status":"closed","template":"","meta":{"_acf_changed":false,"inline_featured_image":false},"product_brand":[],"product_cat":[307],"product_tag":[],"class_list":{"0":"post-9494","1":"product","2":"type-product","3":"status-publish","4":"has-post-thumbnail","6":"product_cat-nettoyage-exterieur","8":"first","9":"instock","10":"shipping-taxable","11":"purchasable","12":"product-type-simple"},"acf":[],"yoast_head":"<!-- This site is optimized with the Yoast SEO plugin v27.3 - https:\/\/yoast.com\/product\/yoast-seo-wordpress\/ -->\n<title>Polish Express | Produits | Holts FR<\/title>\n<meta name=\"description\" content=\"Holts Express Polish est enrichi de cire de carnauba, ce qui en fait le moyen le plus rapide de donner \u00e0 une voiture un look de salle d&#039;exposition en quelques minutes. D\u00e9couvrez-en plus ici.\" \/>\n<meta name=\"robots\" content=\"index, follow, max-snippet:-1, max-image-preview:large, max-video-preview:-1\" \/>\n<link rel=\"canonical\" href=\"https:\/\/www.holtsauto.com\/fr\/produits\/nettoyage-exterieur\/polish-express\/\" \/>\n<meta property=\"og:locale\" content=\"fr_FR\" \/>\n<meta property=\"og:type\" content=\"article\" \/>\n<meta property=\"og:title\" content=\"Polish Express | Produits | Holts FR\" \/>\n<meta property=\"og:description\" content=\"Holts Express Polish est enrichi de cire de carnauba, ce qui en fait le moyen le plus rapide de donner \u00e0 une voiture un look de salle d&#039;exposition en quelques minutes. D\u00e9couvrez-en plus ici.\" \/>\n<meta property=\"og:url\" content=\"https:\/\/www.holtsauto.com\/fr\/produits\/nettoyage-exterieur\/polish-express\/\" \/>\n<meta property=\"og:site_name\" content=\"Holts Auto Site\" \/>\n<meta property=\"article:modified_time\" content=\"2025-02-12T08:07:47+00:00\" \/>\n<meta property=\"og:image\" content=\"https:\/\/www.holtsauto.com\/wp-content\/uploads\/2021\/04\/polish-express.png\" \/>\n\t<meta property=\"og:image:width\" content=\"2000\" \/>\n\t<meta property=\"og:image:height\" content=\"2000\" \/>\n\t<meta property=\"og:image:type\" content=\"image\/png\" \/>\n<meta name=\"twitter:card\" content=\"summary_large_image\" \/>\n<meta name=\"twitter:label1\" content=\"Dur\u00e9e de lecture estim\u00e9e\" \/>\n\t<meta name=\"twitter:data1\" content=\"1 minute\" \/>\n<script type=\"application\/ld+json\" class=\"yoast-schema-graph\">{\"@context\":\"https:\\\/\\\/schema.org\",\"@graph\":[{\"@type\":\"WebPage\",\"@id\":\"https:\\\/\\\/www.holtsauto.com\\\/fr\\\/produits\\\/nettoyage-exterieur\\\/polish-express\\\/\",\"url\":\"https:\\\/\\\/www.holtsauto.com\\\/fr\\\/produits\\\/nettoyage-exterieur\\\/polish-express\\\/\",\"name\":\"Polish Express | Produits | Holts FR\",\"isPartOf\":{\"@id\":\"https:\\\/\\\/www.holtsauto.com\\\/fr\\\/#website\"},\"primaryImageOfPage\":{\"@id\":\"https:\\\/\\\/www.holtsauto.com\\\/fr\\\/produits\\\/nettoyage-exterieur\\\/polish-express\\\/#primaryimage\"},\"image\":{\"@id\":\"https:\\\/\\\/www.holtsauto.com\\\/fr\\\/produits\\\/nettoyage-exterieur\\\/polish-express\\\/#primaryimage\"},\"thumbnailUrl\":\"https:\\\/\\\/www.holtsauto.com\\\/wp-content\\\/uploads\\\/2021\\\/04\\\/polish-express.png\",\"datePublished\":\"2021-04-15T13:12:32+00:00\",\"dateModified\":\"2025-02-12T08:07:47+00:00\",\"description\":\"Holts Express Polish est enrichi de cire de carnauba, ce qui en fait le moyen le plus rapide de donner \u00e0 une voiture un look de salle d'exposition en quelques minutes. D\u00e9couvrez-en plus ici.\",\"breadcrumb\":{\"@id\":\"https:\\\/\\\/www.holtsauto.com\\\/fr\\\/produits\\\/nettoyage-exterieur\\\/polish-express\\\/#breadcrumb\"},\"inLanguage\":\"fr-FR\",\"potentialAction\":[{\"@type\":\"ReadAction\",\"target\":[\"https:\\\/\\\/www.holtsauto.com\\\/fr\\\/produits\\\/nettoyage-exterieur\\\/polish-express\\\/\"]}]},{\"@type\":\"ImageObject\",\"inLanguage\":\"fr-FR\",\"@id\":\"https:\\\/\\\/www.holtsauto.com\\\/fr\\\/produits\\\/nettoyage-exterieur\\\/polish-express\\\/#primaryimage\",\"url\":\"https:\\\/\\\/www.holtsauto.com\\\/wp-content\\\/uploads\\\/2021\\\/04\\\/polish-express.png\",\"contentUrl\":\"https:\\\/\\\/www.holtsauto.com\\\/wp-content\\\/uploads\\\/2021\\\/04\\\/polish-express.png\",\"width\":2000,\"height\":2000,\"caption\":\"polish express holts france\"},{\"@type\":\"BreadcrumbList\",\"@id\":\"https:\\\/\\\/www.holtsauto.com\\\/fr\\\/produits\\\/nettoyage-exterieur\\\/polish-express\\\/#breadcrumb\",\"itemListElement\":[{\"@type\":\"ListItem\",\"position\":1,\"name\":\"Home\",\"item\":\"https:\\\/\\\/www.holtsauto.com\\\/fr\\\/\"},{\"@type\":\"ListItem\",\"position\":2,\"name\":\"Produits\",\"item\":\"https:\\\/\\\/www.holtsauto.com\\\/fr\\\/produits\\\/\"},{\"@type\":\"ListItem\",\"position\":3,\"name\":\"Polish Express\"}]},{\"@type\":\"WebSite\",\"@id\":\"https:\\\/\\\/www.holtsauto.com\\\/fr\\\/#website\",\"url\":\"https:\\\/\\\/www.holtsauto.com\\\/fr\\\/\",\"name\":\"Holts Auto\",\"description\":\"\",\"potentialAction\":[{\"@type\":\"SearchAction\",\"target\":{\"@type\":\"EntryPoint\",\"urlTemplate\":\"https:\\\/\\\/www.holtsauto.com\\\/fr\\\/?s={search_term_string}\"},\"query-input\":{\"@type\":\"PropertyValueSpecification\",\"valueRequired\":true,\"valueName\":\"search_term_string\"}}],\"inLanguage\":\"fr-FR\"}]}<\/script>\n<!-- \/ Yoast SEO plugin. -->","yoast_head_json":{"title":"Polish Express | Produits | Holts FR","description":"Holts Express Polish est enrichi de cire de carnauba, ce qui en fait le moyen le plus rapide de donner \u00e0 une voiture un look de salle d'exposition en quelques minutes. D\u00e9couvrez-en plus ici.","robots":{"index":"index","follow":"follow","max-snippet":"max-snippet:-1","max-image-preview":"max-image-preview:large","max-video-preview":"max-video-preview:-1"},"canonical":"https:\/\/www.holtsauto.com\/fr\/produits\/nettoyage-exterieur\/polish-express\/","og_locale":"fr_FR","og_type":"article","og_title":"Polish Express | Produits | Holts FR","og_description":"Holts Express Polish est enrichi de cire de carnauba, ce qui en fait le moyen le plus rapide de donner \u00e0 une voiture un look de salle d'exposition en quelques minutes. D\u00e9couvrez-en plus ici.","og_url":"https:\/\/www.holtsauto.com\/fr\/produits\/nettoyage-exterieur\/polish-express\/","og_site_name":"Holts Auto Site","article_modified_time":"2025-02-12T08:07:47+00:00","og_image":[{"width":2000,"height":2000,"url":"https:\/\/www.holtsauto.com\/wp-content\/uploads\/2021\/04\/polish-express.png","type":"image\/png"}],"twitter_card":"summary_large_image","twitter_misc":{"Dur\u00e9e de lecture estim\u00e9e":"1 minute"},"schema":{"@context":"https:\/\/schema.org","@graph":[{"@type":"WebPage","@id":"https:\/\/www.holtsauto.com\/fr\/produits\/nettoyage-exterieur\/polish-express\/","url":"https:\/\/www.holtsauto.com\/fr\/produits\/nettoyage-exterieur\/polish-express\/","name":"Polish Express | Produits | Holts FR","isPartOf":{"@id":"https:\/\/www.holtsauto.com\/fr\/#website"},"primaryImageOfPage":{"@id":"https:\/\/www.holtsauto.com\/fr\/produits\/nettoyage-exterieur\/polish-express\/#primaryimage"},"image":{"@id":"https:\/\/www.holtsauto.com\/fr\/produits\/nettoyage-exterieur\/polish-express\/#primaryimage"},"thumbnailUrl":"https:\/\/www.holtsauto.com\/wp-content\/uploads\/2021\/04\/polish-express.png","datePublished":"2021-04-15T13:12:32+00:00","dateModified":"2025-02-12T08:07:47+00:00","description":"Holts Express Polish est enrichi de cire de carnauba, ce qui en fait le moyen le plus rapide de donner \u00e0 une voiture un look de salle d'exposition en quelques minutes. D\u00e9couvrez-en plus ici.","breadcrumb":{"@id":"https:\/\/www.holtsauto.com\/fr\/produits\/nettoyage-exterieur\/polish-express\/#breadcrumb"},"inLanguage":"fr-FR","potentialAction":[{"@type":"ReadAction","target":["https:\/\/www.holtsauto.com\/fr\/produits\/nettoyage-exterieur\/polish-express\/"]}]},{"@type":"ImageObject","inLanguage":"fr-FR","@id":"https:\/\/www.holtsauto.com\/fr\/produits\/nettoyage-exterieur\/polish-express\/#primaryimage","url":"https:\/\/www.holtsauto.com\/wp-content\/uploads\/2021\/04\/polish-express.png","contentUrl":"https:\/\/www.holtsauto.com\/wp-content\/uploads\/2021\/04\/polish-express.png","width":2000,"height":2000,"caption":"polish express holts france"},{"@type":"BreadcrumbList","@id":"https:\/\/www.holtsauto.com\/fr\/produits\/nettoyage-exterieur\/polish-express\/#breadcrumb","itemListElement":[{"@type":"ListItem","position":1,"name":"Home","item":"https:\/\/www.holtsauto.com\/fr\/"},{"@type":"ListItem","position":2,"name":"Produits","item":"https:\/\/www.holtsauto.com\/fr\/produits\/"},{"@type":"ListItem","position":3,"name":"Polish Express"}]},{"@type":"WebSite","@id":"https:\/\/www.holtsauto.com\/fr\/#website","url":"https:\/\/www.holtsauto.com\/fr\/","name":"Holts Auto","description":"","potentialAction":[{"@type":"SearchAction","target":{"@type":"EntryPoint","urlTemplate":"https:\/\/www.holtsauto.com\/fr\/?s={search_term_string}"},"query-input":{"@type":"PropertyValueSpecification","valueRequired":true,"valueName":"search_term_string"}}],"inLanguage":"fr-FR"}]}},"_links":{"self":[{"href":"https:\/\/www.holtsauto.com\/fr\/wp-json\/wp\/v2\/product\/9494","targetHints":{"allow":["GET"]}}],"collection":[{"href":"https:\/\/www.holtsauto.com\/fr\/wp-json\/wp\/v2\/product"}],"about":[{"href":"https:\/\/www.holtsauto.com\/fr\/wp-json\/wp\/v2\/types\/product"}],"replies":[{"embeddable":true,"href":"https:\/\/www.holtsauto.com\/fr\/wp-json\/wp\/v2\/comments?post=9494"}],"wp:featuredmedia":[{"embeddable":true,"href":"https:\/\/www.holtsauto.com\/fr\/wp-json\/wp\/v2\/media\/11219"}],"wp:attachment":[{"href":"https:\/\/www.holtsauto.com\/fr\/wp-json\/wp\/v2\/media?parent=9494"}],"wp:term":[{"taxonomy":"product_brand","embeddable":true,"href":"https:\/\/www.holtsauto.com\/fr\/wp-json\/wp\/v2\/product_brand?post=9494"},{"taxonomy":"product_cat","embeddable":true,"href":"https:\/\/www.holtsauto.com\/fr\/wp-json\/wp\/v2\/product_cat?post=9494"},{"taxonomy":"product_tag","embeddable":true,"href":"https:\/\/www.holtsauto.com\/fr\/wp-json\/wp\/v2\/product_tag?post=9494"}],"curies":[{"name":"wp","href":"https:\/\/api.w.org\/{rel}","templated":true}]}}