{"id":9497,"date":"2022-04-06T16:44:47","date_gmt":"2022-04-06T14:44:47","guid":{"rendered":"https:\/\/www.holtsauto.com\/fr\/?post_type=product&#038;p=3624"},"modified":"2025-10-03T09:08:19","modified_gmt":"2025-10-03T09:08:19","slug":"liquide-de-refroidissement-mercedes-bmw","status":"publish","type":"product","link":"https:\/\/www.holtsauto.com\/fr\/produits\/produits-de-fonctionnement\/liquide-de-refroidissement-mercedes-bmw\/","title":{"rendered":"Liquide de Refroidissement Mercedes &#8211; BMW"},"content":{"rendered":"<p>Nous nous sommes bas\u00e9s sur une \u00a0technologie de pointe pour\u00a0 d\u00e9velopper le Liquide de Refroidissement Holts afin d\u2019assurer une protection haute performance et d\u2019apporter une protection contre la corrosion, le gel et la surchauffe.<\/p>\n<p>Il prot\u00e8ge votre syst\u00e8me de refroidissement pendant au moins 10\u00a0ans ou jusqu\u2019\u00e0 480 000 kilom\u00e8tres, et reste efficace jusqu\u2019\u00e0 -37\u1d52C pour une utilisation tout au long de l\u2019ann\u00e9e.<\/p>\n<ul>\n<li>Formule pr\u00eate \u00e0 l&#8217;emploi conforme au r\u00e8glement 2022\/692 (18\u00b0ATP du CLP)<\/li>\n<li>Prot\u00e8ge le circuit de refroidissement contre le gel, la corrosion, et le tartre<\/li>\n<li>Protection du syst\u00e8me de refroidissement garantie 10 ans \/480 000 kms<\/li>\n<li>Anti-gel (jusqu\u2019\u00e0 \u201337\u00b0C), anti surchauffe (jusqu\u2019\u00e0 129\u00b0C)<\/li>\n<li>Conforme aux exigences de la norme GS 9400 requise par BMW &amp; Mini &amp; la norme MB 326.0 requise par Mercedes-Benz &amp; Smart.<\/li>\n<li>Compatible avec les liquides de refroidissement \u00e0 base d\u2019\u00e9thyl\u00e8ne-glycol<\/li>\n<li>Formule pr\u00eate \u00e0 l\u2019emploi, couleur bleue<\/li>\n<li>Formats 5 L + bec verseur et 1 L pour l\u2019appoint<\/li>\n<li>Emballage 100% recyclable<\/li>\n<\/ul>\n<h3><strong>Utilisation<\/strong><\/h3>\n<ul>\n<li>Soit pour une remise \u00e0 niveau ou bien un renouvellement de tout le circuit<\/li>\n<li>Pas besoin de diluer produit pr\u00eat \u00e0 l\u2019emploi<\/li>\n<li>Utilisation sur moteur froid.<\/li>\n<li>Vidanger tout le circuit de liquide de refroidissement avant remplissage et selon les instructions du manuel du v\u00e9hicule.<\/li>\n<li>Verser directement dans le radiateur ou le vase d&rsquo;expansion.<\/li>\n<li>Remplir de liquide de refroidissement-antigel jusqu&rsquo;au niveau recommand\u00e9 dans le manuel du v\u00e9hicule.<\/li>\n<li>Faire tourner le moteur jusqu&rsquo;\u00e0 la temp\u00e9rature de fonctionnement, puis couper le moteur et laissez refroidir.<\/li>\n<li>V\u00e9rifier le niveau du liquide de refroidissement et ajouter-en au besoin.<\/li>\n<li><strong>Remarque : Lorsque le produit n&rsquo;est pas utilis\u00e9, maintenir le bidon herm\u00e9tiquement ferme et en position droite.<\/strong><\/li>\n<\/ul>\n","protected":false},"excerpt":{"rendered":"<p><span style=\"font-weight: 400;\">Liquide de Refroidissement Holts\u00a0offre une protection haute performance et offre une protection contre la corrosion, le gel et la surchauffe.<\/span><\/p>\n<ul>\n<li>Protection du syst\u00e8me de refroidissement garantie 10 ans \/480 000 kms<\/li>\n<li>Anti-gel (jusqu\u2019\u00e0 \u201337\u00b0C), anti surchauffe (jusqu\u2019\u00e0 129\u00b0C)<\/li>\n<li>Formule pr\u00eate \u00e0 l&#8217;emploi conforme au r\u00e8glement 2022\/692 (18\u00b0ATP du CLP)<\/li>\n<li>Conforme aux exigences de la norme GS 9400 requise par BMW &amp; Mini &amp; la norme MB 326.0 requise par Mercedes-Benz &amp; Smart.<\/li>\n<\/ul>\n","protected":false},"featured_media":12252,"comment_status":"closed","ping_status":"closed","template":"","meta":{"_acf_changed":false,"inline_featured_image":false},"product_brand":[],"product_cat":[396],"product_tag":[],"class_list":{"0":"post-9497","1":"product","2":"type-product","3":"status-publish","4":"has-post-thumbnail","6":"product_cat-liquide-de-refroidissement","8":"first","9":"instock","10":"shipping-taxable","11":"purchasable","12":"product-type-variable"},"acf":[],"yoast_head":"<!-- This site is optimized with the Yoast SEO plugin v27.3 - https:\/\/yoast.com\/product\/yoast-seo-wordpress\/ -->\n<title>Liquide de Refroidissement Mercedes - BMW | Produits | Holts FR<\/title>\n<meta name=\"description\" content=\"Notre liquide de refroidissement moteur Mercedes and BMW offrira une protection contre la corrosion, le gel et la surchauffe, apprenez-en plus ici.\" \/>\n<meta name=\"robots\" content=\"index, follow, max-snippet:-1, max-image-preview:large, max-video-preview:-1\" \/>\n<link rel=\"canonical\" href=\"https:\/\/www.holtsauto.com\/fr\/produits\/produits-de-fonctionnement\/liquide-de-refroidissement-mercedes-bmw\/\" \/>\n<meta property=\"og:locale\" content=\"fr_FR\" \/>\n<meta property=\"og:type\" content=\"article\" \/>\n<meta property=\"og:title\" content=\"Liquide de Refroidissement Mercedes - BMW | Produits | Holts FR\" \/>\n<meta property=\"og:description\" content=\"Notre liquide de refroidissement moteur Mercedes and BMW offrira une protection contre la corrosion, le gel et la surchauffe, apprenez-en plus ici.\" \/>\n<meta property=\"og:url\" content=\"https:\/\/www.holtsauto.com\/fr\/produits\/produits-de-fonctionnement\/liquide-de-refroidissement-mercedes-bmw\/\" \/>\n<meta property=\"og:site_name\" content=\"Holts Auto Site\" \/>\n<meta property=\"article:modified_time\" content=\"2025-10-03T09:08:19+00:00\" \/>\n<meta property=\"og:image\" content=\"https:\/\/www.holtsauto.com\/wp-content\/uploads\/2022\/04\/liquide-de-refroidissement-merc-bmw-5l.png\" \/>\n\t<meta property=\"og:image:width\" content=\"2000\" \/>\n\t<meta property=\"og:image:height\" content=\"2000\" \/>\n\t<meta property=\"og:image:type\" content=\"image\/png\" \/>\n<meta name=\"twitter:card\" content=\"summary_large_image\" \/>\n<meta name=\"twitter:label1\" content=\"Dur\u00e9e de lecture estim\u00e9e\" \/>\n\t<meta name=\"twitter:data1\" content=\"2 minutes\" \/>\n<script type=\"application\/ld+json\" class=\"yoast-schema-graph\">{\"@context\":\"https:\\\/\\\/schema.org\",\"@graph\":[{\"@type\":\"WebPage\",\"@id\":\"https:\\\/\\\/www.holtsauto.com\\\/fr\\\/produits\\\/produits-de-fonctionnement\\\/liquide-de-refroidissement-mercedes-bmw\\\/\",\"url\":\"https:\\\/\\\/www.holtsauto.com\\\/fr\\\/produits\\\/produits-de-fonctionnement\\\/liquide-de-refroidissement-mercedes-bmw\\\/\",\"name\":\"Liquide de Refroidissement Mercedes - BMW | Produits | Holts FR\",\"isPartOf\":{\"@id\":\"https:\\\/\\\/www.holtsauto.com\\\/fr\\\/#website\"},\"primaryImageOfPage\":{\"@id\":\"https:\\\/\\\/www.holtsauto.com\\\/fr\\\/produits\\\/produits-de-fonctionnement\\\/liquide-de-refroidissement-mercedes-bmw\\\/#primaryimage\"},\"image\":{\"@id\":\"https:\\\/\\\/www.holtsauto.com\\\/fr\\\/produits\\\/produits-de-fonctionnement\\\/liquide-de-refroidissement-mercedes-bmw\\\/#primaryimage\"},\"thumbnailUrl\":\"https:\\\/\\\/www.holtsauto.com\\\/wp-content\\\/uploads\\\/2022\\\/04\\\/liquide-de-refroidissement-merc-bmw-5l.png\",\"datePublished\":\"2022-04-06T14:44:47+00:00\",\"dateModified\":\"2025-10-03T09:08:19+00:00\",\"description\":\"Notre liquide de refroidissement moteur Mercedes and BMW offrira une protection contre la corrosion, le gel et la surchauffe, apprenez-en plus ici.\",\"breadcrumb\":{\"@id\":\"https:\\\/\\\/www.holtsauto.com\\\/fr\\\/produits\\\/produits-de-fonctionnement\\\/liquide-de-refroidissement-mercedes-bmw\\\/#breadcrumb\"},\"inLanguage\":\"fr-FR\",\"potentialAction\":[{\"@type\":\"ReadAction\",\"target\":[\"https:\\\/\\\/www.holtsauto.com\\\/fr\\\/produits\\\/produits-de-fonctionnement\\\/liquide-de-refroidissement-mercedes-bmw\\\/\"]}]},{\"@type\":\"ImageObject\",\"inLanguage\":\"fr-FR\",\"@id\":\"https:\\\/\\\/www.holtsauto.com\\\/fr\\\/produits\\\/produits-de-fonctionnement\\\/liquide-de-refroidissement-mercedes-bmw\\\/#primaryimage\",\"url\":\"https:\\\/\\\/www.holtsauto.com\\\/wp-content\\\/uploads\\\/2022\\\/04\\\/liquide-de-refroidissement-merc-bmw-5l.png\",\"contentUrl\":\"https:\\\/\\\/www.holtsauto.com\\\/wp-content\\\/uploads\\\/2022\\\/04\\\/liquide-de-refroidissement-merc-bmw-5l.png\",\"width\":2000,\"height\":2000},{\"@type\":\"BreadcrumbList\",\"@id\":\"https:\\\/\\\/www.holtsauto.com\\\/fr\\\/produits\\\/produits-de-fonctionnement\\\/liquide-de-refroidissement-mercedes-bmw\\\/#breadcrumb\",\"itemListElement\":[{\"@type\":\"ListItem\",\"position\":1,\"name\":\"Home\",\"item\":\"https:\\\/\\\/www.holtsauto.com\\\/fr\\\/\"},{\"@type\":\"ListItem\",\"position\":2,\"name\":\"Produits\",\"item\":\"https:\\\/\\\/www.holtsauto.com\\\/fr\\\/produits\\\/\"},{\"@type\":\"ListItem\",\"position\":3,\"name\":\"Liquide de Refroidissement Mercedes &#8211; BMW\"}]},{\"@type\":\"WebSite\",\"@id\":\"https:\\\/\\\/www.holtsauto.com\\\/fr\\\/#website\",\"url\":\"https:\\\/\\\/www.holtsauto.com\\\/fr\\\/\",\"name\":\"Holts Auto\",\"description\":\"\",\"potentialAction\":[{\"@type\":\"SearchAction\",\"target\":{\"@type\":\"EntryPoint\",\"urlTemplate\":\"https:\\\/\\\/www.holtsauto.com\\\/fr\\\/?s={search_term_string}\"},\"query-input\":{\"@type\":\"PropertyValueSpecification\",\"valueRequired\":true,\"valueName\":\"search_term_string\"}}],\"inLanguage\":\"fr-FR\"}]}<\/script>\n<!-- \/ Yoast SEO plugin. -->","yoast_head_json":{"title":"Liquide de Refroidissement Mercedes - BMW | Produits | Holts FR","description":"Notre liquide de refroidissement moteur Mercedes and BMW offrira une protection contre la corrosion, le gel et la surchauffe, apprenez-en plus ici.","robots":{"index":"index","follow":"follow","max-snippet":"max-snippet:-1","max-image-preview":"max-image-preview:large","max-video-preview":"max-video-preview:-1"},"canonical":"https:\/\/www.holtsauto.com\/fr\/produits\/produits-de-fonctionnement\/liquide-de-refroidissement-mercedes-bmw\/","og_locale":"fr_FR","og_type":"article","og_title":"Liquide de Refroidissement Mercedes - BMW | Produits | Holts FR","og_description":"Notre liquide de refroidissement moteur Mercedes and BMW offrira une protection contre la corrosion, le gel et la surchauffe, apprenez-en plus ici.","og_url":"https:\/\/www.holtsauto.com\/fr\/produits\/produits-de-fonctionnement\/liquide-de-refroidissement-mercedes-bmw\/","og_site_name":"Holts Auto Site","article_modified_time":"2025-10-03T09:08:19+00:00","og_image":[{"width":2000,"height":2000,"url":"https:\/\/www.holtsauto.com\/wp-content\/uploads\/2022\/04\/liquide-de-refroidissement-merc-bmw-5l.png","type":"image\/png"}],"twitter_card":"summary_large_image","twitter_misc":{"Dur\u00e9e de lecture estim\u00e9e":"2 minutes"},"schema":{"@context":"https:\/\/schema.org","@graph":[{"@type":"WebPage","@id":"https:\/\/www.holtsauto.com\/fr\/produits\/produits-de-fonctionnement\/liquide-de-refroidissement-mercedes-bmw\/","url":"https:\/\/www.holtsauto.com\/fr\/produits\/produits-de-fonctionnement\/liquide-de-refroidissement-mercedes-bmw\/","name":"Liquide de Refroidissement Mercedes - BMW | Produits | Holts FR","isPartOf":{"@id":"https:\/\/www.holtsauto.com\/fr\/#website"},"primaryImageOfPage":{"@id":"https:\/\/www.holtsauto.com\/fr\/produits\/produits-de-fonctionnement\/liquide-de-refroidissement-mercedes-bmw\/#primaryimage"},"image":{"@id":"https:\/\/www.holtsauto.com\/fr\/produits\/produits-de-fonctionnement\/liquide-de-refroidissement-mercedes-bmw\/#primaryimage"},"thumbnailUrl":"https:\/\/www.holtsauto.com\/wp-content\/uploads\/2022\/04\/liquide-de-refroidissement-merc-bmw-5l.png","datePublished":"2022-04-06T14:44:47+00:00","dateModified":"2025-10-03T09:08:19+00:00","description":"Notre liquide de refroidissement moteur Mercedes and BMW offrira une protection contre la corrosion, le gel et la surchauffe, apprenez-en plus ici.","breadcrumb":{"@id":"https:\/\/www.holtsauto.com\/fr\/produits\/produits-de-fonctionnement\/liquide-de-refroidissement-mercedes-bmw\/#breadcrumb"},"inLanguage":"fr-FR","potentialAction":[{"@type":"ReadAction","target":["https:\/\/www.holtsauto.com\/fr\/produits\/produits-de-fonctionnement\/liquide-de-refroidissement-mercedes-bmw\/"]}]},{"@type":"ImageObject","inLanguage":"fr-FR","@id":"https:\/\/www.holtsauto.com\/fr\/produits\/produits-de-fonctionnement\/liquide-de-refroidissement-mercedes-bmw\/#primaryimage","url":"https:\/\/www.holtsauto.com\/wp-content\/uploads\/2022\/04\/liquide-de-refroidissement-merc-bmw-5l.png","contentUrl":"https:\/\/www.holtsauto.com\/wp-content\/uploads\/2022\/04\/liquide-de-refroidissement-merc-bmw-5l.png","width":2000,"height":2000},{"@type":"BreadcrumbList","@id":"https:\/\/www.holtsauto.com\/fr\/produits\/produits-de-fonctionnement\/liquide-de-refroidissement-mercedes-bmw\/#breadcrumb","itemListElement":[{"@type":"ListItem","position":1,"name":"Home","item":"https:\/\/www.holtsauto.com\/fr\/"},{"@type":"ListItem","position":2,"name":"Produits","item":"https:\/\/www.holtsauto.com\/fr\/produits\/"},{"@type":"ListItem","position":3,"name":"Liquide de Refroidissement Mercedes &#8211; BMW"}]},{"@type":"WebSite","@id":"https:\/\/www.holtsauto.com\/fr\/#website","url":"https:\/\/www.holtsauto.com\/fr\/","name":"Holts Auto","description":"","potentialAction":[{"@type":"SearchAction","target":{"@type":"EntryPoint","urlTemplate":"https:\/\/www.holtsauto.com\/fr\/?s={search_term_string}"},"query-input":{"@type":"PropertyValueSpecification","valueRequired":true,"valueName":"search_term_string"}}],"inLanguage":"fr-FR"}]}},"_links":{"self":[{"href":"https:\/\/www.holtsauto.com\/fr\/wp-json\/wp\/v2\/product\/9497","targetHints":{"allow":["GET"]}}],"collection":[{"href":"https:\/\/www.holtsauto.com\/fr\/wp-json\/wp\/v2\/product"}],"about":[{"href":"https:\/\/www.holtsauto.com\/fr\/wp-json\/wp\/v2\/types\/product"}],"replies":[{"embeddable":true,"href":"https:\/\/www.holtsauto.com\/fr\/wp-json\/wp\/v2\/comments?post=9497"}],"wp:featuredmedia":[{"embeddable":true,"href":"https:\/\/www.holtsauto.com\/fr\/wp-json\/wp\/v2\/media\/12252"}],"wp:attachment":[{"href":"https:\/\/www.holtsauto.com\/fr\/wp-json\/wp\/v2\/media?parent=9497"}],"wp:term":[{"taxonomy":"product_brand","embeddable":true,"href":"https:\/\/www.holtsauto.com\/fr\/wp-json\/wp\/v2\/product_brand?post=9497"},{"taxonomy":"product_cat","embeddable":true,"href":"https:\/\/www.holtsauto.com\/fr\/wp-json\/wp\/v2\/product_cat?post=9497"},{"taxonomy":"product_tag","embeddable":true,"href":"https:\/\/www.holtsauto.com\/fr\/wp-json\/wp\/v2\/product_tag?post=9497"}],"curies":[{"name":"wp","href":"https:\/\/api.w.org\/{rel}","templated":true}]}}