{"id":9499,"date":"2022-07-25T17:00:30","date_gmt":"2022-07-25T15:00:30","guid":{"rendered":"https:\/\/www.holtsauto.com\/fr\/?post_type=product&#038;p=3709"},"modified":"2026-03-04T10:29:13","modified_gmt":"2026-03-04T10:29:13","slug":"rustola-dl-110-multi-fonctions","status":"publish","type":"product","link":"https:\/\/www.holtsauto.com\/fr\/produits\/gamme-professionnelle\/rustola-dl-110-multi-fonctions\/","title":{"rendered":"Rustola DL110 Multi-Fonctions"},"content":{"rendered":"<p><span style=\"font-weight: 400;\">Qu&rsquo;il s&rsquo;agisse d&rsquo;un \u00e9crou rouill\u00e9 ou d&rsquo;un boulon trop serr\u00e9 qui ne bouge pas, il suffit de vaporiser dessus pour p\u00e9n\u00e9trer et lib\u00e9rer les pi\u00e8ces gripp\u00e9es et corrod\u00e9es.<\/span><\/p>\n<p><span style=\"font-weight: 400;\">Approuv\u00e9 par les m\u00e9caniciens professionnels et les bricoleurs, Holts Rustola DL 110 Multi-Fonctions a \u00e9t\u00e9 d\u00e9velopp\u00e9 pour \u00eatre utilis\u00e9 sur les pi\u00e8ces de moteur, mais peut \u00e9galement \u00eatre utilis\u00e9 pour une gamme d&rsquo;applications autour de la maison, du jardin et de l&rsquo;atelier, aidant \u00e0 lubrifier et \u00e0 prot\u00e9ger les m\u00e9taux et les fixations.<\/span><\/p>\n<p>Holts Rustola est un lubrifiant et un spray antiadh\u00e9sif polyvalent suffisamment r\u00e9sistant pour une large gamme d&rsquo;applications autour de la voiture, de la maison et de l&rsquo;atelier. Faisant partie de la gamme Holts Professional, le spray polyvalent peut \u00eatre appliqu\u00e9 sous n&rsquo;importe quel angle gr\u00e2ce \u00e0 son action de pulv\u00e9risation pr\u00e9cise \u00e0 360\u00b0, ce qui en fait une solution pratique pour presque toutes les t\u00e2ches.<\/p>\n<p><span style=\"font-weight: 400;\">Cr\u00e9\u00e9 et test\u00e9 par des sp\u00e9cialistes du laboratoire de d\u00e9veloppement Holts, Holts Rustola<\/span><\/p>\n<p><span style=\"font-weight: 400;\">Il est prouv\u00e9 qu&rsquo;il lib\u00e8re instantan\u00e9ment les pi\u00e8ces gripp\u00e9es, ce qui le rend id\u00e9al pour les r\u00e9parations de v\u00e9hicules lorsque les pi\u00e8ces doivent \u00eatre retir\u00e9es ou lubrifi\u00e9es pour garantir des performances et une long\u00e9vit\u00e9 maximales.<\/span><\/p>\n<p><span style=\"font-weight: 400;\">En plus des r\u00e9parations professionnelles de v\u00e9hicules, Holts Rustola est \u00e9galement un outil pratique \u00e0 avoir \u00e0 la maison ou \u00e0 l&rsquo;atelier. Le produit convient \u00e0 des milliers d\u2019utilisations, notamment :<\/span><\/p>\n<p>&nbsp;<\/p>\n<ul>\n<li><span style=\"font-weight: 400;\">Lib\u00e9rer les \u00e9crous et les boulons rouill\u00e9s<\/span><\/li>\n<li>Lubrifier et prot\u00e9ger les outils<\/li>\n<li>D\u00e9grippage des joints et charni\u00e8res<\/li>\n<li>Lubrification des pi\u00e8ces mobiles<\/li>\n<li>Desserrer les pi\u00e8ces rouill\u00e9es<\/li>\n<\/ul>\n","protected":false},"excerpt":{"rendered":"<p>Holts Rustola DL 110 Multi-Fonctions est un lubrifiant multi-usage et un spray antiadh\u00e9sif qui p\u00e9n\u00e8tre instantan\u00e9ment dans les pi\u00e8ces gripp\u00e9es pour r\u00e9duire la friction, restaurer le mouvement ou faciliter le retrait.<\/p>\n<ul>\n<li>Spray multifonction = Nettoie, lubrifie et prot\u00e8ge<\/li>\n<li>D\u00e9grippe toutes pi\u00e8ces m\u00e9caniques rouill\u00e9es, bloqu\u00e9es, encrass\u00e9es, dilat\u00e9es ou trop serr\u00e9es<\/li>\n<li>Elimine salet\u00e9, crasse marques de colle<\/li>\n<li>Convient \u00e0 toutes pi\u00e8ces filet\u00e9es, ou colliers de serrage<\/li>\n<li>Lubrifie serrures, outils et charni\u00e8res<\/li>\n<\/ul>\n","protected":false},"featured_media":13561,"comment_status":"closed","ping_status":"closed","template":"","meta":{"_acf_changed":false,"inline_featured_image":false},"product_brand":[],"product_cat":[311],"product_tag":[],"class_list":{"0":"post-9499","1":"product","2":"type-product","3":"status-publish","4":"has-post-thumbnail","6":"product_cat-gamme-professionnelle","8":"first","9":"instock","10":"shipping-taxable","11":"purchasable","12":"product-type-simple"},"acf":[],"yoast_head":"<!-- This site is optimized with the Yoast SEO plugin v27.3 - https:\/\/yoast.com\/product\/yoast-seo-wordpress\/ -->\n<title>Rustola DL110 Multi-Fonctions | Produits | Holts FR<\/title>\n<meta name=\"description\" content=\"Holts Rustola est un lubrifiant et un spray antiadh\u00e9sif polyvalent suffisamment r\u00e9sistant pour une large gamme d&#039;applications autour de la voiture, de la maison et de l&#039;atelier\" \/>\n<meta name=\"robots\" content=\"index, follow, max-snippet:-1, max-image-preview:large, max-video-preview:-1\" \/>\n<link rel=\"canonical\" href=\"https:\/\/www.holtsauto.com\/fr\/produits\/gamme-professionnelle\/rustola-dl-110-multi-fonctions\/\" \/>\n<meta property=\"og:locale\" content=\"fr_FR\" \/>\n<meta property=\"og:type\" content=\"article\" \/>\n<meta property=\"og:title\" content=\"Rustola DL110 Multi-Fonctions | Produits | Holts FR\" \/>\n<meta property=\"og:description\" content=\"Holts Rustola est un lubrifiant et un spray antiadh\u00e9sif polyvalent suffisamment r\u00e9sistant pour une large gamme d&#039;applications autour de la voiture, de la maison et de l&#039;atelier\" \/>\n<meta property=\"og:url\" content=\"https:\/\/www.holtsauto.com\/fr\/produits\/gamme-professionnelle\/rustola-dl-110-multi-fonctions\/\" \/>\n<meta property=\"og:site_name\" content=\"Holts Auto Site\" \/>\n<meta property=\"article:modified_time\" content=\"2026-03-04T10:29:13+00:00\" \/>\n<meta property=\"og:image\" content=\"https:\/\/www.holtsauto.com\/wp-content\/uploads\/2024\/08\/HMTN0401A_Holts-Pro-Maintenance-Spray-500ml-Web.png\" \/>\n\t<meta property=\"og:image:width\" content=\"2000\" \/>\n\t<meta property=\"og:image:height\" content=\"2000\" \/>\n\t<meta property=\"og:image:type\" content=\"image\/png\" \/>\n<meta name=\"twitter:card\" content=\"summary_large_image\" \/>\n<meta name=\"twitter:label1\" content=\"Dur\u00e9e de lecture estim\u00e9e\" \/>\n\t<meta name=\"twitter:data1\" content=\"2 minutes\" \/>\n<script type=\"application\/ld+json\" class=\"yoast-schema-graph\">{\"@context\":\"https:\\\/\\\/schema.org\",\"@graph\":[{\"@type\":\"WebPage\",\"@id\":\"https:\\\/\\\/www.holtsauto.com\\\/fr\\\/produits\\\/gamme-professionnelle\\\/rustola-dl-110-multi-fonctions\\\/\",\"url\":\"https:\\\/\\\/www.holtsauto.com\\\/fr\\\/produits\\\/gamme-professionnelle\\\/rustola-dl-110-multi-fonctions\\\/\",\"name\":\"Rustola DL110 Multi-Fonctions | Produits | Holts FR\",\"isPartOf\":{\"@id\":\"https:\\\/\\\/www.holtsauto.com\\\/fr\\\/#website\"},\"primaryImageOfPage\":{\"@id\":\"https:\\\/\\\/www.holtsauto.com\\\/fr\\\/produits\\\/gamme-professionnelle\\\/rustola-dl-110-multi-fonctions\\\/#primaryimage\"},\"image\":{\"@id\":\"https:\\\/\\\/www.holtsauto.com\\\/fr\\\/produits\\\/gamme-professionnelle\\\/rustola-dl-110-multi-fonctions\\\/#primaryimage\"},\"thumbnailUrl\":\"https:\\\/\\\/www.holtsauto.com\\\/wp-content\\\/uploads\\\/2024\\\/08\\\/HMTN0401A_Holts-Pro-Maintenance-Spray-500ml-Web.png\",\"datePublished\":\"2022-07-25T15:00:30+00:00\",\"dateModified\":\"2026-03-04T10:29:13+00:00\",\"description\":\"Holts Rustola est un lubrifiant et un spray antiadh\u00e9sif polyvalent suffisamment r\u00e9sistant pour une large gamme d'applications autour de la voiture, de la maison et de l'atelier\",\"breadcrumb\":{\"@id\":\"https:\\\/\\\/www.holtsauto.com\\\/fr\\\/produits\\\/gamme-professionnelle\\\/rustola-dl-110-multi-fonctions\\\/#breadcrumb\"},\"inLanguage\":\"fr-FR\",\"potentialAction\":[{\"@type\":\"ReadAction\",\"target\":[\"https:\\\/\\\/www.holtsauto.com\\\/fr\\\/produits\\\/gamme-professionnelle\\\/rustola-dl-110-multi-fonctions\\\/\"]}]},{\"@type\":\"ImageObject\",\"inLanguage\":\"fr-FR\",\"@id\":\"https:\\\/\\\/www.holtsauto.com\\\/fr\\\/produits\\\/gamme-professionnelle\\\/rustola-dl-110-multi-fonctions\\\/#primaryimage\",\"url\":\"https:\\\/\\\/www.holtsauto.com\\\/wp-content\\\/uploads\\\/2024\\\/08\\\/HMTN0401A_Holts-Pro-Maintenance-Spray-500ml-Web.png\",\"contentUrl\":\"https:\\\/\\\/www.holtsauto.com\\\/wp-content\\\/uploads\\\/2024\\\/08\\\/HMTN0401A_Holts-Pro-Maintenance-Spray-500ml-Web.png\",\"width\":2000,\"height\":2000,\"caption\":\"holts professional maintenance spray 500ml\"},{\"@type\":\"BreadcrumbList\",\"@id\":\"https:\\\/\\\/www.holtsauto.com\\\/fr\\\/produits\\\/gamme-professionnelle\\\/rustola-dl-110-multi-fonctions\\\/#breadcrumb\",\"itemListElement\":[{\"@type\":\"ListItem\",\"position\":1,\"name\":\"Home\",\"item\":\"https:\\\/\\\/www.holtsauto.com\\\/fr\\\/\"},{\"@type\":\"ListItem\",\"position\":2,\"name\":\"Produits\",\"item\":\"https:\\\/\\\/www.holtsauto.com\\\/fr\\\/produits\\\/\"},{\"@type\":\"ListItem\",\"position\":3,\"name\":\"Rustola DL110 Multi-Fonctions\"}]},{\"@type\":\"WebSite\",\"@id\":\"https:\\\/\\\/www.holtsauto.com\\\/fr\\\/#website\",\"url\":\"https:\\\/\\\/www.holtsauto.com\\\/fr\\\/\",\"name\":\"Holts Auto\",\"description\":\"\",\"potentialAction\":[{\"@type\":\"SearchAction\",\"target\":{\"@type\":\"EntryPoint\",\"urlTemplate\":\"https:\\\/\\\/www.holtsauto.com\\\/fr\\\/?s={search_term_string}\"},\"query-input\":{\"@type\":\"PropertyValueSpecification\",\"valueRequired\":true,\"valueName\":\"search_term_string\"}}],\"inLanguage\":\"fr-FR\"}]}<\/script>\n<!-- \/ Yoast SEO plugin. -->","yoast_head_json":{"title":"Rustola DL110 Multi-Fonctions | Produits | Holts FR","description":"Holts Rustola est un lubrifiant et un spray antiadh\u00e9sif polyvalent suffisamment r\u00e9sistant pour une large gamme d'applications autour de la voiture, de la maison et de l'atelier","robots":{"index":"index","follow":"follow","max-snippet":"max-snippet:-1","max-image-preview":"max-image-preview:large","max-video-preview":"max-video-preview:-1"},"canonical":"https:\/\/www.holtsauto.com\/fr\/produits\/gamme-professionnelle\/rustola-dl-110-multi-fonctions\/","og_locale":"fr_FR","og_type":"article","og_title":"Rustola DL110 Multi-Fonctions | Produits | Holts FR","og_description":"Holts Rustola est un lubrifiant et un spray antiadh\u00e9sif polyvalent suffisamment r\u00e9sistant pour une large gamme d'applications autour de la voiture, de la maison et de l'atelier","og_url":"https:\/\/www.holtsauto.com\/fr\/produits\/gamme-professionnelle\/rustola-dl-110-multi-fonctions\/","og_site_name":"Holts Auto Site","article_modified_time":"2026-03-04T10:29:13+00:00","og_image":[{"width":2000,"height":2000,"url":"https:\/\/www.holtsauto.com\/wp-content\/uploads\/2024\/08\/HMTN0401A_Holts-Pro-Maintenance-Spray-500ml-Web.png","type":"image\/png"}],"twitter_card":"summary_large_image","twitter_misc":{"Dur\u00e9e de lecture estim\u00e9e":"2 minutes"},"schema":{"@context":"https:\/\/schema.org","@graph":[{"@type":"WebPage","@id":"https:\/\/www.holtsauto.com\/fr\/produits\/gamme-professionnelle\/rustola-dl-110-multi-fonctions\/","url":"https:\/\/www.holtsauto.com\/fr\/produits\/gamme-professionnelle\/rustola-dl-110-multi-fonctions\/","name":"Rustola DL110 Multi-Fonctions | Produits | Holts FR","isPartOf":{"@id":"https:\/\/www.holtsauto.com\/fr\/#website"},"primaryImageOfPage":{"@id":"https:\/\/www.holtsauto.com\/fr\/produits\/gamme-professionnelle\/rustola-dl-110-multi-fonctions\/#primaryimage"},"image":{"@id":"https:\/\/www.holtsauto.com\/fr\/produits\/gamme-professionnelle\/rustola-dl-110-multi-fonctions\/#primaryimage"},"thumbnailUrl":"https:\/\/www.holtsauto.com\/wp-content\/uploads\/2024\/08\/HMTN0401A_Holts-Pro-Maintenance-Spray-500ml-Web.png","datePublished":"2022-07-25T15:00:30+00:00","dateModified":"2026-03-04T10:29:13+00:00","description":"Holts Rustola est un lubrifiant et un spray antiadh\u00e9sif polyvalent suffisamment r\u00e9sistant pour une large gamme d'applications autour de la voiture, de la maison et de l'atelier","breadcrumb":{"@id":"https:\/\/www.holtsauto.com\/fr\/produits\/gamme-professionnelle\/rustola-dl-110-multi-fonctions\/#breadcrumb"},"inLanguage":"fr-FR","potentialAction":[{"@type":"ReadAction","target":["https:\/\/www.holtsauto.com\/fr\/produits\/gamme-professionnelle\/rustola-dl-110-multi-fonctions\/"]}]},{"@type":"ImageObject","inLanguage":"fr-FR","@id":"https:\/\/www.holtsauto.com\/fr\/produits\/gamme-professionnelle\/rustola-dl-110-multi-fonctions\/#primaryimage","url":"https:\/\/www.holtsauto.com\/wp-content\/uploads\/2024\/08\/HMTN0401A_Holts-Pro-Maintenance-Spray-500ml-Web.png","contentUrl":"https:\/\/www.holtsauto.com\/wp-content\/uploads\/2024\/08\/HMTN0401A_Holts-Pro-Maintenance-Spray-500ml-Web.png","width":2000,"height":2000,"caption":"holts professional maintenance spray 500ml"},{"@type":"BreadcrumbList","@id":"https:\/\/www.holtsauto.com\/fr\/produits\/gamme-professionnelle\/rustola-dl-110-multi-fonctions\/#breadcrumb","itemListElement":[{"@type":"ListItem","position":1,"name":"Home","item":"https:\/\/www.holtsauto.com\/fr\/"},{"@type":"ListItem","position":2,"name":"Produits","item":"https:\/\/www.holtsauto.com\/fr\/produits\/"},{"@type":"ListItem","position":3,"name":"Rustola DL110 Multi-Fonctions"}]},{"@type":"WebSite","@id":"https:\/\/www.holtsauto.com\/fr\/#website","url":"https:\/\/www.holtsauto.com\/fr\/","name":"Holts Auto","description":"","potentialAction":[{"@type":"SearchAction","target":{"@type":"EntryPoint","urlTemplate":"https:\/\/www.holtsauto.com\/fr\/?s={search_term_string}"},"query-input":{"@type":"PropertyValueSpecification","valueRequired":true,"valueName":"search_term_string"}}],"inLanguage":"fr-FR"}]}},"_links":{"self":[{"href":"https:\/\/www.holtsauto.com\/fr\/wp-json\/wp\/v2\/product\/9499","targetHints":{"allow":["GET"]}}],"collection":[{"href":"https:\/\/www.holtsauto.com\/fr\/wp-json\/wp\/v2\/product"}],"about":[{"href":"https:\/\/www.holtsauto.com\/fr\/wp-json\/wp\/v2\/types\/product"}],"replies":[{"embeddable":true,"href":"https:\/\/www.holtsauto.com\/fr\/wp-json\/wp\/v2\/comments?post=9499"}],"wp:featuredmedia":[{"embeddable":true,"href":"https:\/\/www.holtsauto.com\/fr\/wp-json\/wp\/v2\/media\/13561"}],"wp:attachment":[{"href":"https:\/\/www.holtsauto.com\/fr\/wp-json\/wp\/v2\/media?parent=9499"}],"wp:term":[{"taxonomy":"product_brand","embeddable":true,"href":"https:\/\/www.holtsauto.com\/fr\/wp-json\/wp\/v2\/product_brand?post=9499"},{"taxonomy":"product_cat","embeddable":true,"href":"https:\/\/www.holtsauto.com\/fr\/wp-json\/wp\/v2\/product_cat?post=9499"},{"taxonomy":"product_tag","embeddable":true,"href":"https:\/\/www.holtsauto.com\/fr\/wp-json\/wp\/v2\/product_tag?post=9499"}],"curies":[{"name":"wp","href":"https:\/\/api.w.org\/{rel}","templated":true}]}}