{"id":9500,"date":"2023-10-13T09:48:31","date_gmt":"2023-10-13T07:48:31","guid":{"rendered":"https:\/\/www.holtsauto.com\/fr\/?post_type=product&#038;p=4141"},"modified":"2025-02-12T08:13:43","modified_gmt":"2025-02-12T08:13:43","slug":"degivrant","status":"publish","type":"product","link":"https:\/\/www.holtsauto.com\/fr\/produits\/produits-de-fonctionnement\/degivrant\/","title":{"rendered":"D\u00e9givrant"},"content":{"rendered":"<p>Le D\u00e9givrant Holts est d\u00e9velopp\u00e9 et test\u00e9 pour les conducteurs comme vous, afin de faciliter d\u00e9givrage de vos vitres et de vous permettre de prendre la route rapidement.<\/p>\n<ul>\n<li>Fonctionne jusqu&rsquo;\u00e0 -40\u1d52C<\/li>\n<li>\u00c9limine rapidement le givre, la glace et la neige<\/li>\n<li>Action rapide, reprenez la route imm\u00e9diatement<\/li>\n<li>Emp\u00eache le regel dangereux<\/li>\n<li>Sans danger pour la peinture<\/li>\n<\/ul>\n<p>C&rsquo;est un a\u00e9rosol puissant qui fonctionne jusqu&rsquo;\u00e0 -40\u1d52C, \u00e9liminant le givre rapidement et facilement sans laisser de traces.<\/p>\n<p>Assurez-vous de garder une canette dans votre v\u00e9hicule ou votre garage pour vous assurer que vous \u00eates toujours pr\u00eat \u00e0 affronter des conditions glaciales. Lorsque le gel s&rsquo;installe, vaporisez simplement sur vos fen\u00eatres et D\u00e9givrant Holts fera le travail pour vous.<\/p>\n","protected":false},"excerpt":{"rendered":"<p>Le D\u00e9givrant Holts est un incontournable pour tout conducteur, en particulier en France avec notre m\u00e9t\u00e9o impr\u00e9visible.<\/p>\n<ul>\n<li>Fonctionne jusqu&rsquo;\u00e0 -40\u1d52C<\/li>\n<li>\u00c9limine rapidement le givre, la glace et la neige<\/li>\n<li>Action rapide, reprenez la route imm\u00e9diatement<\/li>\n<li>Sans danger pour la peinture<\/li>\n<\/ul>\n","protected":false},"featured_media":10962,"comment_status":"closed","ping_status":"closed","template":"","meta":{"_acf_changed":false,"inline_featured_image":false},"product_brand":[],"product_cat":[395],"product_tag":[],"class_list":{"0":"post-9500","1":"product","2":"type-product","3":"status-publish","4":"has-post-thumbnail","6":"product_cat-degivrants","8":"first","9":"instock","10":"shipping-taxable","11":"purchasable","12":"product-type-variable"},"acf":[],"yoast_head":"<!-- This site is optimized with the Yoast SEO plugin v27.3 - https:\/\/yoast.com\/product\/yoast-seo-wordpress\/ -->\n<title>D\u00e9givrant | Produits | Holts FR<\/title>\n<meta name=\"description\" content=\"Le D\u00e9givrant Holts est d\u00e9velopp\u00e9 et test\u00e9 pour les conducteurs comme vous, afin de faciliter d\u00e9givrage de vos vitres et de vous permettre de prendre la route rapidement.\" \/>\n<meta name=\"robots\" content=\"index, follow, max-snippet:-1, max-image-preview:large, max-video-preview:-1\" \/>\n<link rel=\"canonical\" href=\"https:\/\/www.holtsauto.com\/fr\/produits\/produits-de-fonctionnement\/degivrant\/\" \/>\n<meta property=\"og:locale\" content=\"fr_FR\" \/>\n<meta property=\"og:type\" content=\"article\" \/>\n<meta property=\"og:title\" content=\"D\u00e9givrant | Produits | Holts FR\" \/>\n<meta property=\"og:description\" content=\"Le D\u00e9givrant Holts est d\u00e9velopp\u00e9 et test\u00e9 pour les conducteurs comme vous, afin de faciliter d\u00e9givrage de vos vitres et de vous permettre de prendre la route rapidement.\" \/>\n<meta property=\"og:url\" content=\"https:\/\/www.holtsauto.com\/fr\/produits\/produits-de-fonctionnement\/degivrant\/\" \/>\n<meta property=\"og:site_name\" content=\"Holts Auto Site\" \/>\n<meta property=\"article:modified_time\" content=\"2025-02-12T08:13:43+00:00\" \/>\n<meta property=\"og:image\" content=\"https:\/\/www.holtsauto.com\/wp-content\/uploads\/2023\/10\/degivrant.png\" \/>\n\t<meta property=\"og:image:width\" content=\"2000\" \/>\n\t<meta property=\"og:image:height\" content=\"2000\" \/>\n\t<meta property=\"og:image:type\" content=\"image\/png\" \/>\n<meta name=\"twitter:card\" content=\"summary_large_image\" \/>\n<meta name=\"twitter:label1\" content=\"Dur\u00e9e de lecture estim\u00e9e\" \/>\n\t<meta name=\"twitter:data1\" content=\"1 minute\" \/>\n<script type=\"application\/ld+json\" class=\"yoast-schema-graph\">{\"@context\":\"https:\\\/\\\/schema.org\",\"@graph\":[{\"@type\":\"WebPage\",\"@id\":\"https:\\\/\\\/www.holtsauto.com\\\/fr\\\/produits\\\/produits-de-fonctionnement\\\/degivrant\\\/\",\"url\":\"https:\\\/\\\/www.holtsauto.com\\\/fr\\\/produits\\\/produits-de-fonctionnement\\\/degivrant\\\/\",\"name\":\"D\u00e9givrant | Produits | Holts FR\",\"isPartOf\":{\"@id\":\"https:\\\/\\\/www.holtsauto.com\\\/fr\\\/#website\"},\"primaryImageOfPage\":{\"@id\":\"https:\\\/\\\/www.holtsauto.com\\\/fr\\\/produits\\\/produits-de-fonctionnement\\\/degivrant\\\/#primaryimage\"},\"image\":{\"@id\":\"https:\\\/\\\/www.holtsauto.com\\\/fr\\\/produits\\\/produits-de-fonctionnement\\\/degivrant\\\/#primaryimage\"},\"thumbnailUrl\":\"https:\\\/\\\/www.holtsauto.com\\\/wp-content\\\/uploads\\\/2023\\\/10\\\/degivrant.png\",\"datePublished\":\"2023-10-13T07:48:31+00:00\",\"dateModified\":\"2025-02-12T08:13:43+00:00\",\"description\":\"Le D\u00e9givrant Holts est d\u00e9velopp\u00e9 et test\u00e9 pour les conducteurs comme vous, afin de faciliter d\u00e9givrage de vos vitres et de vous permettre de prendre la route rapidement.\",\"breadcrumb\":{\"@id\":\"https:\\\/\\\/www.holtsauto.com\\\/fr\\\/produits\\\/produits-de-fonctionnement\\\/degivrant\\\/#breadcrumb\"},\"inLanguage\":\"fr-FR\",\"potentialAction\":[{\"@type\":\"ReadAction\",\"target\":[\"https:\\\/\\\/www.holtsauto.com\\\/fr\\\/produits\\\/produits-de-fonctionnement\\\/degivrant\\\/\"]}]},{\"@type\":\"ImageObject\",\"inLanguage\":\"fr-FR\",\"@id\":\"https:\\\/\\\/www.holtsauto.com\\\/fr\\\/produits\\\/produits-de-fonctionnement\\\/degivrant\\\/#primaryimage\",\"url\":\"https:\\\/\\\/www.holtsauto.com\\\/wp-content\\\/uploads\\\/2023\\\/10\\\/degivrant.png\",\"contentUrl\":\"https:\\\/\\\/www.holtsauto.com\\\/wp-content\\\/uploads\\\/2023\\\/10\\\/degivrant.png\",\"width\":2000,\"height\":2000,\"caption\":\"degivrant holts main 600\"},{\"@type\":\"BreadcrumbList\",\"@id\":\"https:\\\/\\\/www.holtsauto.com\\\/fr\\\/produits\\\/produits-de-fonctionnement\\\/degivrant\\\/#breadcrumb\",\"itemListElement\":[{\"@type\":\"ListItem\",\"position\":1,\"name\":\"Home\",\"item\":\"https:\\\/\\\/www.holtsauto.com\\\/fr\\\/\"},{\"@type\":\"ListItem\",\"position\":2,\"name\":\"Produits\",\"item\":\"https:\\\/\\\/www.holtsauto.com\\\/fr\\\/produits\\\/\"},{\"@type\":\"ListItem\",\"position\":3,\"name\":\"D\u00e9givrant\"}]},{\"@type\":\"WebSite\",\"@id\":\"https:\\\/\\\/www.holtsauto.com\\\/fr\\\/#website\",\"url\":\"https:\\\/\\\/www.holtsauto.com\\\/fr\\\/\",\"name\":\"Holts Auto\",\"description\":\"\",\"potentialAction\":[{\"@type\":\"SearchAction\",\"target\":{\"@type\":\"EntryPoint\",\"urlTemplate\":\"https:\\\/\\\/www.holtsauto.com\\\/fr\\\/?s={search_term_string}\"},\"query-input\":{\"@type\":\"PropertyValueSpecification\",\"valueRequired\":true,\"valueName\":\"search_term_string\"}}],\"inLanguage\":\"fr-FR\"}]}<\/script>\n<!-- \/ Yoast SEO plugin. -->","yoast_head_json":{"title":"D\u00e9givrant | Produits | Holts FR","description":"Le D\u00e9givrant Holts est d\u00e9velopp\u00e9 et test\u00e9 pour les conducteurs comme vous, afin de faciliter d\u00e9givrage de vos vitres et de vous permettre de prendre la route rapidement.","robots":{"index":"index","follow":"follow","max-snippet":"max-snippet:-1","max-image-preview":"max-image-preview:large","max-video-preview":"max-video-preview:-1"},"canonical":"https:\/\/www.holtsauto.com\/fr\/produits\/produits-de-fonctionnement\/degivrant\/","og_locale":"fr_FR","og_type":"article","og_title":"D\u00e9givrant | Produits | Holts FR","og_description":"Le D\u00e9givrant Holts est d\u00e9velopp\u00e9 et test\u00e9 pour les conducteurs comme vous, afin de faciliter d\u00e9givrage de vos vitres et de vous permettre de prendre la route rapidement.","og_url":"https:\/\/www.holtsauto.com\/fr\/produits\/produits-de-fonctionnement\/degivrant\/","og_site_name":"Holts Auto Site","article_modified_time":"2025-02-12T08:13:43+00:00","og_image":[{"width":2000,"height":2000,"url":"https:\/\/www.holtsauto.com\/wp-content\/uploads\/2023\/10\/degivrant.png","type":"image\/png"}],"twitter_card":"summary_large_image","twitter_misc":{"Dur\u00e9e de lecture estim\u00e9e":"1 minute"},"schema":{"@context":"https:\/\/schema.org","@graph":[{"@type":"WebPage","@id":"https:\/\/www.holtsauto.com\/fr\/produits\/produits-de-fonctionnement\/degivrant\/","url":"https:\/\/www.holtsauto.com\/fr\/produits\/produits-de-fonctionnement\/degivrant\/","name":"D\u00e9givrant | Produits | Holts FR","isPartOf":{"@id":"https:\/\/www.holtsauto.com\/fr\/#website"},"primaryImageOfPage":{"@id":"https:\/\/www.holtsauto.com\/fr\/produits\/produits-de-fonctionnement\/degivrant\/#primaryimage"},"image":{"@id":"https:\/\/www.holtsauto.com\/fr\/produits\/produits-de-fonctionnement\/degivrant\/#primaryimage"},"thumbnailUrl":"https:\/\/www.holtsauto.com\/wp-content\/uploads\/2023\/10\/degivrant.png","datePublished":"2023-10-13T07:48:31+00:00","dateModified":"2025-02-12T08:13:43+00:00","description":"Le D\u00e9givrant Holts est d\u00e9velopp\u00e9 et test\u00e9 pour les conducteurs comme vous, afin de faciliter d\u00e9givrage de vos vitres et de vous permettre de prendre la route rapidement.","breadcrumb":{"@id":"https:\/\/www.holtsauto.com\/fr\/produits\/produits-de-fonctionnement\/degivrant\/#breadcrumb"},"inLanguage":"fr-FR","potentialAction":[{"@type":"ReadAction","target":["https:\/\/www.holtsauto.com\/fr\/produits\/produits-de-fonctionnement\/degivrant\/"]}]},{"@type":"ImageObject","inLanguage":"fr-FR","@id":"https:\/\/www.holtsauto.com\/fr\/produits\/produits-de-fonctionnement\/degivrant\/#primaryimage","url":"https:\/\/www.holtsauto.com\/wp-content\/uploads\/2023\/10\/degivrant.png","contentUrl":"https:\/\/www.holtsauto.com\/wp-content\/uploads\/2023\/10\/degivrant.png","width":2000,"height":2000,"caption":"degivrant holts main 600"},{"@type":"BreadcrumbList","@id":"https:\/\/www.holtsauto.com\/fr\/produits\/produits-de-fonctionnement\/degivrant\/#breadcrumb","itemListElement":[{"@type":"ListItem","position":1,"name":"Home","item":"https:\/\/www.holtsauto.com\/fr\/"},{"@type":"ListItem","position":2,"name":"Produits","item":"https:\/\/www.holtsauto.com\/fr\/produits\/"},{"@type":"ListItem","position":3,"name":"D\u00e9givrant"}]},{"@type":"WebSite","@id":"https:\/\/www.holtsauto.com\/fr\/#website","url":"https:\/\/www.holtsauto.com\/fr\/","name":"Holts Auto","description":"","potentialAction":[{"@type":"SearchAction","target":{"@type":"EntryPoint","urlTemplate":"https:\/\/www.holtsauto.com\/fr\/?s={search_term_string}"},"query-input":{"@type":"PropertyValueSpecification","valueRequired":true,"valueName":"search_term_string"}}],"inLanguage":"fr-FR"}]}},"_links":{"self":[{"href":"https:\/\/www.holtsauto.com\/fr\/wp-json\/wp\/v2\/product\/9500","targetHints":{"allow":["GET"]}}],"collection":[{"href":"https:\/\/www.holtsauto.com\/fr\/wp-json\/wp\/v2\/product"}],"about":[{"href":"https:\/\/www.holtsauto.com\/fr\/wp-json\/wp\/v2\/types\/product"}],"replies":[{"embeddable":true,"href":"https:\/\/www.holtsauto.com\/fr\/wp-json\/wp\/v2\/comments?post=9500"}],"wp:featuredmedia":[{"embeddable":true,"href":"https:\/\/www.holtsauto.com\/fr\/wp-json\/wp\/v2\/media\/10962"}],"wp:attachment":[{"href":"https:\/\/www.holtsauto.com\/fr\/wp-json\/wp\/v2\/media?parent=9500"}],"wp:term":[{"taxonomy":"product_brand","embeddable":true,"href":"https:\/\/www.holtsauto.com\/fr\/wp-json\/wp\/v2\/product_brand?post=9500"},{"taxonomy":"product_cat","embeddable":true,"href":"https:\/\/www.holtsauto.com\/fr\/wp-json\/wp\/v2\/product_cat?post=9500"},{"taxonomy":"product_tag","embeddable":true,"href":"https:\/\/www.holtsauto.com\/fr\/wp-json\/wp\/v2\/product_tag?post=9500"}],"curies":[{"name":"wp","href":"https:\/\/api.w.org\/{rel}","templated":true}]}}