{"id":975,"date":"2016-06-20T08:10:18","date_gmt":"2016-06-20T09:10:18","guid":{"rendered":"https:\/\/www.holtsauto.com\/fr\/?post_type=product&#038;p=975"},"modified":"2025-07-22T12:05:23","modified_gmt":"2025-07-22T12:05:23","slug":"lave-glace-ete","status":"publish","type":"product","link":"https:\/\/www.holtsauto.com\/fr\/produits\/produits-de-fonctionnement\/lave-glace-ete\/","title":{"rendered":"Lave Glace E\u0301te\u0301"},"content":{"rendered":"<p><span style=\"font-weight: 400;\">L\u2019\u00e9t\u00e9 peut \u00eatre une p\u00e9riode difficile pour le pare-brise de votre voiture. Avec moins de pluie, la salet\u00e9 peut s&rsquo;accumuler sur le verre, ce qui est aggrav\u00e9 par la s\u00e8ve des arbres et l&rsquo;augmentation des r\u00e9sidus d&rsquo;insectes.<\/span><\/p>\n<p><span style=\"font-weight: 400;\">Holts Summer Screen Wash permet un nettoyage rapide du pare-brise, \u00e9liminant la salet\u00e9 et la crasse pour offrir une excellente clart\u00e9 sur la route.<\/span><\/p>\n<ul>\n<li><span style=\"font-weight: 400;\"> Agents nettoyants et d\u00e9graissants surpuissants\u00a0<\/span><\/li>\n<li><span style=\"font-weight: 400;\"> Elimine les insectes, les fientes d\u2019oiseaux\u00a0 et la s\u00e8ve des arbres\u00a0<\/span><\/li>\n<li><span style=\"font-weight: 400;\"> Action rapide\u00a0<\/span><\/li>\n<li><span style=\"font-weight: 400;\"> Pr\u00eat \u00e0 l\u2019emploi\u00a0<\/span><\/li>\n<li><span style=\"font-weight: 400;\"> Senteur citron<\/span><\/li>\n<\/ul>\n<p><span style=\"font-weight: 400;\">Avec un temps de s\u00e9chage rapide et une finition garantie sans traces, Holts Summer Screen Wash est le seul produit dont vous avez besoin pour garder votre pare-brise propre et clair cet \u00e9t\u00e9.<\/span><\/p>\n","protected":false},"excerpt":{"rendered":"<p>Holts Lave-Glace E\u0301te\u0301 est un lave-\u00e9cran haute performance qui aide \u00e0 maintenir une visibilit\u00e9 cristalline tout au long de l&rsquo;\u00e9t\u00e9.<\/p>\n<ul>\n<li>Agents nettoyants et d\u00e9graissants surpuissants<\/li>\n<li>Elimine les insectes, les fientes d\u2019oiseaux\u00a0 et la s\u00e8ve des arbres<\/li>\n<li>Action rapide<\/li>\n<li>Senteur citron<\/li>\n<\/ul>\n","protected":false},"featured_media":10955,"comment_status":"closed","ping_status":"closed","template":"","meta":{"_acf_changed":false,"inline_featured_image":false},"product_brand":[],"product_cat":[386],"product_tag":[],"class_list":{"0":"post-975","1":"product","2":"type-product","3":"status-publish","4":"has-post-thumbnail","6":"product_cat-lave-glaces","8":"first","9":"instock","10":"shipping-taxable","11":"purchasable","12":"product-type-simple"},"acf":[],"yoast_head":"<!-- This site is optimized with the Yoast SEO plugin v27.4 - https:\/\/yoast.com\/product\/yoast-seo-wordpress\/ -->\n<title>Holts Lave-Glace \u00e9t\u00e9 | Produits | Holts FR<\/title>\n<meta name=\"description\" content=\"L\u2019importance d\u2019utiliser un liquide lave-glace efficace peut \u00eatre vitale pour la s\u00e9curit\u00e9 du conducteur, notre liquide lave-glace d\u2019\u00e9t\u00e9 peut vous aider.\" \/>\n<meta name=\"robots\" content=\"index, follow, max-snippet:-1, max-image-preview:large, max-video-preview:-1\" \/>\n<link rel=\"canonical\" href=\"https:\/\/www.holtsauto.com\/fr\/produits\/produits-de-fonctionnement\/lave-glace-ete\/\" \/>\n<meta property=\"og:locale\" content=\"fr_FR\" \/>\n<meta property=\"og:type\" content=\"article\" \/>\n<meta property=\"og:title\" content=\"Holts Lave-Glace \u00e9t\u00e9 | Produits | Holts FR\" \/>\n<meta property=\"og:description\" content=\"L\u2019importance d\u2019utiliser un liquide lave-glace efficace peut \u00eatre vitale pour la s\u00e9curit\u00e9 du conducteur, notre liquide lave-glace d\u2019\u00e9t\u00e9 peut vous aider.\" \/>\n<meta property=\"og:url\" content=\"https:\/\/www.holtsauto.com\/fr\/produits\/produits-de-fonctionnement\/lave-glace-ete\/\" \/>\n<meta property=\"og:site_name\" content=\"Holts Auto Site\" \/>\n<meta property=\"article:modified_time\" content=\"2025-07-22T12:05:23+00:00\" \/>\n<meta property=\"og:image\" content=\"https:\/\/www.holtsauto.com\/wp-content\/uploads\/2016\/06\/lave-glace-ete.png\" \/>\n\t<meta property=\"og:image:width\" content=\"2000\" \/>\n\t<meta property=\"og:image:height\" content=\"2000\" \/>\n\t<meta property=\"og:image:type\" content=\"image\/png\" \/>\n<meta name=\"twitter:card\" content=\"summary_large_image\" \/>\n<meta name=\"twitter:label1\" content=\"Dur\u00e9e de lecture estim\u00e9e\" \/>\n\t<meta name=\"twitter:data1\" content=\"1 minute\" \/>\n<script type=\"application\/ld+json\" class=\"yoast-schema-graph\">{\"@context\":\"https:\\\/\\\/schema.org\",\"@graph\":[{\"@type\":\"WebPage\",\"@id\":\"https:\\\/\\\/www.holtsauto.com\\\/fr\\\/produits\\\/produits-de-fonctionnement\\\/lave-glace-ete\\\/\",\"url\":\"https:\\\/\\\/www.holtsauto.com\\\/fr\\\/produits\\\/produits-de-fonctionnement\\\/lave-glace-ete\\\/\",\"name\":\"Holts Lave-Glace \u00e9t\u00e9 | Produits | Holts FR\",\"isPartOf\":{\"@id\":\"https:\\\/\\\/www.holtsauto.com\\\/fr\\\/#website\"},\"primaryImageOfPage\":{\"@id\":\"https:\\\/\\\/www.holtsauto.com\\\/fr\\\/produits\\\/produits-de-fonctionnement\\\/lave-glace-ete\\\/#primaryimage\"},\"image\":{\"@id\":\"https:\\\/\\\/www.holtsauto.com\\\/fr\\\/produits\\\/produits-de-fonctionnement\\\/lave-glace-ete\\\/#primaryimage\"},\"thumbnailUrl\":\"https:\\\/\\\/www.holtsauto.com\\\/wp-content\\\/uploads\\\/2016\\\/06\\\/lave-glace-ete.png\",\"datePublished\":\"2016-06-20T09:10:18+00:00\",\"dateModified\":\"2025-07-22T12:05:23+00:00\",\"description\":\"L\u2019importance d\u2019utiliser un liquide lave-glace efficace peut \u00eatre vitale pour la s\u00e9curit\u00e9 du conducteur, notre liquide lave-glace d\u2019\u00e9t\u00e9 peut vous aider.\",\"breadcrumb\":{\"@id\":\"https:\\\/\\\/www.holtsauto.com\\\/fr\\\/produits\\\/produits-de-fonctionnement\\\/lave-glace-ete\\\/#breadcrumb\"},\"inLanguage\":\"fr-FR\",\"potentialAction\":[{\"@type\":\"ReadAction\",\"target\":[\"https:\\\/\\\/www.holtsauto.com\\\/fr\\\/produits\\\/produits-de-fonctionnement\\\/lave-glace-ete\\\/\"]}]},{\"@type\":\"ImageObject\",\"inLanguage\":\"fr-FR\",\"@id\":\"https:\\\/\\\/www.holtsauto.com\\\/fr\\\/produits\\\/produits-de-fonctionnement\\\/lave-glace-ete\\\/#primaryimage\",\"url\":\"https:\\\/\\\/www.holtsauto.com\\\/wp-content\\\/uploads\\\/2016\\\/06\\\/lave-glace-ete.png\",\"contentUrl\":\"https:\\\/\\\/www.holtsauto.com\\\/wp-content\\\/uploads\\\/2016\\\/06\\\/lave-glace-ete.png\",\"width\":2000,\"height\":2000,\"caption\":\"lave glace ete holts main\"},{\"@type\":\"BreadcrumbList\",\"@id\":\"https:\\\/\\\/www.holtsauto.com\\\/fr\\\/produits\\\/produits-de-fonctionnement\\\/lave-glace-ete\\\/#breadcrumb\",\"itemListElement\":[{\"@type\":\"ListItem\",\"position\":1,\"name\":\"Home\",\"item\":\"https:\\\/\\\/www.holtsauto.com\\\/fr\\\/\"},{\"@type\":\"ListItem\",\"position\":2,\"name\":\"Produits\",\"item\":\"https:\\\/\\\/www.holtsauto.com\\\/fr\\\/produits\\\/\"},{\"@type\":\"ListItem\",\"position\":3,\"name\":\"Lave Glace E\u0301te\u0301\"}]},{\"@type\":\"WebSite\",\"@id\":\"https:\\\/\\\/www.holtsauto.com\\\/fr\\\/#website\",\"url\":\"https:\\\/\\\/www.holtsauto.com\\\/fr\\\/\",\"name\":\"Holts Auto\",\"description\":\"\",\"potentialAction\":[{\"@type\":\"SearchAction\",\"target\":{\"@type\":\"EntryPoint\",\"urlTemplate\":\"https:\\\/\\\/www.holtsauto.com\\\/fr\\\/?s={search_term_string}\"},\"query-input\":{\"@type\":\"PropertyValueSpecification\",\"valueRequired\":true,\"valueName\":\"search_term_string\"}}],\"inLanguage\":\"fr-FR\"}]}<\/script>\n<!-- \/ Yoast SEO plugin. -->","yoast_head_json":{"title":"Holts Lave-Glace \u00e9t\u00e9 | Produits | Holts FR","description":"L\u2019importance d\u2019utiliser un liquide lave-glace efficace peut \u00eatre vitale pour la s\u00e9curit\u00e9 du conducteur, notre liquide lave-glace d\u2019\u00e9t\u00e9 peut vous aider.","robots":{"index":"index","follow":"follow","max-snippet":"max-snippet:-1","max-image-preview":"max-image-preview:large","max-video-preview":"max-video-preview:-1"},"canonical":"https:\/\/www.holtsauto.com\/fr\/produits\/produits-de-fonctionnement\/lave-glace-ete\/","og_locale":"fr_FR","og_type":"article","og_title":"Holts Lave-Glace \u00e9t\u00e9 | Produits | Holts FR","og_description":"L\u2019importance d\u2019utiliser un liquide lave-glace efficace peut \u00eatre vitale pour la s\u00e9curit\u00e9 du conducteur, notre liquide lave-glace d\u2019\u00e9t\u00e9 peut vous aider.","og_url":"https:\/\/www.holtsauto.com\/fr\/produits\/produits-de-fonctionnement\/lave-glace-ete\/","og_site_name":"Holts Auto Site","article_modified_time":"2025-07-22T12:05:23+00:00","og_image":[{"width":2000,"height":2000,"url":"https:\/\/www.holtsauto.com\/wp-content\/uploads\/2016\/06\/lave-glace-ete.png","type":"image\/png"}],"twitter_card":"summary_large_image","twitter_misc":{"Dur\u00e9e de lecture estim\u00e9e":"1 minute"},"schema":{"@context":"https:\/\/schema.org","@graph":[{"@type":"WebPage","@id":"https:\/\/www.holtsauto.com\/fr\/produits\/produits-de-fonctionnement\/lave-glace-ete\/","url":"https:\/\/www.holtsauto.com\/fr\/produits\/produits-de-fonctionnement\/lave-glace-ete\/","name":"Holts Lave-Glace \u00e9t\u00e9 | Produits | Holts FR","isPartOf":{"@id":"https:\/\/www.holtsauto.com\/fr\/#website"},"primaryImageOfPage":{"@id":"https:\/\/www.holtsauto.com\/fr\/produits\/produits-de-fonctionnement\/lave-glace-ete\/#primaryimage"},"image":{"@id":"https:\/\/www.holtsauto.com\/fr\/produits\/produits-de-fonctionnement\/lave-glace-ete\/#primaryimage"},"thumbnailUrl":"https:\/\/www.holtsauto.com\/wp-content\/uploads\/2016\/06\/lave-glace-ete.png","datePublished":"2016-06-20T09:10:18+00:00","dateModified":"2025-07-22T12:05:23+00:00","description":"L\u2019importance d\u2019utiliser un liquide lave-glace efficace peut \u00eatre vitale pour la s\u00e9curit\u00e9 du conducteur, notre liquide lave-glace d\u2019\u00e9t\u00e9 peut vous aider.","breadcrumb":{"@id":"https:\/\/www.holtsauto.com\/fr\/produits\/produits-de-fonctionnement\/lave-glace-ete\/#breadcrumb"},"inLanguage":"fr-FR","potentialAction":[{"@type":"ReadAction","target":["https:\/\/www.holtsauto.com\/fr\/produits\/produits-de-fonctionnement\/lave-glace-ete\/"]}]},{"@type":"ImageObject","inLanguage":"fr-FR","@id":"https:\/\/www.holtsauto.com\/fr\/produits\/produits-de-fonctionnement\/lave-glace-ete\/#primaryimage","url":"https:\/\/www.holtsauto.com\/wp-content\/uploads\/2016\/06\/lave-glace-ete.png","contentUrl":"https:\/\/www.holtsauto.com\/wp-content\/uploads\/2016\/06\/lave-glace-ete.png","width":2000,"height":2000,"caption":"lave glace ete holts main"},{"@type":"BreadcrumbList","@id":"https:\/\/www.holtsauto.com\/fr\/produits\/produits-de-fonctionnement\/lave-glace-ete\/#breadcrumb","itemListElement":[{"@type":"ListItem","position":1,"name":"Home","item":"https:\/\/www.holtsauto.com\/fr\/"},{"@type":"ListItem","position":2,"name":"Produits","item":"https:\/\/www.holtsauto.com\/fr\/produits\/"},{"@type":"ListItem","position":3,"name":"Lave Glace E\u0301te\u0301"}]},{"@type":"WebSite","@id":"https:\/\/www.holtsauto.com\/fr\/#website","url":"https:\/\/www.holtsauto.com\/fr\/","name":"Holts Auto","description":"","potentialAction":[{"@type":"SearchAction","target":{"@type":"EntryPoint","urlTemplate":"https:\/\/www.holtsauto.com\/fr\/?s={search_term_string}"},"query-input":{"@type":"PropertyValueSpecification","valueRequired":true,"valueName":"search_term_string"}}],"inLanguage":"fr-FR"}]}},"_links":{"self":[{"href":"https:\/\/www.holtsauto.com\/fr\/wp-json\/wp\/v2\/product\/975","targetHints":{"allow":["GET"]}}],"collection":[{"href":"https:\/\/www.holtsauto.com\/fr\/wp-json\/wp\/v2\/product"}],"about":[{"href":"https:\/\/www.holtsauto.com\/fr\/wp-json\/wp\/v2\/types\/product"}],"replies":[{"embeddable":true,"href":"https:\/\/www.holtsauto.com\/fr\/wp-json\/wp\/v2\/comments?post=975"}],"wp:featuredmedia":[{"embeddable":true,"href":"https:\/\/www.holtsauto.com\/fr\/wp-json\/wp\/v2\/media\/10955"}],"wp:attachment":[{"href":"https:\/\/www.holtsauto.com\/fr\/wp-json\/wp\/v2\/media?parent=975"}],"wp:term":[{"taxonomy":"product_brand","embeddable":true,"href":"https:\/\/www.holtsauto.com\/fr\/wp-json\/wp\/v2\/product_brand?post=975"},{"taxonomy":"product_cat","embeddable":true,"href":"https:\/\/www.holtsauto.com\/fr\/wp-json\/wp\/v2\/product_cat?post=975"},{"taxonomy":"product_tag","embeddable":true,"href":"https:\/\/www.holtsauto.com\/fr\/wp-json\/wp\/v2\/product_tag?post=975"}],"curies":[{"name":"wp","href":"https:\/\/api.w.org\/{rel}","templated":true}]}}